{"id":8388,"date":"2020-08-30T11:12:46","date_gmt":"2020-08-30T10:12:46","guid":{"rendered":"http:\/\/www.jungschar.biz\/w\/?page_id=8388"},"modified":"2020-08-30T12:39:21","modified_gmt":"2020-08-30T11:39:21","slug":"berge","status":"publish","type":"page","link":"http:\/\/www.jungschar.biz\/?page_id=8388","title":{"rendered":"> Berge"},"content":{"rendered":"<p>Material zu der Bibelarbeitsreihe \u00bbBerge\u00ab<\/p>\n<p><strong><span style=\"color: #ff0000;\">\u2022<\/span> <a href=\"http:\/\/www.jungschar.biz\/wp-content\/uploads\/AndachtBA\/HFZ 2023+2027\/A Bibeltextstellen Berge.pdf\" target=\"_blank\">Textstellen zum Thema \u00bbBerge\u00ab<\/a><br \/>\n<\/strong><\/p>\n<p><strong><span style=\"color: #ff0000;\">\u2022<\/span> <a href=\"http:\/\/www.jungschar.biz\/wp-content\/uploads\/AndachtBA\/HFZ 2023+2027\/C Bibelarbeiten Berge.pdf\" target=\"_blank\">Ausarbeitungen zu den Bibelarbeiten<\/a><\/strong><\/p>\n<p><strong><span style=\"color: #ff0000;\">\u2022<\/span> <a href=\"http:\/\/www.jungschar.biz\/wp-content\/uploads\/AndachtBA\/HFZ 2023+2027\/B Bibeltexte zu Berge (8).pdf\" target=\"_blank\">Bibeltexte zum Thema \u00bbBerge\u00ab<\/a><span style=\"color: #808080;\"> <\/span><\/strong><span style=\"color: #808080;\">in acht \u00dcbersetzungen<strong><br \/>\n<\/strong><span style=\"color: #ffffff;\">&#8230;&#8230;..<\/span>(Luther 2017, BasisBibel, Gute Nachricht Bibel, Hoffnung f\u00fcr alle,<br \/>\n<span style=\"color: #ffffff;\">&#8230;&#8230;..<\/span>Elberfelder, Menge-\u00dcbersetzung, Schlachter 2000, Neue evangelistische \u00dcbersetzung)<\/span><\/p>\n","protected":false},"excerpt":{"rendered":"<p>Material zu der Bibelarbeitsreihe \u00bbBerge\u00ab \u2022 Textstellen zum Thema \u00bbBerge\u00ab \u2022 Ausarbeitungen zu den Bibelarbeiten \u2022 Bibeltexte zum Thema \u00bbBerge\u00ab in acht \u00dcbersetzungen &#8230;&#8230;..(Luther 2017, BasisBibel, Gute Nachricht Bibel, Hoffnung f\u00fcr alle, &#8230;&#8230;..Elberfelder, Menge-\u00dcbersetzung, Schlachter 2000, Neue evangelistische \u00dcbersetzung)<\/p>\n","protected":false},"author":3,"featured_media":0,"parent":8372,"menu_order":3,"comment_status":"closed","ping_status":"closed","template":"","meta":{"ngg_post_thumbnail":0},"_links":{"self":[{"href":"http:\/\/www.jungschar.biz\/index.php?rest_route=\/wp\/v2\/pages\/8388"}],"collection":[{"href":"http:\/\/www.jungschar.biz\/index.php?rest_route=\/wp\/v2\/pages"}],"about":[{"href":"http:\/\/www.jungschar.biz\/index.php?rest_route=\/wp\/v2\/types\/page"}],"author":[{"embeddable":true,"href":"http:\/\/www.jungschar.biz\/index.php?rest_route=\/wp\/v2\/users\/3"}],"replies":[{"embeddable":true,"href":"http:\/\/www.jungschar.biz\/index.php?rest_route=%2Fwp%2Fv2%2Fcomments&post=8388"}],"version-history":[{"count":7,"href":"http:\/\/www.jungschar.biz\/index.php?rest_route=\/wp\/v2\/pages\/8388\/revisions"}],"predecessor-version":[{"id":8404,"href":"http:\/\/www.jungschar.biz\/index.php?rest_route=\/wp\/v2\/pages\/8388\/revisions\/8404"}],"up":[{"embeddable":true,"href":"http:\/\/www.jungschar.biz\/index.php?rest_route=\/wp\/v2\/pages\/8372"}],"wp:attachment":[{"href":"http:\/\/www.jungschar.biz\/index.php?rest_route=%2Fwp%2Fv2%2Fmedia&parent=8388"}],"curies":[{"name":"wp","href":"https:\/\/api.w.org\/{rel}","templated":true}]}}