{"id":8372,"date":"2020-08-30T10:59:42","date_gmt":"2020-08-30T09:59:42","guid":{"rendered":"http:\/\/www.jungschar.biz\/w\/?page_id=8372"},"modified":"2020-08-30T12:52:32","modified_gmt":"2020-08-30T11:52:32","slug":"%c2%bb-hauptlingsfreizeit","status":"publish","type":"page","link":"http:\/\/www.jungschar.biz\/?page_id=8372","title":{"rendered":"\u00bb H\u00e4uptlingsfreizeit"},"content":{"rendered":"<p>Bibelarbeitsreihen in der H\u00e4uptlingsfreizeit<\/p>\n<p style=\"text-align: left;\">F\u00fcr die Jungen-H\u00e4uptlingsfreizeiten in der Lindenm\u00fchle haben wir vier Bibelarbeitsreihen zu verschiedenen Themen zusammengestellt:<br \/>\n<strong><span style=\"color: #ffffff;\">&#8212;<\/span><span style=\"color: #3366ff;\">\u00bb<\/span> <a href=\"http:\/\/www.jungschar.biz\/?page_id=8378\" target=\"_blank\">Wasser<\/a><br \/>\n<span style=\"color: #ffffff;\">&#8212;<\/span><span style=\"color: #ff6600;\">\u00bb<\/span> <a href=\"http:\/\/www.jungschar.biz\/?page_id=8382\" target=\"_blank\">Feuer<\/a><br \/>\n<span style=\"color: #339966;\"><span style=\"color: #ffffff;\">&#8212;<\/span>\u00bb<\/span> <a href=\"http:\/\/www.jungschar.biz\/?page_id=8386\" target=\"_blank\">Tiere<\/a><br \/>\n<span style=\"color: #993300;\"><span style=\"color: #ffffff;\">&#8212;<\/span>\u00bb<\/span> <a href=\"http:\/\/www.jungschar.biz\/?page_id=8386\" target=\"_blank\">Berge<\/a><\/strong><\/p>\n<p style=\"text-align: left;\"><span style=\"color: #800080;\">Diese Themen k\u00f6nnen jederzeit erg\u00e4nzt und erweitert werden.<\/span><strong><br \/>\n<\/strong><\/p>\n","protected":false},"excerpt":{"rendered":"<p>Bibelarbeitsreihen in der H\u00e4uptlingsfreizeit F\u00fcr die Jungen-H\u00e4uptlingsfreizeiten in der Lindenm\u00fchle haben wir vier Bibelarbeitsreihen zu verschiedenen Themen zusammengestellt: &#8212;\u00bb Wasser &#8212;\u00bb Feuer &#8212;\u00bb Tiere &#8212;\u00bb Berge Diese Themen k\u00f6nnen jederzeit erg\u00e4nzt und erweitert werden.<\/p>\n","protected":false},"author":3,"featured_media":0,"parent":1963,"menu_order":2,"comment_status":"closed","ping_status":"closed","template":"","meta":{"ngg_post_thumbnail":0},"_links":{"self":[{"href":"http:\/\/www.jungschar.biz\/index.php?rest_route=\/wp\/v2\/pages\/8372"}],"collection":[{"href":"http:\/\/www.jungschar.biz\/index.php?rest_route=\/wp\/v2\/pages"}],"about":[{"href":"http:\/\/www.jungschar.biz\/index.php?rest_route=\/wp\/v2\/types\/page"}],"author":[{"embeddable":true,"href":"http:\/\/www.jungschar.biz\/index.php?rest_route=\/wp\/v2\/users\/3"}],"replies":[{"embeddable":true,"href":"http:\/\/www.jungschar.biz\/index.php?rest_route=%2Fwp%2Fv2%2Fcomments&post=8372"}],"version-history":[{"count":10,"href":"http:\/\/www.jungschar.biz\/index.php?rest_route=\/wp\/v2\/pages\/8372\/revisions"}],"predecessor-version":[{"id":8375,"href":"http:\/\/www.jungschar.biz\/index.php?rest_route=\/wp\/v2\/pages\/8372\/revisions\/8375"}],"up":[{"embeddable":true,"href":"http:\/\/www.jungschar.biz\/index.php?rest_route=\/wp\/v2\/pages\/1963"}],"wp:attachment":[{"href":"http:\/\/www.jungschar.biz\/index.php?rest_route=%2Fwp%2Fv2%2Fmedia&parent=8372"}],"curies":[{"name":"wp","href":"https:\/\/api.w.org\/{rel}","templated":true}]}}