{"id":8097,"date":"2020-02-15T12:07:42","date_gmt":"2020-02-15T11:07:42","guid":{"rendered":"http:\/\/www.jungschar.biz\/w\/?page_id=8097"},"modified":"2020-02-15T12:50:13","modified_gmt":"2020-02-15T11:50:13","slug":"%e2%80%a2-cvjm-jungschar-bundisch-neu","status":"publish","type":"page","link":"http:\/\/www.jungschar.biz\/?page_id=8097","title":{"rendered":"\u2022 CVJM-Jungschar b\u00fcndisch (neu)"},"content":{"rendered":"<p><strong><span style=\"color: #339966;\">Jungen<\/span> | <span style=\"color: #0000ff;\">M\u00e4dchen<\/span> | <span style=\"color: #993366;\">gemischt<\/span><\/strong><\/p>\n<p><strong> <\/strong><strong>\n<table id=\"wp-table-reloaded-id-38-no-1\" class=\"wp-table-reloaded wp-table-reloaded-id-38\">\n<thead>\n\t<tr class=\"row-1 odd\">\n\t\t<th class=\"column-1\"><\/th><th class=\"column-2\">von<\/th><th class=\"column-3\">bis<\/th><th class=\"column-4\">Aktion<\/th><th class=\"column-5\">Karte<\/th><th class=\"column-6\">Link<\/th><th class=\"column-7\">Down<\/th><th class=\"column-8\">Bild<\/th>\n\t<\/tr>\n<\/thead>\n<tbody class=\"row-hover\">\n\t<tr class=\"row-2 even\">\n\t\t<td class=\"column-1\"><\/td><td class=\"column-2\"><\/td><td class=\"column-3\"><\/td><td class=\"column-4\"><\/td><td class=\"column-5\"><\/td><td class=\"column-6\"><\/td><td class=\"column-7\"><\/td><td class=\"column-8\"><\/td>\n\t<\/tr>\n\t<tr class=\"row-3 odd\">\n\t\t<td class=\"column-1\"><\/td><td class=\"column-2\"><\/td><td class=\"column-3\"><\/td><td class=\"column-4\"><font color=#990000>************  Termine 2024 \/25 ************<\/td><td class=\"column-5\"><\/td><td class=\"column-6\"><\/td><td class=\"column-7\"><\/td><td class=\"column-8\"><\/td>\n\t<\/tr>\n\t<tr class=\"row-4 even\">\n\t\t<td class=\"column-1\"><\/td><td class=\"column-2\">12.10.2024<\/td><td class=\"column-3\">19.10.2024<\/td><td class=\"column-4\"><font color=#228800>H\u00e4uptlingsfreizeit Jungen Niederdieten<\/td><td class=\"column-5\"><\/td><td class=\"column-6\"><\/td><td class=\"column-7\"><\/td><td class=\"column-8\"><\/td>\n\t<\/tr>\n\t<tr class=\"row-5 odd\">\n\t\t<td class=\"column-1\"><\/td><td class=\"column-2\">10.05.2025<\/td><td class=\"column-3\"><\/td><td class=\"column-4\"><font color=#228800>53. Gau-Waldlaufmeisterschaft in Wilgersdorf<\/td><td class=\"column-5\"><\/td><td class=\"column-6\"><\/td><td class=\"column-7\"><\/td><td class=\"column-8\"><\/td>\n\t<\/tr>\n\t<tr class=\"row-6 even\">\n\t\t<td class=\"column-1\"><\/td><td class=\"column-2\">13.06.2025<\/td><td class=\"column-3\">15.06.2025<\/td><td class=\"column-4\"><font color=#228800>H\u00e4uptlingspr\u00fcfung Niederdieten<\/td><td class=\"column-5\"><\/td><td class=\"column-6\"><\/td><td class=\"column-7\"><\/td><td class=\"column-8\"><\/td>\n\t<\/tr>\n\t<tr class=\"row-7 odd\">\n\t\t<td class=\"column-1\"><\/td><td class=\"column-2\"><\/td><td class=\"column-3\"><\/td><td class=\"column-4\"><\/td><td class=\"column-5\"><\/td><td class=\"column-6\"><\/td><td class=\"column-7\"><\/td><td class=\"column-8\"><\/td>\n\t<\/tr>\n\t<tr class=\"row-8 even\">\n\t\t<td class=\"column-1\"><\/td><td class=\"column-2\"><\/td><td class=\"column-3\"><\/td><td class=\"column-4\"><\/td><td class=\"column-5\"><\/td><td class=\"column-6\"><\/td><td class=\"column-7\"><\/td><td class=\"column-8\"><\/td>\n\t<\/tr>\n\t<tr class=\"row-9 odd\">\n\t\t<td class=\"column-1\"><\/td><td class=\"column-2\"><\/td><td class=\"column-3\"><\/td><td class=\"column-4\"><font color=#990000>************  Termine von \u00bbGestern\u00ab  ************<\/td><td class=\"column-5\"><\/td><td class=\"column-6\"><\/td><td class=\"column-7\"><\/td><td class=\"column-8\"><\/td>\n\t<\/tr>\n\t<tr class=\"row-10 even\">\n\t\t<td class=\"column-1\"><\/td><td class=\"column-2\">04.05.2024<\/td><td class=\"column-3\"><\/td><td class=\"column-4\"><font color=#228800>52. Gau-Waldlaufmeisterschaft in Wilgersdorf<\/td><td class=\"column-5\"><\/td><td class=\"column-6\"><\/td><td class=\"column-7\"><\/td><td class=\"column-8\"><\/td>\n\t<\/tr>\n\t<tr class=\"row-11 odd\">\n\t\t<td class=\"column-1\"><\/td><td class=\"column-2\">06.05.2023<\/td><td class=\"column-3\"><\/td><td class=\"column-4\"><font color=#228800>51. Gau-Waldlaufmeisterschaft in Wilgersdorf<\/td><td class=\"column-5\"><\/td><td class=\"column-6\"><\/td><td class=\"column-7\"><\/td><td class=\"column-8\"><a class=\"lipic\" href=\"http:\/\/www.jungschar.biz\/?page_id=25&amp;album=12&amp;gallery=325\"target=\"_blank\">\u2022 <\/a><\/td>\n\t<\/tr>\n\t<tr class=\"row-12 even\">\n\t\t<td class=\"column-1\"><\/td><td class=\"column-2\">16.04.2022<\/td><td class=\"column-3\">23.04.2022<\/td><td class=\"column-4\"><font color=#228800>H\u00e4uptlingsfreizeit Jungen Niederdieten<\/td><td class=\"column-5\"><\/td><td class=\"column-6\"><\/td><td class=\"column-7\"><\/td><td class=\"column-8\"><\/td>\n\t<\/tr>\n\t<tr class=\"row-13 odd\">\n\t\t<td class=\"column-1\"><\/td><td class=\"column-2\">07.05.2022<\/td><td class=\"column-3\"><\/td><td class=\"column-4\"><font color=#990099>50. Gau-Waldlaufmeisterschaft in Wilgersdorf <\/td><td class=\"column-5\"><\/td><td class=\"column-6\"><\/td><td class=\"column-7\"><\/td><td class=\"column-8\"><\/td>\n\t<\/tr>\n\t<tr class=\"row-14 even\">\n\t\t<td class=\"column-1\"><\/td><td class=\"column-2\">10.06.2022<\/td><td class=\"column-3\">12.06.2022<\/td><td class=\"column-4\"><font color=#990099>H\u00e4uptlingspr\u00fcfung in der Lindenm\u00fchle (G\u00fcnter Reinschmidt)<\/td><td class=\"column-5\"><\/td><td class=\"column-6\"><\/td><td class=\"column-7\"><\/td><td class=\"column-8\"><\/td>\n\t<\/tr>\n\t<tr class=\"row-15 odd\">\n\t\t<td class=\"column-1\"><\/td><td class=\"column-2\">16.10.2021<\/td><td class=\"column-3\">23.10.2021<\/td><td class=\"column-4\"><font color=#228800>H\u00e4uptlingsfreizeit Jungen Niederdieten<\/td><td class=\"column-5\"><\/td><td class=\"column-6\"><\/td><td class=\"column-7\"><\/td><td class=\"column-8\"><a class=\"lipic\" href=\"http:\/\/www.jungschar.biz\/?page_id=21&amp;album=2&amp;gallery=317\"target=\"_blank\">\u2022 <\/a><\/td>\n\t<\/tr>\n\t<tr class=\"row-16 even\">\n\t\t<td class=\"column-1\"><\/td><td class=\"column-2\">02.10.2021<\/td><td class=\"column-3\"><\/td><td class=\"column-4\"><font color=#990099>49. Gau-Waldlaufmeisterschaft in Wilgersdorf <\/td><td class=\"column-5\"><\/td><td class=\"column-6\"><\/td><td class=\"column-7\"><\/td><td class=\"column-8\"><a class=\"lipic\" href=\"http:\/\/www.jungschar.biz\/?page_id=25&amp;album=12&amp;gallery=316\"target=\"_blank\">\u2022 <\/a><\/td>\n\t<\/tr>\n\t<tr class=\"row-17 odd\">\n\t\t<td class=\"column-1\"><\/td><td class=\"column-2\">18.07.2021<\/td><td class=\"column-3\">31.07.2021<\/td><td class=\"column-4\"><font color=#228800>Ritterlager Jungen Dalherda (Christian Reifert)<\/td><td class=\"column-5\"><\/td><td class=\"column-6\"><\/td><td class=\"column-7\"><\/td><td class=\"column-8\"><a class=\"lipic\" href=\"http:\/\/www.jungschar.biz\/?page_id=23&amp;album=43\"target=\"_blank\">\u2022 <\/a><\/td>\n\t<\/tr>\n\t<tr class=\"row-18 even\">\n\t\t<td class=\"column-1\"><\/td><td class=\"column-2\">17.10.2020<\/td><td class=\"column-3\">24.10.2020<\/td><td class=\"column-4\"><font color=#228800>H\u00e4uptlingsfreizeit Jungen Lindenm\u00fchle<\/td><td class=\"column-5\"><\/td><td class=\"column-6\"><\/td><td class=\"column-7\"><\/td><td class=\"column-8\"><a class=\"lipic\" href=\"http:\/\/www.jungschar.biz\/?page_id=21&amp;album=2&amp;gallery=299\"target=\"_blank\">\u2022 <\/a><\/td>\n\t<\/tr>\n\t<tr class=\"row-19 odd\">\n\t\t<td class=\"column-1\"><\/td><td class=\"column-2\">10.10.2020<\/td><td class=\"column-3\">17.10.2020<\/td><td class=\"column-4\"><font color=#0000bb>H\u00e4uptlingsfreizeit M\u00e4dchen Lindenm\u00fchle (Deborah Kaufmann)<\/td><td class=\"column-5\"><\/td><td class=\"column-6\"><\/td><td class=\"column-7\"><\/td><td class=\"column-8\"><\/td>\n\t<\/tr>\n\t<tr class=\"row-20 even\">\n\t\t<td class=\"column-1\"><\/td><td class=\"column-2\">19.07.2020<\/td><td class=\"column-3\">01.08.2020<\/td><td class=\"column-4\"><font color=#0000bb>Ritterlager M\u00e4dchen bei Burtscheid (Saskia Braun)<\/td><td class=\"column-5\"><\/td><td class=\"column-6\"><\/td><td class=\"column-7\"><\/td><td class=\"column-8\"><\/td>\n\t<\/tr>\n\t<tr class=\"row-21 odd\">\n\t\t<td class=\"column-1\"><\/td><td class=\"column-2\">05.07.2020<\/td><td class=\"column-3\">19.07.2020<\/td><td class=\"column-4\"><font color=#228800>Ritterlager Jungen bei Hof\/Ww. (Torben Rogge)<\/td><td class=\"column-5\"><\/td><td class=\"column-6\"><\/td><td class=\"column-7\"><\/td><td class=\"column-8\"><\/td>\n\t<\/tr>\n\t<tr class=\"row-22 even\">\n\t\t<td class=\"column-1\"><\/td><td class=\"column-2\">05.07.2020<\/td><td class=\"column-3\">19.07.2020<\/td><td class=\"column-4\"><font color=#228800>Ritterlager Jungen bei Friedrichroda (Christian Reifert)<\/td><td class=\"column-5\"><\/td><td class=\"column-6\"><\/td><td class=\"column-7\"><\/td><td class=\"column-8\"><a class=\"lipic\" href=\"http:\/\/www.jungschar.biz\/?page_id=23&amp;album=42\"target=\"_blank\">\u2022 <\/a><\/td>\n\t<\/tr>\n\t<tr class=\"row-23 odd\">\n\t\t<td class=\"column-1\"><\/td><td class=\"column-2\">25.04.2020<\/td><td class=\"column-3\">25.04.2020<\/td><td class=\"column-4\"><font color=#990099>48. Gau-Waldlaufmeisterschaft in Wilgersdorf <\/td><td class=\"column-5\"><\/td><td class=\"column-6\"><\/td><td class=\"column-7\"><\/td><td class=\"column-8\"><a class=\"lipic\" href=\"http:\/\/www.jungschar.biz\/?page_id=25&amp;album=12&amp;gallery=298\"target=\"_blank\">\u2022 <\/a><\/td>\n\t<\/tr>\n\t<tr class=\"row-24 even\">\n\t\t<td class=\"column-1\"><\/td><td class=\"column-2\">04.04.2020<\/td><td class=\"column-3\">11.04.2020<\/td><td class=\"column-4\"><font color=#990099>H\u00e4uptlingsfreizeiten H\u00e4ger (K. + B. Volmer)<\/td><td class=\"column-5\"><\/td><td class=\"column-6\"><\/td><td class=\"column-7\"><\/td><td class=\"column-8\"><\/td>\n\t<\/tr>\n\t<tr class=\"row-25 odd\">\n\t\t<td class=\"column-1\"><\/td><td class=\"column-2\">29.12.2019<\/td><td class=\"column-3\">05.01.2020<\/td><td class=\"column-4\"><font color=#228800>H\u00e4uptlingsfreizeit Jungen Lindenm\u00fchle<\/td><td class=\"column-5\"><\/td><td class=\"column-6\"><a class=\"liexternal\" href=\"http:\/\/lindenmuehle.cvjm-rhein-lahn.de\/\"target=\"_blank\">\u2022 <\/a><\/td><td class=\"column-7\"><\/td><td class=\"column-8\"><a class=\"lipic\" href=\"http:\/\/www.jungschar.biz\/?page_id=21&amp;album=2&amp;gallery=294\"target=\"_blank\">\u2022 <\/a><\/td>\n\t<\/tr>\n\t<tr class=\"row-26 even\">\n\t\t<td class=\"column-1\"><\/td><td class=\"column-2\"><\/td><td class=\"column-3\"><\/td><td class=\"column-4\"><\/td><td class=\"column-5\"><\/td><td class=\"column-6\"><\/td><td class=\"column-7\"><\/td><td class=\"column-8\"><\/td>\n\t<\/tr>\n\t<tr class=\"row-27 odd\">\n\t\t<td class=\"column-1\"><\/td><td class=\"column-2\"><\/td><td class=\"column-3\"><\/td><td class=\"column-4\"><\/td><td class=\"column-5\"><\/td><td class=\"column-6\"><\/td><td class=\"column-7\"><\/td><td class=\"column-8\"><\/td>\n\t<\/tr>\n\t<tr class=\"row-28 even\">\n\t\t<td class=\"column-1\"><\/td><td class=\"column-2\"><\/td><td class=\"column-3\"><\/td><td class=\"column-4\"><\/td><td class=\"column-5\"><\/td><td class=\"column-6\"><\/td><td class=\"column-7\"><\/td><td class=\"column-8\"><\/td>\n\t<\/tr>\n<\/tbody>\n<\/table>\n<\/strong><\/p>\n<h5><strong>\u2039 <\/strong><a href=\"http:\/\/www.jungschar.biz\/?page_id=126\">nach oben<\/a><\/h5>\n<h5><strong>\u2039 <\/strong><a href=\"http:\/\/www.jungschar.biz\/?page_id=7\">zur\u00fcck zu <strong>Termine<\/strong><\/a><\/h5>\n<h5><strong>\u2039 <\/strong><a href=\"http:\/\/www.jungschar.biz\">zur\u00fcck zur <strong>Startseite<\/strong><\/a><\/h5>\n","protected":false},"excerpt":{"rendered":"<p>Jungen | M\u00e4dchen | gemischt \u2039 nach oben \u2039 zur\u00fcck zu Termine \u2039 zur\u00fcck zur Startseite<\/p>\n","protected":false},"author":3,"featured_media":0,"parent":7,"menu_order":0,"comment_status":"closed","ping_status":"closed","template":"","meta":{"ngg_post_thumbnail":0},"_links":{"self":[{"href":"http:\/\/www.jungschar.biz\/index.php?rest_route=\/wp\/v2\/pages\/8097"}],"collection":[{"href":"http:\/\/www.jungschar.biz\/index.php?rest_route=\/wp\/v2\/pages"}],"about":[{"href":"http:\/\/www.jungschar.biz\/index.php?rest_route=\/wp\/v2\/types\/page"}],"author":[{"embeddable":true,"href":"http:\/\/www.jungschar.biz\/index.php?rest_route=\/wp\/v2\/users\/3"}],"replies":[{"embeddable":true,"href":"http:\/\/www.jungschar.biz\/index.php?rest_route=%2Fwp%2Fv2%2Fcomments&post=8097"}],"version-history":[{"count":4,"href":"http:\/\/www.jungschar.biz\/index.php?rest_route=\/wp\/v2\/pages\/8097\/revisions"}],"predecessor-version":[{"id":8101,"href":"http:\/\/www.jungschar.biz\/index.php?rest_route=\/wp\/v2\/pages\/8097\/revisions\/8101"}],"up":[{"embeddable":true,"href":"http:\/\/www.jungschar.biz\/index.php?rest_route=\/wp\/v2\/pages\/7"}],"wp:attachment":[{"href":"http:\/\/www.jungschar.biz\/index.php?rest_route=%2Fwp%2Fv2%2Fmedia&parent=8097"}],"curies":[{"name":"wp","href":"https:\/\/api.w.org\/{rel}","templated":true}]}}