{"id":7993,"date":"2020-01-21T18:32:19","date_gmt":"2020-01-21T17:32:19","guid":{"rendered":"http:\/\/www.jungschar.biz\/w\/?page_id=7993"},"modified":"2023-11-04T18:22:30","modified_gmt":"2023-11-04T17:22:30","slug":"ritterlager-2020","status":"publish","type":"page","link":"http:\/\/www.jungschar.biz\/?page_id=7993","title":{"rendered":"\u203a Ritterlager 2020 (2026)"},"content":{"rendered":"<p><strong><span style=\"text-decoration: underline;\">Bibelarbeitsmaterial f\u00fcr Ritterlager 2020<\/span> <\/strong>(2026)<strong><br \/>\n<\/strong><\/p>\n<p><strong>\u2022 <\/strong><a href=\"http:\/\/www.jungschar.biz\/wp-content\/uploads\/JSBuendisch\/AndachtBA\/Lager 2020\/Bibelquiz Petrus.pdf\" target=\"_blank\" rel=\"noopener\" data-wplink-url-error=\"true\"><strong>Quizk\u00e4rtchen<\/strong><\/a><strong> zu Petrus<\/strong><\/p>\n<p><strong>\u2022 <a href=\"http:\/\/www.jungschar.biz\/wp-content\/uploads\/JSBuendisch\/AndachtBA\/Lager 2020\/Liedkaertchen OLA 2020.pdf\" target=\"_blank\" rel=\"noopener\" data-wplink-url-error=\"true\">K\u00e4rtchen mit Lagerlied und -losung 2020<\/a><\/strong><\/p>\n<p><strong><span style=\"color: #ff0000;\">\u2022<\/span> <a href=\"http:\/\/www.jungschar.biz\/wp-content\/uploads\/JSBuendisch\/AndachtBA\/Lager 2020\/Bibelarbeiten Petrus.pdf\" target=\"_blank\" rel=\"noopener\" data-wplink-url-error=\"true\">Bibelarbeiten Petrus<\/a><\/strong><\/p>\n<p><strong><span style=\"color: #ff0000;\">\u2022 <\/span><span style=\"color: #008000;\">Biblische Geschichten aus dem gro\u00dfen Erz\u00e4hlbuch<\/span><br \/>\n<\/strong><span style=\"color: #ffffff;\">&#8212;-<\/span><strong><a href=\"http:\/\/www.jungschar.biz\/wp-content\/uploads\/JSBuendisch\/AndachtBA\/Lager 2020\/Petrus - Erzaehlbibel A4.pdf\" target=\"_blank\" rel=\"noopener\" data-wplink-url-error=\"true\">DIN A 4<\/a><br \/>\n<\/strong><span style=\"color: #ffffff;\">&#8212;-<\/span><a href=\"http:\/\/www.jungschar.biz\/wp-content\/uploads\/JSBuendisch\/AndachtBA\/Lager 2020\/Petrus - Erzaehlbibel v.pdf\" target=\"_blank\" rel=\"noopener\" data-wplink-url-error=\"true\"><strong>DIN A 5<\/strong><\/a><span style=\"color: #888888;\"> &#8211; Vorderseiten<\/span><strong><br \/>\n<\/strong><span style=\"color: #ffffff;\">&#8212;-<\/span><a href=\"http:\/\/www.jungschar.biz\/wp-content\/uploads\/JSBuendisch\/AndachtBA\/Lager 2020\/Petrus - Erzaehlbibel r.pdf\" target=\"_blank\" rel=\"noopener\" data-wplink-url-error=\"true\"><strong>DIN A 5<\/strong><\/a><span style=\"color: #888888;\"> &#8211; R\u00fcckseiten<\/span><\/p>\n<p><strong><span style=\"color: #ff0000;\">\u2022<\/span> <span style=\"color: #008000;\">Biblische Geschichten f\u00fcr Kinder<\/span><\/strong><strong><br \/>\n<\/strong><span style=\"color: #ffffff;\">&#8211;<\/span><span style=\"color: #ffffff;\">&#8212;<\/span><strong><a href=\"http:\/\/www.jungschar.biz\/wp-content\/uploads\/JSBuendisch\/AndachtBA\/Lager 2020\/BGfK (Petrus) A4.pdf\" target=\"_blank\" rel=\"noopener\" data-wplink-url-error=\"true\">DIN A 4<\/a><br \/>\n<\/strong><span style=\"color: #ffffff;\">&#8212;-<\/span><a href=\"http:\/\/www.jungschar.biz\/wp-content\/uploads\/JSBuendisch\/AndachtBA\/Lager 2020\/BGfK (Petrus) v.pdf\" target=\"_blank\" rel=\"noopener\" data-wplink-url-error=\"true\"><strong>DIN A 5 <\/strong><\/a><span style=\"color: #888888;\">&#8211; Vorderseiten<\/span><strong><br \/>\n<\/strong><span style=\"color: #ffffff;\">&#8212;-<\/span><a href=\"http:\/\/www.jungschar.biz\/wp-content\/uploads\/JSBuendisch\/AndachtBA\/Lager 2020\/BGfK (Petrus) r.pdf\" target=\"_blank\" rel=\"noopener\" data-wplink-url-error=\"true\"><strong>DIN A 5 <\/strong><\/a><span style=\"color: #888888;\">&#8211; R\u00fcckseiten<\/span><\/p>\n<p><strong><span style=\"color: #ff0000;\">\u2022<\/span> <span style=\"color: #008000;\">Kommentare<\/span><\/strong><strong><br \/>\n<\/strong><span style=\"color: #ffffff;\">&#8212;-<\/span><a href=\"http:\/\/www.jungschar.biz\/wp-content\/uploads\/JSBuendisch\/AndachtBA\/Lager 2020\/K Petrus CV A4.pdf\" target=\"_blank\" rel=\"noopener\" data-wplink-url-error=\"true\"><strong>CV-Kommentar <\/strong><\/a><span style=\"color: #888888;\">DIN A 4<\/span><strong><br \/>\n<\/strong><span style=\"color: #ffffff;\">&#8212;-<\/span><a href=\"http:\/\/www.jungschar.biz\/wp-content\/uploads\/JSBuendisch\/AndachtBA\/Lager 2020\/K Petrus CV v.pdf\" target=\"_blank\" rel=\"noopener\" data-wplink-url-error=\"true\"><strong>CV-Kommentar <\/strong><\/a><span style=\"color: #888888;\">DIN A 5 &#8211; Vorderseiten<\/span><strong><br \/>\n<\/strong><span style=\"color: #ffffff;\">&#8212;-<\/span><a href=\"http:\/\/www.jungschar.biz\/wp-content\/uploads\/JSBuendisch\/AndachtBA\/Lager 2020\/K Petrus CV r.pdf\" target=\"_blank\" rel=\"noopener\" data-wplink-url-error=\"true\"><strong>CV-Kommentar <\/strong><\/a><span style=\"color: #888888;\">DIN A 5 &#8211; R\u00fcckseiten<\/span><strong><a href=\"http:\/\/www.jungschar.biz\/wp-content\/uploads\/AndachtBA\/Lager2022\/K Lukas CV r.pdf\" target=\"_blank\" rel=\"noopener\"><br \/>\n<\/a><\/strong><span style=\"color: #ffffff;\">&#8212;-<\/span>&#8212;&#8212;&#8212;&#8212;&#8212;<strong><br \/>\n<\/strong><span style=\"color: #ffffff;\">&#8212;-<\/span><a href=\"http:\/\/www.jungschar.biz\/wp-content\/uploads\/JSBuendisch\/AndachtBA\/Lager 2020\/K Petrus W MacDonald A4.pdf\" target=\"_blank\" rel=\"noopener\" data-wplink-url-error=\"true\"><strong>W. MacDonald <\/strong><\/a><span style=\"color: #888888;\">DIN A 4<\/span><strong><br \/>\n<\/strong><span style=\"color: #ffffff;\">&#8212;-<\/span><a href=\"http:\/\/www.jungschar.biz\/wp-content\/uploads\/JSBuendisch\/AndachtBA\/Lager 2020\/K Petrus W MacDonald v.pdf\" target=\"_blank\" rel=\"noopener\" data-wplink-url-error=\"true\"><strong>W. MacDonald <\/strong><\/a><span style=\"color: #888888;\">DIN A 5 &#8211; Vorderseiten<\/span><strong><br \/>\n<\/strong><span style=\"color: #ffffff;\">&#8212;-<\/span><strong><a href=\"http:\/\/www.jungschar.biz\/wp-content\/uploads\/JSBuendisch\/AndachtBA\/Lager 2020\/K Petrus W MacDonald r.pdf\" target=\"_blank\" rel=\"noopener\" data-wplink-url-error=\"true\">W. MacDonald <\/a><\/strong><span style=\"color: #888888;\">DIN A 5 &#8211; R\u00fcckseiten<\/span><strong><br \/>\n<\/strong><\/p>\n<p><strong>\u2022 <a href=\"http:\/\/www.jungschar.biz\/wp-content\/uploads\/JSBuendisch\/AndachtBA\/Lager 2020\/Bibeltexte Petrus.pdf\" target=\"_blank\" rel=\"noopener\" data-wplink-url-error=\"true\">Bibeltexte zu Petrus <\/a><\/strong><span style=\"color: #808080;\">in acht \u00dcbersetzungen:<\/span><strong><br \/>\n<\/strong><span style=\"color: #808080;\"><span style=\"color: #ffffff;\">.&nbsp;&nbsp;&nbsp;&nbsp; ..<\/span>(Luther 2017, Basis Bibel, Gute Nachricht Bibel, Hoffnung f\u00fcr alle,<br \/>\n<span style=\"color: #ffffff;\">.&nbsp; &nbsp;&nbsp; ..<\/span>Elberfelder, Menge-\u00dcbersetzung, Schlachter 2000, Neue Genfer \u00dcbersetzung)<\/span><strong><br \/>\n<\/strong><\/p>\n<p><strong>\u2022 <a href=\"http:\/\/www.jungschar.biz\/wp-content\/uploads\/JSBuendisch\/AndachtBA\/Lager 2020\/Lesezeichen zum Bibel lesen 2020.pdf\" target=\"_blank\" rel=\"noopener\" data-wplink-url-error=\"true\">Bibel-Lesezeichen<\/a><br \/>\n<\/strong><\/p>\n","protected":false},"excerpt":{"rendered":"<p>Bibelarbeitsmaterial f\u00fcr Ritterlager 2020 (2026) \u2022 Quizk\u00e4rtchen zu Petrus \u2022 K\u00e4rtchen mit Lagerlied und -losung 2020 \u2022 Bibelarbeiten Petrus \u2022 Biblische Geschichten aus dem gro\u00dfen Erz\u00e4hlbuch &#8212;-DIN A 4 &#8212;-DIN A 5 &#8211; Vorderseiten &#8212;-DIN A 5 &#8211; R\u00fcckseiten \u2022 Biblische Geschichten f\u00fcr Kinder &#8211;&#8212;DIN A 4 &#8212;-DIN A 5 &#8211; Vorderseiten &#8212;-DIN A 5 [&hellip;]<\/p>\n","protected":false},"author":3,"featured_media":0,"parent":1991,"menu_order":3,"comment_status":"closed","ping_status":"closed","template":"","meta":{"ngg_post_thumbnail":0},"_links":{"self":[{"href":"http:\/\/www.jungschar.biz\/index.php?rest_route=\/wp\/v2\/pages\/7993"}],"collection":[{"href":"http:\/\/www.jungschar.biz\/index.php?rest_route=\/wp\/v2\/pages"}],"about":[{"href":"http:\/\/www.jungschar.biz\/index.php?rest_route=\/wp\/v2\/types\/page"}],"author":[{"embeddable":true,"href":"http:\/\/www.jungschar.biz\/index.php?rest_route=\/wp\/v2\/users\/3"}],"replies":[{"embeddable":true,"href":"http:\/\/www.jungschar.biz\/index.php?rest_route=%2Fwp%2Fv2%2Fcomments&post=7993"}],"version-history":[{"count":54,"href":"http:\/\/www.jungschar.biz\/index.php?rest_route=\/wp\/v2\/pages\/7993\/revisions"}],"predecessor-version":[{"id":9677,"href":"http:\/\/www.jungschar.biz\/index.php?rest_route=\/wp\/v2\/pages\/7993\/revisions\/9677"}],"up":[{"embeddable":true,"href":"http:\/\/www.jungschar.biz\/index.php?rest_route=\/wp\/v2\/pages\/1991"}],"wp:attachment":[{"href":"http:\/\/www.jungschar.biz\/index.php?rest_route=%2Fwp%2Fv2%2Fmedia&parent=7993"}],"curies":[{"name":"wp","href":"https:\/\/api.w.org\/{rel}","templated":true}]}}