{"id":761,"date":"2010-02-16T15:39:20","date_gmt":"2010-02-16T14:39:20","guid":{"rendered":"http:\/\/www.jungschar.biz\/w\/?page_id=761"},"modified":"2010-11-04T12:22:00","modified_gmt":"2010-11-04T11:22:00","slug":"%c2%bb-z","status":"publish","type":"page","link":"http:\/\/www.jungschar.biz\/?page_id=761","title":{"rendered":"\u2022 Z"},"content":{"rendered":"<h5><strong><span style=\"color: #ff0000;\">\u2039<\/span><\/strong> <a href=\"http:\/\/www.jungschar.biz\/?page_id=453\">zur\u00fcck zum <strong>Lexikon<\/strong><\/a><\/h5>\n<h5><span style=\"color: #ffffff;\">\u2013<\/span><\/h5>\n<h2><span style=\"color: #ff0000;\">\u2022<\/span> <span style=\"color: #000080;\">Zehnkampf<\/span><\/h2>\n<p>Der Jungschar-Zehnkampf ist eine Zusammenfassung verschiedener Wettk\u00e4mpfe in der Jungschar :<br \/>\n<span style=\"color: #ff0000;\"><strong>\u203a<\/strong><\/span>\u00a0Gruppenwettkampf 4 mal<br \/>\n<span style=\"color: #ff0000;\"><strong>\u203a<\/strong><\/span>\u00a0Medaillenwettkampf 4 mal<br \/>\n<span style=\"color: #ff0000;\"><strong>\u203a<\/strong><\/span>\u00a0Fr\u00fchjahrswaldlauf (Orientierungslauf mit praktischen und theoretischen Aufgaben)<br \/>\n<strong><span style=\"color: #ff0000;\">\u203a<\/span><\/strong>\u00a0Aktion \u00bbBriefmarken f\u00fcr Bethel\u00ab<br \/>\nDie vier Gruppenwettk\u00e4mpfe z\u00e4hlen f\u00fcr die Zehnkampfwertung doppelt, alle anderen Wettk\u00e4mpfe z\u00e4hlen einfach.<br \/>\nDie Sieger erhalten jeweils ein goldenes Abzeichen f\u00fcrs Abzeichenb\u00e4ndchen.<\/p>\n<h2><span style=\"color: #ff0000;\">\u2022<\/span> <span style=\"color: #000080;\">Zehnkampftabelle<\/span><\/h2>\n<p>In die Zehnkampftabelle werden die Punkte f\u00fcr den \u00bbZehnkampf\u00ab mit verschiedenen Farben eingetragen.<br \/>\nDie Zehnkampftabelle h\u00e4ngt am\u00a0\u00bbJungscharbrett\u00ab.<\/p>\n<h5><span style=\"color: #c0c0c0;\">\u2013<\/span><\/h5>\n<h5><strong><span style=\"color: #ff0000;\">\u2039<\/span><\/strong> <a href=\"http:\/\/www.jungschar.biz\/?page_id=761\">nach oben<\/a><\/h5>\n<h5><strong><span style=\"color: #ff0000;\">\u2039<\/span><\/strong> <a href=\"http:\/\/www.jungschar.biz\/?page_id=453\">zur\u00fcck zum <strong>Lexikon<\/strong><\/a><\/h5>\n<h5><strong><span style=\"color: #ff0000;\">\u2039<\/span><\/strong> <a href=\"http:\/\/www.jungschar.biz\">zur\u00fcck zur <strong>Startseite<\/strong><\/a><\/h5>\n<h5><span style=\"color: #ffffff;\">\u2013<\/span><\/h5>\n","protected":false},"excerpt":{"rendered":"<p>\u2039 zur\u00fcck zum Lexikon \u2013 \u2022 Zehnkampf Der Jungschar-Zehnkampf ist eine Zusammenfassung verschiedener Wettk\u00e4mpfe in der Jungschar : \u203a\u00a0Gruppenwettkampf 4 mal \u203a\u00a0Medaillenwettkampf 4 mal \u203a\u00a0Fr\u00fchjahrswaldlauf (Orientierungslauf mit praktischen und theoretischen Aufgaben) \u203a\u00a0Aktion \u00bbBriefmarken f\u00fcr Bethel\u00ab Die vier Gruppenwettk\u00e4mpfe z\u00e4hlen f\u00fcr die Zehnkampfwertung doppelt, alle anderen Wettk\u00e4mpfe z\u00e4hlen einfach. Die Sieger erhalten jeweils ein goldenes Abzeichen [&hellip;]<\/p>\n","protected":false},"author":3,"featured_media":0,"parent":453,"menu_order":25,"comment_status":"closed","ping_status":"closed","template":"","meta":{"ngg_post_thumbnail":0},"_links":{"self":[{"href":"http:\/\/www.jungschar.biz\/index.php?rest_route=\/wp\/v2\/pages\/761"}],"collection":[{"href":"http:\/\/www.jungschar.biz\/index.php?rest_route=\/wp\/v2\/pages"}],"about":[{"href":"http:\/\/www.jungschar.biz\/index.php?rest_route=\/wp\/v2\/types\/page"}],"author":[{"embeddable":true,"href":"http:\/\/www.jungschar.biz\/index.php?rest_route=\/wp\/v2\/users\/3"}],"replies":[{"embeddable":true,"href":"http:\/\/www.jungschar.biz\/index.php?rest_route=%2Fwp%2Fv2%2Fcomments&post=761"}],"version-history":[{"count":9,"href":"http:\/\/www.jungschar.biz\/index.php?rest_route=\/wp\/v2\/pages\/761\/revisions"}],"predecessor-version":[{"id":1184,"href":"http:\/\/www.jungschar.biz\/index.php?rest_route=\/wp\/v2\/pages\/761\/revisions\/1184"}],"up":[{"embeddable":true,"href":"http:\/\/www.jungschar.biz\/index.php?rest_route=\/wp\/v2\/pages\/453"}],"wp:attachment":[{"href":"http:\/\/www.jungschar.biz\/index.php?rest_route=%2Fwp%2Fv2%2Fmedia&parent=761"}],"curies":[{"name":"wp","href":"https:\/\/api.w.org\/{rel}","templated":true}]}}