{"id":755,"date":"2010-02-16T15:38:09","date_gmt":"2010-02-16T14:38:09","guid":{"rendered":"http:\/\/www.jungschar.biz\/w\/?page_id=755"},"modified":"2021-07-21T21:07:59","modified_gmt":"2021-07-21T20:07:59","slug":"%c2%bb-w","status":"publish","type":"page","link":"http:\/\/www.jungschar.biz\/?page_id=755","title":{"rendered":"\u2022 W"},"content":{"rendered":"<h5><strong><span style=\"color: #ff0000;\">\u2039<\/span><\/strong> <a href=\"http:\/\/www.jungschar.biz\/?page_id=453\">zur\u00fcck zum <strong>Lexikon<\/strong><\/a><\/h5>\n<h5><span style=\"color: #ffffff;\">\u2013<\/span><\/h5>\n<h2><span style=\"color: #ff0000;\">\u2022 <span style=\"color: #000080;\">Waldl\u00e4uferzeichen<\/span><\/span><\/h2>\n<p style=\"text-align: left;\"><span style=\"color: #000000;\">Die Teilnehmer der Siegermannschaft einer Waldlaufmeisterschaft bekommen das Waldl\u00e4uferabzeichen f\u00fcr ihr Abzeichenb\u00e4ndchen.<\/span><\/p>\n<h2><span style=\"color: #ff0000;\">\u2022<\/span> <span style=\"color: #000080;\">Waldlauf (kleiner und gro\u00dfer)<\/span><\/h2>\n<p style=\"text-align: left;\"><span style=\"color: #000080;\"><span style=\"color: #000000;\">In unseren Ritterlagern geh\u00f6ren Waldl\u00e4ufe zum Standardprogramm.<br \/>\nDer kleine Waldlauf findet meist in den ersten Tagen an einem Nachmittag statt und der gro\u00dfe Waldlauf folgt im zweiten Lagerabschnitt und geht von Vormittags bis gegen Abend.<\/span><br \/>\n<\/span><\/p>\n<h2><span style=\"color: #ff0000;\">\u2022 <span style=\"color: #000080;\">Waldlaufmeisterschaft<\/span><\/span><\/h2>\n<p><span style=\"color: #ff0000;\"><span style=\"color: #000000;\">Eine traditionelle Waldlaufmeisterschaft setzt sich zusammen aus :<br \/>\n\u203a\u00a0Lauf nach Karte und Kompass mit<br \/>\n\u203a\u00a0praktischen Posten auf der Strecke und<br \/>\n\u203a\u00a0R\u00e4tselaufgaben f\u00fcr unterwegs<br \/>\n<\/span><\/span><\/p>\n<h2><span style=\"color: #ff0000;\">\u2022<\/span> <span style=\"color: #000080;\">Wettkampf<\/span><\/h2>\n<p>Wettk\u00e4mpfe sind in der Jungschar das Salz in der Suppe.<\/p>\n<p>Kinder lieben Wettk\u00e4mpfe und den Kr\u00e4ftevergleich in einem guten Rahmen.<\/p>\n<h5><span style=\"color: #c0c0c0;\">\u2013<\/span><\/h5>\n<h5><strong><span style=\"color: #ff0000;\">\u2039<\/span><\/strong> <a href=\"http:\/\/www.jungschar.biz\/?page_id=755\">nach oben<\/a><\/h5>\n<h5><strong><span style=\"color: #ff0000;\">\u2039<\/span><\/strong> <a href=\"http:\/\/www.jungschar.biz\/?page_id=453\">zur\u00fcck zum <strong>Lexikon<\/strong><\/a><\/h5>\n<h5><strong><span style=\"color: #ff0000;\">\u2039<\/span><\/strong> <a href=\"http:\/\/www.jungschar.biz\">zur\u00fcck zur <strong>Startseite<\/strong><\/a><\/h5>\n<h5><span style=\"color: #ffffff;\">\u2013<\/span><\/h5>\n","protected":false},"excerpt":{"rendered":"<p>\u2039 zur\u00fcck zum Lexikon \u2013 \u2022 Waldl\u00e4uferzeichen Die Teilnehmer der Siegermannschaft einer Waldlaufmeisterschaft bekommen das Waldl\u00e4uferabzeichen f\u00fcr ihr Abzeichenb\u00e4ndchen. \u2022 Waldlauf (kleiner und gro\u00dfer) In unseren Ritterlagern geh\u00f6ren Waldl\u00e4ufe zum Standardprogramm. Der kleine Waldlauf findet meist in den ersten Tagen an einem Nachmittag statt und der gro\u00dfe Waldlauf folgt im zweiten Lagerabschnitt und geht von [&hellip;]<\/p>\n","protected":false},"author":3,"featured_media":0,"parent":453,"menu_order":22,"comment_status":"closed","ping_status":"closed","template":"","meta":{"ngg_post_thumbnail":0},"_links":{"self":[{"href":"http:\/\/www.jungschar.biz\/index.php?rest_route=\/wp\/v2\/pages\/755"}],"collection":[{"href":"http:\/\/www.jungschar.biz\/index.php?rest_route=\/wp\/v2\/pages"}],"about":[{"href":"http:\/\/www.jungschar.biz\/index.php?rest_route=\/wp\/v2\/types\/page"}],"author":[{"embeddable":true,"href":"http:\/\/www.jungschar.biz\/index.php?rest_route=\/wp\/v2\/users\/3"}],"replies":[{"embeddable":true,"href":"http:\/\/www.jungschar.biz\/index.php?rest_route=%2Fwp%2Fv2%2Fcomments&post=755"}],"version-history":[{"count":10,"href":"http:\/\/www.jungschar.biz\/index.php?rest_route=\/wp\/v2\/pages\/755\/revisions"}],"predecessor-version":[{"id":1179,"href":"http:\/\/www.jungschar.biz\/index.php?rest_route=\/wp\/v2\/pages\/755\/revisions\/1179"}],"up":[{"embeddable":true,"href":"http:\/\/www.jungschar.biz\/index.php?rest_route=\/wp\/v2\/pages\/453"}],"wp:attachment":[{"href":"http:\/\/www.jungschar.biz\/index.php?rest_route=%2Fwp%2Fv2%2Fmedia&parent=755"}],"curies":[{"name":"wp","href":"https:\/\/api.w.org\/{rel}","templated":true}]}}