{"id":752,"date":"2010-02-16T15:37:39","date_gmt":"2010-02-16T14:37:39","guid":{"rendered":"http:\/\/www.jungschar.biz\/w\/?page_id=752"},"modified":"2010-11-04T12:19:21","modified_gmt":"2010-11-04T11:19:21","slug":"%c2%bb-v","status":"publish","type":"page","link":"http:\/\/www.jungschar.biz\/?page_id=752","title":{"rendered":"\u2022 V"},"content":{"rendered":"<h5><strong><span style=\"color: #ff0000;\">\u2039<\/span><\/strong> <a href=\"http:\/\/www.jungschar.biz\/?page_id=453\">zur\u00fcck zum <strong>Lexikon<\/strong><\/a><\/h5>\n<h5><span style=\"color: #ffffff;\">\u2013<\/span><\/h5>\n<h2><span style=\"color: #ff0000;\">\u2022<\/span> <span style=\"color: #000080;\">Vierklang<\/span><\/h2>\n<p>Siehe \u00bb<a href=\"http:\/\/www.jungschar.biz\/?page_id=509#Vierklang\">Jungschar-Vierklang<\/a>\u00ab<\/p>\n<h2><span style=\"color: #000080;\"><span style=\"color: #ff0000;\">\u2022<\/span> Vorbereitung<\/span><\/h2>\n<p style=\"text-align: left;\">Zur Vorbereitung, Protokollierung und Reflexion der Jungscharstunde verwenden wir das beigef\u00fcgte <a href=\"http:\/\/www.jungschar.biz\/wp-content\/uploads\/JSAllgemein\/Protokoll.zip\" target=\"_blank\">Protokoll<\/a>.<br \/>\nSo werden auch Kleinigkeiten nicht \u00fcbersehen und wir k\u00f6nnen immer wieder auf Programme vergangener Jungscharstunden zur\u00fcckgreifen.<br \/>\nZur Vorbereitung der Jungscharstunde geh\u00f6rt sowohl die kurzfristige (Monatsprogramm) und mittelfristige (Quartalsprogramm mit H\u00f6hepunkten) als auch die langfristige (Jahresplan mit Freizeiten und H\u00f6hepunkten) Planung.<br \/>\nEbenso geh\u00f6rt das regelm\u00e4\u00dfige Treffen der Jungscharmitarbeiter zur Vorbereitung der Jungscharstunden. Hier werden alle anstehenden Fragen in Bezug auf die Gruppe besprochen. Hier wird das Programm geplant und hier bringen die Mitarbeiter die Jungschar gemeinsam im Gebet vor Gott.<\/p>\n<h2><span style=\"color: #000080;\"><span style=\"color: #ff0000;\">\u2022<\/span> Vorprogramm<\/span><\/h2>\n<p style=\"text-align: left;\">Das Vorprogramm beginnt damit, da\u00df der <a href=\"http:\/\/www.jungschar.biz\/?page_id=509\" target=\"_blank\">Jungscharleiter<\/a> oder ein Mitarbeiter schon vorher den Gruppenraum aufschlie\u00dft und als Ansprechpartner zur Verf\u00fcgung steht. Das Vorprogramm sollte nicht das Jungscharprogramm vorwegnehmen. Ein Kicker oder eine Tischtennisplatte sind willkommene Spielger\u00e4te und werden von den eintreffenden Jungscharlern sofort in Beschlag genommen. Im Sommer kann drau\u00dfen ein Indiacafeld aufgebaut werden.<br \/>\nAndere Jungscharler k\u00f6nnen diese Zeit zu einem Gespr\u00e4ch nutzen. Der Jungscharleiter lernt seine Jungen hier noch besser kennen.<br \/>\nIn dieser Zeit kann auch der Jungscharladen (Liederb\u00fccher, Fahrtenhemden, T-Shirts, Indiaca, usw.) ge\u00f6ffnet werden.<\/p>\n<h5><span style=\"color: #c0c0c0;\">\u2013<\/span><\/h5>\n<h5><strong><span style=\"color: #ff0000;\">\u2039<\/span><\/strong> <a href=\"http:\/\/www.jungschar.biz\/?page_id=752\">nach oben<\/a><\/h5>\n<h5><strong><span style=\"color: #ff0000;\">\u2039<\/span><\/strong> <a href=\"http:\/\/www.jungschar.biz\/?page_id=453\">zur\u00fcck zum <strong>Lexikon<\/strong><\/a><\/h5>\n<h5><strong><span style=\"color: #ff0000;\">\u2039<\/span><\/strong> <a href=\"http:\/\/www.jungschar.biz\">zur\u00fcck zur <strong>Startseite<\/strong><\/a><\/h5>\n<h5><span style=\"color: #ffffff;\">\u2013<\/span><\/h5>\n","protected":false},"excerpt":{"rendered":"<p>\u2039 zur\u00fcck zum Lexikon \u2013 \u2022 Vierklang Siehe \u00bbJungschar-Vierklang\u00ab \u2022 Vorbereitung Zur Vorbereitung, Protokollierung und Reflexion der Jungscharstunde verwenden wir das beigef\u00fcgte Protokoll. So werden auch Kleinigkeiten nicht \u00fcbersehen und wir k\u00f6nnen immer wieder auf Programme vergangener Jungscharstunden zur\u00fcckgreifen. Zur Vorbereitung der Jungscharstunde geh\u00f6rt sowohl die kurzfristige (Monatsprogramm) und mittelfristige (Quartalsprogramm mit H\u00f6hepunkten) als auch [&hellip;]<\/p>\n","protected":false},"author":3,"featured_media":0,"parent":453,"menu_order":21,"comment_status":"closed","ping_status":"closed","template":"","meta":{"ngg_post_thumbnail":0},"_links":{"self":[{"href":"http:\/\/www.jungschar.biz\/index.php?rest_route=\/wp\/v2\/pages\/752"}],"collection":[{"href":"http:\/\/www.jungschar.biz\/index.php?rest_route=\/wp\/v2\/pages"}],"about":[{"href":"http:\/\/www.jungschar.biz\/index.php?rest_route=\/wp\/v2\/types\/page"}],"author":[{"embeddable":true,"href":"http:\/\/www.jungschar.biz\/index.php?rest_route=\/wp\/v2\/users\/3"}],"replies":[{"embeddable":true,"href":"http:\/\/www.jungschar.biz\/index.php?rest_route=%2Fwp%2Fv2%2Fcomments&post=752"}],"version-history":[{"count":22,"href":"http:\/\/www.jungschar.biz\/index.php?rest_route=\/wp\/v2\/pages\/752\/revisions"}],"predecessor-version":[{"id":1107,"href":"http:\/\/www.jungschar.biz\/index.php?rest_route=\/wp\/v2\/pages\/752\/revisions\/1107"}],"up":[{"embeddable":true,"href":"http:\/\/www.jungschar.biz\/index.php?rest_route=\/wp\/v2\/pages\/453"}],"wp:attachment":[{"href":"http:\/\/www.jungschar.biz\/index.php?rest_route=%2Fwp%2Fv2%2Fmedia&parent=752"}],"curies":[{"name":"wp","href":"https:\/\/api.w.org\/{rel}","templated":true}]}}