{"id":750,"date":"2010-02-16T15:37:13","date_gmt":"2010-02-16T14:37:13","guid":{"rendered":"http:\/\/www.jungschar.biz\/w\/?page_id=750"},"modified":"2010-11-04T12:18:42","modified_gmt":"2010-11-04T11:18:42","slug":"%c2%bb-u","status":"publish","type":"page","link":"http:\/\/www.jungschar.biz\/?page_id=750","title":{"rendered":"\u2022 U"},"content":{"rendered":"<h5><strong><span style=\"color: #ff0000;\">\u2039<\/span><\/strong> <a href=\"http:\/\/www.jungschar.biz\/?page_id=453\">zur\u00fcck zum <strong>Lexikon<\/strong><\/a><\/h5>\n<h5><span style=\"color: #ffffff;\">\u2013<\/span><\/h5>\n<h2><span style=\"color: #ff0000;\">\u2022<\/span> <span style=\"color: #000080;\">Urkunde<\/span><\/h2>\n<p>F\u00fcr verschiedene Wettk\u00e4mpfe gibt es in der Jungschar Urkunden.<br \/>\nUrkunden kann man zu Hause aufh\u00e4ngen und vorzeigen.<br \/>\nVon Urkunden, die wir bei \u00fcber\u00f6rtlichen Veranstaltungen errungen haben, erhalten die Teilnehmer Kopien.<\/p>\n<h5><span style=\"color: #c0c0c0;\">\u2013<\/span><\/h5>\n<h5><strong><span style=\"color: #ff0000;\">\u2039<\/span><\/strong> <a href=\"http:\/\/www.jungschar.biz\/?page_id=750\">nach oben<\/a><\/h5>\n<h5><strong><span style=\"color: #ff0000;\">\u2039<\/span><\/strong> <a href=\"http:\/\/www.jungschar.biz\/?page_id=453\">zur\u00fcck zum <strong>Lexikon<\/strong><\/a><\/h5>\n<h5><strong><span style=\"color: #ff0000;\">\u2039<\/span><\/strong> <a href=\"http:\/\/www.jungschar.biz\">zur\u00fcck zur <strong>Startseite<\/strong><\/a><\/h5>\n<h5><span style=\"color: #ffffff;\">\u2013<\/span><\/h5>\n","protected":false},"excerpt":{"rendered":"<p>\u2039 zur\u00fcck zum Lexikon \u2013 \u2022 Urkunde F\u00fcr verschiedene Wettk\u00e4mpfe gibt es in der Jungschar Urkunden. Urkunden kann man zu Hause aufh\u00e4ngen und vorzeigen. Von Urkunden, die wir bei \u00fcber\u00f6rtlichen Veranstaltungen errungen haben, erhalten die Teilnehmer Kopien. \u2013 \u2039 nach oben \u2039 zur\u00fcck zum Lexikon \u2039 zur\u00fcck zur Startseite \u2013<\/p>\n","protected":false},"author":3,"featured_media":0,"parent":453,"menu_order":20,"comment_status":"closed","ping_status":"closed","template":"","meta":{"ngg_post_thumbnail":0},"_links":{"self":[{"href":"http:\/\/www.jungschar.biz\/index.php?rest_route=\/wp\/v2\/pages\/750"}],"collection":[{"href":"http:\/\/www.jungschar.biz\/index.php?rest_route=\/wp\/v2\/pages"}],"about":[{"href":"http:\/\/www.jungschar.biz\/index.php?rest_route=\/wp\/v2\/types\/page"}],"author":[{"embeddable":true,"href":"http:\/\/www.jungschar.biz\/index.php?rest_route=\/wp\/v2\/users\/3"}],"replies":[{"embeddable":true,"href":"http:\/\/www.jungschar.biz\/index.php?rest_route=%2Fwp%2Fv2%2Fcomments&post=750"}],"version-history":[{"count":8,"href":"http:\/\/www.jungschar.biz\/index.php?rest_route=\/wp\/v2\/pages\/750\/revisions"}],"predecessor-version":[{"id":3693,"href":"http:\/\/www.jungschar.biz\/index.php?rest_route=\/wp\/v2\/pages\/750\/revisions\/3693"}],"up":[{"embeddable":true,"href":"http:\/\/www.jungschar.biz\/index.php?rest_route=\/wp\/v2\/pages\/453"}],"wp:attachment":[{"href":"http:\/\/www.jungschar.biz\/index.php?rest_route=%2Fwp%2Fv2%2Fmedia&parent=750"}],"curies":[{"name":"wp","href":"https:\/\/api.w.org\/{rel}","templated":true}]}}