{"id":7464,"date":"2018-10-26T15:24:17","date_gmt":"2018-10-26T14:24:17","guid":{"rendered":"http:\/\/www.jungschar.biz\/w\/?page_id=7464"},"modified":"2018-10-27T10:49:26","modified_gmt":"2018-10-27T09:49:26","slug":"hebraer-bis-judas","status":"publish","type":"page","link":"http:\/\/www.jungschar.biz\/?page_id=7464","title":{"rendered":"&#8211; Hebr\u00e4er bis Judas"},"content":{"rendered":"<p>Hier findest du 3 Andachten zu den B\u00fcchern Hebr\u00e4er und Jakobus:<\/p>\n<p><a href=\"http:\/\/www.jungschar.biz\/wp-content\/uploads\/JS-Werkbuch NT\/63 Hebr\u00e4er 10-32 2010.pdf\" target=\"_blank\">63 Hebr\u00e4er 10-32 2010<\/a><br \/>\n<a href=\"http:\/\/www.jungschar.biz\/wp-content\/uploads\/JS-Werkbuch NT\/63 Hebr\u00e4er 11-01 2010.pdf\" target=\"_blank\">63 Hebr\u00e4er 11-01 2010<\/a><\/p>\n<p><a href=\"http:\/\/www.jungschar.biz\/wp-content\/uploads\/JS-Werkbuch NT\/64 Jakobus 02-14 2011.pdf\" target=\"_blank\">64 Jakobus 02-14 2011<\/a><\/p>\n","protected":false},"excerpt":{"rendered":"<p>Hier findest du 3 Andachten zu den B\u00fcchern Hebr\u00e4er und Jakobus: 63 Hebr\u00e4er 10-32 2010 63 Hebr\u00e4er 11-01 2010 64 Jakobus 02-14 2011<\/p>\n","protected":false},"author":3,"featured_media":0,"parent":7353,"menu_order":63,"comment_status":"closed","ping_status":"closed","template":"","meta":{"ngg_post_thumbnail":0},"_links":{"self":[{"href":"http:\/\/www.jungschar.biz\/index.php?rest_route=\/wp\/v2\/pages\/7464"}],"collection":[{"href":"http:\/\/www.jungschar.biz\/index.php?rest_route=\/wp\/v2\/pages"}],"about":[{"href":"http:\/\/www.jungschar.biz\/index.php?rest_route=\/wp\/v2\/types\/page"}],"author":[{"embeddable":true,"href":"http:\/\/www.jungschar.biz\/index.php?rest_route=\/wp\/v2\/users\/3"}],"replies":[{"embeddable":true,"href":"http:\/\/www.jungschar.biz\/index.php?rest_route=%2Fwp%2Fv2%2Fcomments&post=7464"}],"version-history":[{"count":10,"href":"http:\/\/www.jungschar.biz\/index.php?rest_route=\/wp\/v2\/pages\/7464\/revisions"}],"predecessor-version":[{"id":7591,"href":"http:\/\/www.jungschar.biz\/index.php?rest_route=\/wp\/v2\/pages\/7464\/revisions\/7591"}],"up":[{"embeddable":true,"href":"http:\/\/www.jungschar.biz\/index.php?rest_route=\/wp\/v2\/pages\/7353"}],"wp:attachment":[{"href":"http:\/\/www.jungschar.biz\/index.php?rest_route=%2Fwp%2Fv2%2Fmedia&parent=7464"}],"curies":[{"name":"wp","href":"https:\/\/api.w.org\/{rel}","templated":true}]}}