{"id":746,"date":"2010-02-16T15:36:26","date_gmt":"2010-02-16T14:36:26","guid":{"rendered":"http:\/\/www.jungschar.biz\/w\/?page_id=746"},"modified":"2013-08-28T08:31:18","modified_gmt":"2013-08-28T07:31:18","slug":"%c2%bb-s","status":"publish","type":"page","link":"http:\/\/www.jungschar.biz\/?page_id=746","title":{"rendered":"\u2022 S"},"content":{"rendered":"<h5><strong><span style=\"color: #ff0000;\">\u2039<\/span><\/strong> <a href=\"http:\/\/www.jungschar.biz\/?page_id=453\">zur\u00fcck zum <strong>Lexikon<\/strong><\/a><\/h5>\n<h5><span style=\"color: #ffffff;\">\u2013<\/span><\/h5>\n<h2><span style=\"color: #ff0000;\">\u2022<\/span> <a name=\"SchwarzesBrett\"><\/a><span style=\"color: #000080;\">Schwarzes Brett<\/span><\/h2>\n<p><span style=\"color: #c0c0c0;\"><span style=\"color: #000000;\">Alles, was wichtig ist, h\u00e4ngt am Schwarzen Brett :<br \/>\n\u203a\u00a0Jungscharprogramm<br \/>\n\u203a\u00a0Punkteliste f\u00fcr den Gruppenwettkampf<br \/>\n\u203a\u00a0Medaillenspiegel f\u00fcr die Spielewettk\u00e4mpfe<\/span><\/span><\/p>\n<h2><span style=\"color: #c0c0c0;\"><span style=\"color: #000000;\"><span style=\"color: #ff0000;\">\u2022<\/span> <span style=\"color: #000080;\">Spielekiste<\/span><\/span><\/span><\/h2>\n<p style=\"text-align: left;\"><span style=\"color: #c0c0c0;\"><span style=\"color: #000000;\">Zur Grundausstattung jedes Jungscharmitarbeiters geh\u00f6rt eine Sammlung von Spielematerial f\u00fcr die verschiedensten Gelegenheiten.<\/span><\/span><\/p>\n<p style=\"text-align: left;\"><span style=\"color: #c0c0c0;\"><span style=\"color: #000000;\">Wir haben eine Spielekiste (Kunststoffkasten 40&#215;30 cm, 32 cm hoch mit Deckel und Griff) mit einfachem Material und einer dazu passenden\u00a0Spielekartei zusammengestellt.<br \/>\n<a href=\"http:\/\/www.jungschar.biz\/wp-content\/uploads\/Spielen\/Spielepraxis\/Spielen-in-der-Jungschar.pdf\" target=\"_blank\">Arbeitshilfe<\/a> und Spielekartei wird es demn\u00e4chst in der <a href=\"http:\/\/cvjm-server.de\/cvjm-materialstelle\/\" target=\"_blank\">Materialstelle<\/a> des CVJM-Westbundes geben.<br \/>\n<\/span><\/span><\/p>\n<p style=\"text-align: left; padding-left: 30px;\"><span style=\"color: #c0c0c0;\"><span style=\"color: #000000;\">Die <a href=\"http:\/\/cvjm-server.de\/spielekiste\/\" target=\"_blank\">Jungschar-Spielekiste<\/a> enth\u00e4lt in der Grundausstattung:<br \/>\n<strong><span style=\"color: #008000;\">\u2013<\/span><\/strong> Arbeitshilfe<br \/>\n<strong><span style=\"color: #008000;\">\u2013<\/span><\/strong> Spielekartei mit 100 in der Jungschar und in Freizeiten erprobten Spielen<br \/>\n<strong><span style=\"color: #008000;\">\u2013<\/span><\/strong> einfaches Material f\u00fcr die 100 Spiele der Spielekartei<\/span><\/span><\/p>\n<h2><span style=\"color: #c0c0c0;\"><span style=\"color: #000000;\"><span style=\"color: #ff0000;\">\u2022<\/span> <span style=\"color: #000080;\">St\u00e4nde<\/span><\/span><\/span><\/h2>\n<p style=\"text-align: left;\"><span style=\"color: #c0c0c0;\"><span style=\"color: #000000;\">In unseren Ritterlagern und Freizeiten des \u00bbFachausschusses f\u00fcr b\u00fcndische Jugendarbeit im CVJM-Westbund\u00ab gibt es die verschiedensten St\u00e4nde, angelehnt an das St\u00e4ndewesen im Mittelalter.<\/span><\/span><\/p>\n<p style=\"text-align: left;\"><span style=\"color: #c0c0c0;\"><span style=\"color: #000000;\">Voraussetzung f\u00fcr die Bef\u00f6rderung in einen h\u00f6heren Stand sind jeweils gen\u00fcgend Lagertage und entsprechende F\u00fchrung.<\/span><\/span><\/p>\n<p><span style=\"color: #c0c0c0;\"><span style=\"color: #000000;\">Eine komplette <a href=\"http:\/\/www.jungschar.biz\/?page_id=1488\">St\u00e4ndeliste<\/a> gibt es unter den Downloads zum Lager.<br \/>\nHier stehen auch weitere interessante Unterlagen f\u00fcr Lager und Freizeit zum Downloaden bereit.<\/span><\/span><\/p>\n<h2><span style=\"color: #ff0000;\">\u2022<\/span> <span style=\"color: #000080;\"><a name=\"Stoffplan\"><\/a>Stoffplan<\/span><\/h2>\n<p>Im <a href=\"http:\/\/www.jungschar.biz\/wp-content\/uploads\/HFZ\/Handzettel\/Stoffplan HFZ A4.pdf\" target=\"_blank\">Stoffplan<\/a> sind die Unterrichtsinhalte der <a href=\"http:\/\/www.jungschar.biz\/?page_id=506#Haeuptlingsfreizeit\">H\u00e4uptlingsfreizeiten<\/a> verbindlich festgelegt.<br \/>\nAufbauend darauf erarbeiten sich die Dozenten den Inhalt und Ablauf der jeweiligen Unterrichtseinheit und halten das auf dem <a href=\"http:\/\/www.jungschar.biz\/?page_id=506#Handzettel\" target=\"_blank\">Handzettel<\/a> fest.<\/p>\n<p><span style=\"color: #c0c0c0;\"><span style=\"color: #000000;\"> <\/span>\u2013<\/span><\/p>\n<h5><strong><span style=\"color: #ff0000;\">\u2039<\/span><\/strong> <a href=\"http:\/\/www.jungschar.biz\/?page_id=746\">nach oben<\/a><\/h5>\n<h5><strong><span style=\"color: #ff0000;\">\u2039<\/span><\/strong> <a href=\"http:\/\/www.jungschar.biz\/?page_id=453\">zur\u00fcck zum <strong>Lexikon<\/strong><\/a><\/h5>\n<h5><strong><span style=\"color: #ff0000;\">\u2039<\/span><\/strong> <a href=\"http:\/\/www.jungschar.biz\">zur\u00fcck zur <strong>Startseite<\/strong><\/a><\/h5>\n<h5><span style=\"color: #ffffff;\">\u2013<\/span><\/h5>\n","protected":false},"excerpt":{"rendered":"<p>\u2039 zur\u00fcck zum Lexikon \u2013 \u2022 Schwarzes Brett Alles, was wichtig ist, h\u00e4ngt am Schwarzen Brett : \u203a\u00a0Jungscharprogramm \u203a\u00a0Punkteliste f\u00fcr den Gruppenwettkampf \u203a\u00a0Medaillenspiegel f\u00fcr die Spielewettk\u00e4mpfe \u2022 Spielekiste Zur Grundausstattung jedes Jungscharmitarbeiters geh\u00f6rt eine Sammlung von Spielematerial f\u00fcr die verschiedensten Gelegenheiten. Wir haben eine Spielekiste (Kunststoffkasten 40&#215;30 cm, 32 cm hoch mit Deckel und Griff) [&hellip;]<\/p>\n","protected":false},"author":3,"featured_media":0,"parent":453,"menu_order":18,"comment_status":"closed","ping_status":"closed","template":"","meta":{"ngg_post_thumbnail":0},"_links":{"self":[{"href":"http:\/\/www.jungschar.biz\/index.php?rest_route=\/wp\/v2\/pages\/746"}],"collection":[{"href":"http:\/\/www.jungschar.biz\/index.php?rest_route=\/wp\/v2\/pages"}],"about":[{"href":"http:\/\/www.jungschar.biz\/index.php?rest_route=\/wp\/v2\/types\/page"}],"author":[{"embeddable":true,"href":"http:\/\/www.jungschar.biz\/index.php?rest_route=\/wp\/v2\/users\/3"}],"replies":[{"embeddable":true,"href":"http:\/\/www.jungschar.biz\/index.php?rest_route=%2Fwp%2Fv2%2Fcomments&post=746"}],"version-history":[{"count":32,"href":"http:\/\/www.jungschar.biz\/index.php?rest_route=\/wp\/v2\/pages\/746\/revisions"}],"predecessor-version":[{"id":1174,"href":"http:\/\/www.jungschar.biz\/index.php?rest_route=\/wp\/v2\/pages\/746\/revisions\/1174"}],"up":[{"embeddable":true,"href":"http:\/\/www.jungschar.biz\/index.php?rest_route=\/wp\/v2\/pages\/453"}],"wp:attachment":[{"href":"http:\/\/www.jungschar.biz\/index.php?rest_route=%2Fwp%2Fv2%2Fmedia&parent=746"}],"curies":[{"name":"wp","href":"https:\/\/api.w.org\/{rel}","templated":true}]}}