{"id":7455,"date":"2018-10-26T15:15:43","date_gmt":"2018-10-26T14:15:43","guid":{"rendered":"http:\/\/www.jungschar.biz\/w\/?page_id=7455"},"modified":"2018-10-27T10:47:10","modified_gmt":"2018-10-27T09:47:10","slug":"romer-bis-philemon","status":"publish","type":"page","link":"http:\/\/www.jungschar.biz\/?page_id=7455","title":{"rendered":"&#8211; R\u00f6mer bis Philemon"},"content":{"rendered":"<p>Hier findest du 23 Andachten zu verschiedenen Paulusbriefen (R\u00f6mer, 1. und 2. Korinther, Galater, Epheser, Philipper, 1. Thessalonicher, 1. Timotheus und Philemon):<\/p>\n<p><a href=\"http:\/\/www.jungschar.biz\/wp-content\/uploads\/JS-Werkbuch NT\/45 R\u00f6mer 12-09 2011.pdf\" target=\"_blank\">45 R\u00f6mer 12-09 2011<\/a><a href=\"http:\/\/www.jungschar.biz\/wp-content\/uploads\/JS-Werkbuch NT\/45 R\u00f6mer 12-21 2011.pdf\" target=\"_blank\"><br \/>\n<\/a><a href=\"http:\/\/www.jungschar.biz\/wp-content\/uploads\/JS-Werkbuch NT\/45 R\u00f6mer 12-21 2011.pdf\" target=\"_blank\">45 R\u00f6mer 12-21 2011<\/a><\/p>\n<p><a href=\"http:\/\/www.jungschar.biz\/wp-content\/uploads\/JS-Werkbuch NT\/46 1. Korinther 13-13 2012.pdf\" target=\"_blank\">46 1. Korinther 13-13 2012<\/a><\/p>\n<p><a href=\"http:\/\/www.jungschar.biz\/wp-content\/uploads\/JS-Werkbuch NT\/47 2. Korinther 12-09 2012.pdf\" target=\"_blank\">47 2. Korinther 12-09 2012<\/a><\/p>\n<p><a href=\"http:\/\/www.jungschar.biz\/wp-content\/uploads\/JS-Werkbuch NT\/48 Galater 05-16 2013.pdf\" target=\"_blank\">48 Galater 05-16 2013<\/a><br \/>\n<a href=\"http:\/\/www.jungschar.biz\/wp-content\/uploads\/JS-Werkbuch NT\/48 Galater 05-22 2012.pdf\" target=\"_blank\">48 Galater 05-22 2012<\/a><\/p>\n<p><a href=\"http:\/\/www.jungschar.biz\/wp-content\/uploads\/JS-Werkbuch NT\/49 Epheser 04-29 2012.pdf\" target=\"_blank\">49 Epheser 04-29 2012<\/a><\/p>\n<p><a href=\"http:\/\/www.jungschar.biz\/wp-content\/uploads\/JS-Werkbuch NT\/50 Philipper 02-01 2007.pdf\" target=\"_blank\">50 Philipper 02-01 2007<\/a><br \/>\n<a href=\"http:\/\/www.jungschar.biz\/wp-content\/uploads\/JS-Werkbuch NT\/50 Philipper 02-01 2015-1.pdf\" target=\"_blank\">50 Philipper 02-01 2015-1<\/a><br \/>\n<a href=\"http:\/\/www.jungschar.biz\/wp-content\/uploads\/JS-Werkbuch NT\/50 Philipper 02-01 2015-2.pdf\" target=\"_blank\">50 Philipper 02-01 2015-2<\/a><br \/>\n<a href=\"http:\/\/www.jungschar.biz\/wp-content\/uploads\/JS-Werkbuch NT\/50 Philipper 02-05 2011.pdf\" target=\"_blank\">50 Philipper 02-05 2011<\/a><br \/>\n<a href=\"http:\/\/www.jungschar.biz\/wp-content\/uploads\/JS-Werkbuch NT\/50 Philipper 02-05 2012.pdf\" target=\"_blank\">50 Philipper 02-05 2012<\/a><br \/>\n<a href=\"http:\/\/www.jungschar.biz\/wp-content\/uploads\/JS-Werkbuch NT\/50 Philipper 03-12 2007.pdf\" target=\"_blank\">50 Philipper 03-12 2007<\/a><br \/>\n<a href=\"http:\/\/www.jungschar.biz\/wp-content\/uploads\/JS-Werkbuch NT\/50 Philipper 03-12 2015.pdf\" target=\"_blank\">50 Philipper 03-12 2015<\/a><br \/>\n<a href=\"http:\/\/www.jungschar.biz\/wp-content\/uploads\/JS-Werkbuch NT\/50 Philipper 04-04 2007.pdf\" target=\"_blank\">50 Philipper 04-04 2007<\/a><br \/>\n<a href=\"http:\/\/www.jungschar.biz\/wp-content\/uploads\/JS-Werkbuch NT\/50 Philipper 04-04 2015.pdf\" target=\"_blank\">50 Philipper 04-04 2015<\/a><br \/>\n<a href=\"http:\/\/www.jungschar.biz\/wp-content\/uploads\/JS-Werkbuch NT\/50 Philipper 04-10 2007.pdf\" target=\"_blank\">50 Philipper 04-10 2007<\/a><\/p>\n<p><a href=\"http:\/\/www.jungschar.biz\/wp-content\/uploads\/JS-Werkbuch NT\/52 1. Thessalonicher 02-01 2013.pdf\" target=\"_blank\">52 1. Thessalonicher 02-01 2013<\/a><\/p>\n<p><a href=\"http:\/\/www.jungschar.biz\/wp-content\/uploads\/JS-Werkbuch NT\/54 1. Timotheus 02-01 2015.pdf\" target=\"_blank\">54 1. Timotheus 02-01 2015<\/a><br \/>\n<a href=\"http:\/\/www.jungschar.biz\/wp-content\/uploads\/JS-Werkbuch NT\/54 1. Timotheus 04-01 2015-1.pdf\" target=\"_blank\">54 1. Timotheus 04-01 2015-1<\/a><br \/>\n<a href=\"http:\/\/www.jungschar.biz\/wp-content\/uploads\/JS-Werkbuch NT\/54 1. Timotheus 04-01 2015-2.pdf\" target=\"_blank\">54 1. Timotheus 04-01 2015-2<\/a><\/p>\n<p><a href=\"http:\/\/www.jungschar.biz\/wp-content\/uploads\/JS-Werkbuch NT\/57 Philemon 08 2015.pdf\" target=\"_blank\">57 Philemon 08 2015<\/a><br \/>\n<a href=\"http:\/\/www.jungschar.biz\/wp-content\/uploads\/JS-Werkbuch NT\/57 Philemon 12 2015.pdf\" target=\"_blank\">57 Philemon 12 2015<\/a><\/p>\n","protected":false},"excerpt":{"rendered":"<p>Hier findest du 23 Andachten zu verschiedenen Paulusbriefen (R\u00f6mer, 1. und 2. Korinther, Galater, Epheser, Philipper, 1. Thessalonicher, 1. Timotheus und Philemon): 45 R\u00f6mer 12-09 2011 45 R\u00f6mer 12-21 2011 46 1. Korinther 13-13 2012 47 2. Korinther 12-09 2012 48 Galater 05-16 2013 48 Galater 05-22 2012 49 Epheser 04-29 2012 50 Philipper 02-01 [&hellip;]<\/p>\n","protected":false},"author":3,"featured_media":0,"parent":7353,"menu_order":45,"comment_status":"open","ping_status":"closed","template":"","meta":{"ngg_post_thumbnail":0},"_links":{"self":[{"href":"http:\/\/www.jungschar.biz\/index.php?rest_route=\/wp\/v2\/pages\/7455"}],"collection":[{"href":"http:\/\/www.jungschar.biz\/index.php?rest_route=\/wp\/v2\/pages"}],"about":[{"href":"http:\/\/www.jungschar.biz\/index.php?rest_route=\/wp\/v2\/types\/page"}],"author":[{"embeddable":true,"href":"http:\/\/www.jungschar.biz\/index.php?rest_route=\/wp\/v2\/users\/3"}],"replies":[{"embeddable":true,"href":"http:\/\/www.jungschar.biz\/index.php?rest_route=%2Fwp%2Fv2%2Fcomments&post=7455"}],"version-history":[{"count":12,"href":"http:\/\/www.jungschar.biz\/index.php?rest_route=\/wp\/v2\/pages\/7455\/revisions"}],"predecessor-version":[{"id":7457,"href":"http:\/\/www.jungschar.biz\/index.php?rest_route=\/wp\/v2\/pages\/7455\/revisions\/7457"}],"up":[{"embeddable":true,"href":"http:\/\/www.jungschar.biz\/index.php?rest_route=\/wp\/v2\/pages\/7353"}],"wp:attachment":[{"href":"http:\/\/www.jungschar.biz\/index.php?rest_route=%2Fwp%2Fv2%2Fmedia&parent=7455"}],"curies":[{"name":"wp","href":"https:\/\/api.w.org\/{rel}","templated":true}]}}