{"id":744,"date":"2010-02-16T15:36:04","date_gmt":"2010-02-16T14:36:04","guid":{"rendered":"http:\/\/www.jungschar.biz\/w\/?page_id=744"},"modified":"2010-11-04T12:16:15","modified_gmt":"2010-11-04T11:16:15","slug":"%c2%bb-r","status":"publish","type":"page","link":"http:\/\/www.jungschar.biz\/?page_id=744","title":{"rendered":"\u2022 R"},"content":{"rendered":"<h5><strong><span style=\"color: #ff0000;\">\u2039<\/span><\/strong> <a href=\"http:\/\/www.jungschar.biz\/?page_id=453\">zur\u00fcck zum <strong>Lexikon<\/strong><\/a><\/h5>\n<h5><span style=\"color: #ffffff;\">\u2013<\/span><\/h5>\n<h2><span style=\"color: #ff0000;\">\u2022<\/span> <span style=\"color: #000080;\">Rakete<\/span><\/h2>\n<p>Bei besonderen Anl\u00e4ssen lassen wir eine Jungscharrakete steigen<br \/>\n\u203a\u00a0Rhythmisches Klatschen in die H\u00e4nde<br \/>\n\u203a\u00a0Klatschen auf die Oberschenkel<br \/>\n\u203a\u00a0Trommeln auf den Brustkasten<br \/>\n\u203a\u00a0ein lauter Aufschrei<br \/>\n\u203a\u00a0absolute Stille<br \/>\n\u203a\u00a0\u00bb&#8230; aah, eine blaue\u00ab<\/p>\n<h2><span style=\"color: #000080;\"><span style=\"color: #ff0000;\">\u2022<\/span> Raumdienst<\/span><\/h2>\n<p><span style=\"color: #000000;\">Der Raumdienst ist f\u00fcr die Herrichtung des Gruppenraumes verantwortlich, er stellt :<br \/>\n\u203a\u00a0Stuhlkreis \/ (Tische)<br \/>\n\u203a\u00a0Tafel<br \/>\n\u203a\u00a0Tischtennisplatte \/ Kicker<\/span><\/p>\n<h2><span style=\"color: #000080;\"><span style=\"color: #ff0000;\">\u2022<\/span> Raumordnung<\/span><\/h2>\n<p>Meistens sitzen wir im Stuhlkreis.<br \/>\nWichtig ist, dass nicht zu viele St\u00fchle leer bleiben und dass trotzdem noch ein oder zwei St\u00fchle f\u00fcr Nachz\u00fcgler frei sind.<br \/>\nDie Tafel wirkt als Raumteiler und wird w\u00e4hrend der Spiele an die Seite gefahren.<\/p>\n<h2><span style=\"color: #000080;\"><span style=\"color: #ff0000;\">\u2022<\/span> Reserveprogramm<\/span><\/h2>\n<p>Bei der kurzfristigen Planung werden die Aufgaben f\u00fcr die n\u00e4chsten Jungscharstunden verteilt.<br \/>\nF\u00fcr Notf\u00e4lle (Ausfall eines anderen Mitarbeiters) haben die Mitarbeiter ein Reserveprogramm (Spiele, Quiz, usw.) vorbereitet.<\/p>\n<h2><span style=\"color: #000080;\"><span style=\"color: #ff0000;\">\u2022<\/span> Roter Streifen<\/span><\/h2>\n<p>Schwarzes Halstuch mit roter Einfassung.<br \/>\nWanderpreis f\u00fcr die beste Gruppe im Gruppenwettkampf.<br \/>\nDer Rote Streifen wird am Ende des jeweiligen Gruppenwettkampfes dem H\u00e4uptling der Siegergruppe verliehen.<\/p>\n<h5><span style=\"color: #c0c0c0;\">\u2013<\/span><\/h5>\n<h5><strong><span style=\"color: #ff0000;\">\u2039<\/span><\/strong> <a href=\"http:\/\/www.jungschar.biz\/?page_id=744\">nach oben<\/a><\/h5>\n<h5><strong><span style=\"color: #ff0000;\">\u2039<\/span><\/strong> <a href=\"http:\/\/www.jungschar.biz\/?page_id=453\">zur\u00fcck zum <strong>Lexikon<\/strong><\/a><\/h5>\n<h5><strong><span style=\"color: #ff0000;\">\u2039<\/span><\/strong> <a href=\"http:\/\/www.jungschar.biz\">zur\u00fcck zur <strong>Startseite<\/strong><\/a><\/h5>\n<h5><span style=\"color: #ffffff;\">\u2013<\/span><\/h5>\n","protected":false},"excerpt":{"rendered":"<p>\u2039 zur\u00fcck zum Lexikon \u2013 \u2022 Rakete Bei besonderen Anl\u00e4ssen lassen wir eine Jungscharrakete steigen \u203a\u00a0Rhythmisches Klatschen in die H\u00e4nde \u203a\u00a0Klatschen auf die Oberschenkel \u203a\u00a0Trommeln auf den Brustkasten \u203a\u00a0ein lauter Aufschrei \u203a\u00a0absolute Stille \u203a\u00a0\u00bb&#8230; aah, eine blaue\u00ab \u2022 Raumdienst Der Raumdienst ist f\u00fcr die Herrichtung des Gruppenraumes verantwortlich, er stellt : \u203a\u00a0Stuhlkreis \/ (Tische) \u203a\u00a0Tafel [&hellip;]<\/p>\n","protected":false},"author":3,"featured_media":0,"parent":453,"menu_order":17,"comment_status":"closed","ping_status":"closed","template":"","meta":{"ngg_post_thumbnail":0},"_links":{"self":[{"href":"http:\/\/www.jungschar.biz\/index.php?rest_route=\/wp\/v2\/pages\/744"}],"collection":[{"href":"http:\/\/www.jungschar.biz\/index.php?rest_route=\/wp\/v2\/pages"}],"about":[{"href":"http:\/\/www.jungschar.biz\/index.php?rest_route=\/wp\/v2\/types\/page"}],"author":[{"embeddable":true,"href":"http:\/\/www.jungschar.biz\/index.php?rest_route=\/wp\/v2\/users\/3"}],"replies":[{"embeddable":true,"href":"http:\/\/www.jungschar.biz\/index.php?rest_route=%2Fwp%2Fv2%2Fcomments&post=744"}],"version-history":[{"count":7,"href":"http:\/\/www.jungschar.biz\/index.php?rest_route=\/wp\/v2\/pages\/744\/revisions"}],"predecessor-version":[{"id":3689,"href":"http:\/\/www.jungschar.biz\/index.php?rest_route=\/wp\/v2\/pages\/744\/revisions\/3689"}],"up":[{"embeddable":true,"href":"http:\/\/www.jungschar.biz\/index.php?rest_route=\/wp\/v2\/pages\/453"}],"wp:attachment":[{"href":"http:\/\/www.jungschar.biz\/index.php?rest_route=%2Fwp%2Fv2%2Fmedia&parent=744"}],"curies":[{"name":"wp","href":"https:\/\/api.w.org\/{rel}","templated":true}]}}