{"id":740,"date":"2010-02-16T15:35:22","date_gmt":"2010-02-16T14:35:22","guid":{"rendered":"http:\/\/www.jungschar.biz\/w\/?page_id=740"},"modified":"2010-11-04T12:15:07","modified_gmt":"2010-11-04T11:15:07","slug":"%c2%bb-p","status":"publish","type":"page","link":"http:\/\/www.jungschar.biz\/?page_id=740","title":{"rendered":"\u2022 P"},"content":{"rendered":"<h5><strong><span style=\"color: #ff0000;\">\u2039<\/span><\/strong> <a href=\"http:\/\/www.jungschar.biz\/?page_id=453\">zur\u00fcck zum <strong>Lexikon<\/strong><\/a><\/h5>\n<h5><span style=\"color: #ffffff;\">\u2013<\/span><\/h5>\n<h2><span style=\"color: #ff0000;\">\u2022<\/span> <span style=\"color: #000080;\">Planung<\/span><\/h2>\n<p>Zu den Aufgaben der Jungscharmitarbeiter geh\u00f6rt die Planung sowohl der Jungscharstunden als auch aller sonstigen Aktivit\u00e4ten. Wir unterscheiden zwischen der grunds\u00e4tzlichen, langfristigen, mittelfristigen und kurzfristigen Planung.<\/p>\n<p><span style=\"color: #800000;\"><strong>Grunds\u00e4tzliche Planung<\/strong><br \/>\n<\/span>Die grunds\u00e4tzliche Planung sieht folgendes vor:<br \/>\n\u2013 \u00a0Standardprogramm ist der Jungschar-Vierklang<br \/>\n\u2013\u00a0 Wir singen aus dem gr\u00fcnen Jungscharliederbuch<br \/>\n\u2013 \u00a0Bei den Andachten richten wir uns nach dem Bibelleseplan \u00bbMit Kindern die Bibel entdecken\u00ab<br \/>\n\u2013\u00a0 \u00dcber das ganze Jahr verteilt machen wir Superquiz.<br \/>\n\u2013 \u00a0Christopher hat den Raumdienst \u00fcbernommen<br \/>\n\u2013\u00a0 Pascal f\u00fchrt das Jungschartagebuch (Protokoll)<br \/>\n\u2013 \u00a0Michael ist f\u00fcr die Punkteliste zust\u00e4ndig<br \/>\n\u2013\u00a0 Christopher h\u00e4lt den Medaillenspiegel auf dem neuesten Stand<br \/>\n\u2013 \u00a0Die Mitarbeiter haben f\u00fcr Notf\u00e4lle ein Reserveprogramm (Spiele, Quiz, usw.) in der Tasche<br \/>\n\u00a0<br \/>\n<strong><span style=\"color: #800000;\">Langfristige Planung<br \/>\n<\/span><\/strong>Die langfristige Jahres-Planung sieht folgendes vor:<br \/>\n\u2013 \u00a0Fr\u00fchjahrswaldlauf im April<br \/>\n\u2013\u00a0 Waldlaufmeisterschaft<br \/>\n\u2013 \u00a0Indiacaturnier im Fr\u00fchjahr<br \/>\n\u2013\u00a0 Zeltlager im Sommer<br \/>\n\u2013 \u00a0Fortsetzungsgeschichte im Herbst und Fr\u00fchjahr<br \/>\n\u2013\u00a0 Hochspannungslauf im September<br \/>\n\u2013 \u00a0Wochenendfreizeit im Herbst (oder Fr\u00fchjahr)<br \/>\n\u2013\u00a0 H\u00e4uptlingsfreizeit \u00fcber Silvester<br \/>\n\u2013 \u00a0Tatkundeeinheiten im Winterhalbjahr<br \/>\n\u2013\u00a0 Sp\u00e4herpr\u00fcfung und Spezialpr\u00fcfungen anbieten<\/p>\n<p><span style=\"color: #800000;\"><strong>Mittelfristige Planung<\/strong><br \/>\n<\/span>Die mittelfristige Planung (f\u00fcr das IV. Quartal) sieht folgendes vor:<br \/>\n\u2013 \u00a0Fortsetzungsgeschichte ab 15.10. (Blinkfeuer \u00fcber der Ostsee)<br \/>\n\u2013 \u00a0Tischtennisturnier ab 05.11.<br \/>\n\u2013 \u00a0Tatkundeeinheiten und Spezialpr\u00fcfungen Knoten und Geheimschrift<\/p>\n<p><strong><span style=\"color: #800000;\">Kurzfristige Planung<br \/>\n<\/span><\/strong>Die kurzfristige Planung (f\u00fcr Freitag, den 15. Oktober) sieht folgendes vor:<br \/>\n\u2013 \u00a0Die Andacht h\u00e4lt Christopher<br \/>\n\u2013\u00a0 (<span style=\"color: #808080;\">Wer die Andacht h\u00e4lt, sucht auch die Lieder f\u00fcr die Jungscharstunde aus.<\/span>)<br \/>\n\u2013 \u00a0Die Spiele bereitet Pascal vor<br \/>\n\u2013 \u00a0Die Fortsetzungsgeschichte erz\u00e4hlt Julian<br \/>\n\u2013\u00a0 Das Superquiz (kleine Runde) bereitet Michael vor<br \/>\n\u2013\u00a0 In der H\u00e4uptlingsrunde ist Marlon an der Reihe<\/p>\n<h2><span style=\"color: #ff0000;\">\u2022<\/span> <span style=\"color: #000080;\">Programm<\/span><\/h2>\n<p>Gut geplanter und durchdachter Inhalt der Jungscharstunden, das was wir in den Jungscharstunden und dar\u00fcber hinaus machen.<\/p>\n<p>Unser Jungscharprogramm ist so gut, dass wir damit werben k\u00f6nnen.<br \/>\nDas\u00a0Monatsprogramm h\u00e4ngt auch\u00a0am \u00bb<a href=\"http:\/\/www.jungschar.biz\/?page_id=509#Jungscharbrett\">Jungscharbrett<\/a>\u00ab.<br \/>\nDas Verteilen und\/oder Aush\u00e4ngen\u00a0des Monatsprogrammes hat viele Vorteile :<\/p>\n<p><strong><span style=\"color: #800000;\">Die Jungscharler k\u00f6nnen sich auf die Jungscharstunde einstellen und vorbereiten :<br \/>\n<\/span><\/strong>&#8211;\u00a0 Bibel mitbringen zur Bibelarbeit<br \/>\n&#8211;\u00a0\u00a0feste Schuhe und \u00e4ltere Klamotten f\u00fcr Waldspiel<br \/>\n&#8211;\u00a0 wenn wir unterwegs sind, dauert die Jungscharstunde meistens etwas l\u00e4nger.<br \/>\n&#8211;\u00a0 wenn ich nicht zur Jungscharstunde komme, habe ich was verpasst.<\/p>\n<p><strong><span style=\"color: #800000;\">Die Jungscharler und Mitarbeiter k\u00f6nnen mit dem Programm werben.<br \/>\n<\/span><\/strong>&#8211;\u00a0 In der Schule verteilen wir ansprechende Einladungen mit Programmeinlage<br \/>\n&#8211;\u00a0 Im Ort sprechen wir gezielt Jungen an und laden sie in die Jungschar ein.<\/p>\n<p style=\"text-align: left;\"><em><span style=\"color: #666699;\"><strong>Kein Programm verteilen (oder bekannt geben) ist wie Dosenroulette nach einer \u00dcberschwemmung im Supermarkt.<\/strong><\/span><\/em><\/p>\n<h2><span style=\"color: #000080;\"><span style=\"color: #ff0000;\">\u2022<\/span> Punkteliste<\/span><\/h2>\n<p><span style=\"color: #000000;\">In die Punkteliste werden die Punkte f\u00fcr den \u00bbGruppenwettkampf\u00ab mit verschiedenen Farben eingetragen.<br \/>\nDie Punkteliste h\u00e4ngt am \u00bb<a href=\"http:\/\/www.jungschar.biz\/?page_id=509#Jungscharbrett\">Jungscharbrett<\/a>\u00ab.<\/span><\/p>\n<h5><span style=\"color: #c0c0c0;\">\u2013<\/span><\/h5>\n<h5><strong><span style=\"color: #ff0000;\">\u2039<\/span><\/strong> <a href=\"http:\/\/www.jungschar.biz\/?page_id=740\">nach oben<\/a><\/h5>\n<h5><strong><span style=\"color: #ff0000;\">\u2039<\/span><\/strong> <a href=\"http:\/\/www.jungschar.biz\/?page_id=453\">zur\u00fcck zum <strong>Lexikon<\/strong><\/a><\/h5>\n<h5><strong><span style=\"color: #ff0000;\">\u2039<\/span><\/strong> <a href=\"http:\/\/www.jungschar.biz\">zur\u00fcck zur <strong>Startseite<\/strong><\/a><\/h5>\n<h5><span style=\"color: #ffffff;\">\u2013<\/span><\/h5>\n","protected":false},"excerpt":{"rendered":"<p>\u2039 zur\u00fcck zum Lexikon \u2013 \u2022 Planung Zu den Aufgaben der Jungscharmitarbeiter geh\u00f6rt die Planung sowohl der Jungscharstunden als auch aller sonstigen Aktivit\u00e4ten. Wir unterscheiden zwischen der grunds\u00e4tzlichen, langfristigen, mittelfristigen und kurzfristigen Planung. Grunds\u00e4tzliche Planung Die grunds\u00e4tzliche Planung sieht folgendes vor: \u2013 \u00a0Standardprogramm ist der Jungschar-Vierklang \u2013\u00a0 Wir singen aus dem gr\u00fcnen Jungscharliederbuch \u2013 \u00a0Bei [&hellip;]<\/p>\n","protected":false},"author":3,"featured_media":0,"parent":453,"menu_order":15,"comment_status":"closed","ping_status":"closed","template":"","meta":{"ngg_post_thumbnail":0},"_links":{"self":[{"href":"http:\/\/www.jungschar.biz\/index.php?rest_route=\/wp\/v2\/pages\/740"}],"collection":[{"href":"http:\/\/www.jungschar.biz\/index.php?rest_route=\/wp\/v2\/pages"}],"about":[{"href":"http:\/\/www.jungschar.biz\/index.php?rest_route=\/wp\/v2\/types\/page"}],"author":[{"embeddable":true,"href":"http:\/\/www.jungschar.biz\/index.php?rest_route=\/wp\/v2\/users\/3"}],"replies":[{"embeddable":true,"href":"http:\/\/www.jungschar.biz\/index.php?rest_route=%2Fwp%2Fv2%2Fcomments&post=740"}],"version-history":[{"count":19,"href":"http:\/\/www.jungschar.biz\/index.php?rest_route=\/wp\/v2\/pages\/740\/revisions"}],"predecessor-version":[{"id":3687,"href":"http:\/\/www.jungschar.biz\/index.php?rest_route=\/wp\/v2\/pages\/740\/revisions\/3687"}],"up":[{"embeddable":true,"href":"http:\/\/www.jungschar.biz\/index.php?rest_route=\/wp\/v2\/pages\/453"}],"wp:attachment":[{"href":"http:\/\/www.jungschar.biz\/index.php?rest_route=%2Fwp%2Fv2%2Fmedia&parent=740"}],"curies":[{"name":"wp","href":"https:\/\/api.w.org\/{rel}","templated":true}]}}