{"id":7388,"date":"2018-10-26T12:57:57","date_gmt":"2018-10-26T11:57:57","guid":{"rendered":"http:\/\/www.jungschar.biz\/w\/?page_id=7388"},"modified":"2018-10-27T08:23:11","modified_gmt":"2018-10-27T07:23:11","slug":"1-und-2-konige","status":"publish","type":"page","link":"http:\/\/www.jungschar.biz\/?page_id=7388","title":{"rendered":"&#8211; 1. und 2. K\u00f6nige"},"content":{"rendered":"<p>Hier findest du 14 Andachten zu den B\u00fcchern 1. und 2. K\u00f6nige:<\/p>\n<p><a href=\"http:\/\/www.jungschar.biz\/wp-content\/uploads\/JS-Werkbuch AT\/11 1. K\u00f6nige 08-01 2009.pdf\" target=\"_blank\">11 1. K\u00f6nige 08-01 2009<\/a><br \/>\n<a href=\"http:\/\/www.jungschar.biz\/wp-content\/uploads\/JS-Werkbuch AT\/11 1. K\u00f6nige 19-01 2015.pdf\" target=\"_blank\">11 1. K\u00f6nige 19-01 2015<\/a><\/p>\n<p><a href=\"http:\/\/www.jungschar.biz\/wp-content\/uploads\/JS-Werkbuch AT\/12 2. K\u00f6nige 04-01 2007.pdf\" target=\"_blank\">12 2. K\u00f6nige 04-01 2007<\/a><br \/>\n<a href=\"http:\/\/www.jungschar.biz\/wp-content\/uploads\/JS-Werkbuch AT\/12 2. K\u00f6nige 04-01 2010.pdf\" target=\"_blank\">12 2. K\u00f6nige 04-01 2010<\/a><br \/>\n<a href=\"http:\/\/www.jungschar.biz\/wp-content\/uploads\/JS-Werkbuch AT\/12 2. K\u00f6nige 04-01 2013.pdf\" target=\"_blank\">12 2. K\u00f6nige 04-01 2013<\/a><br \/>\n<a href=\"http:\/\/www.jungschar.biz\/wp-content\/uploads\/JS-Werkbuch AT\/12 2. K\u00f6nige 04-38 2007.pdf\" target=\"_blank\">12 2. K\u00f6nige 04-38 2007<\/a><br \/>\n<a href=\"http:\/\/www.jungschar.biz\/wp-content\/uploads\/JS-Werkbuch AT\/12 2. K\u00f6nige 05-01 2007.pdf\" target=\"_blank\">12 2. K\u00f6nige 05-01 2007<\/a><br \/>\n<a href=\"http:\/\/www.jungschar.biz\/wp-content\/uploads\/JS-Werkbuch AT\/12 2. K\u00f6nige 05-08 2010.pdf\" target=\"_blank\">12 2. K\u00f6nige 05-08 2010<\/a><br \/>\n<a href=\"http:\/\/www.jungschar.biz\/wp-content\/uploads\/JS-Werkbuch AT\/12 2. K\u00f6nige 05-19 2013.pdf\" target=\"_blank\">12 2. K\u00f6nige 05-19 2013<\/a><br \/>\n<a href=\"http:\/\/www.jungschar.biz\/wp-content\/uploads\/JS-Werkbuch AT\/12 2. K\u00f6nige 08-01 2013.pdf\" target=\"_blank\">12 2. K\u00f6nige 08-01 2013<\/a><br \/>\n<a href=\"http:\/\/www.jungschar.biz\/wp-content\/uploads\/JS-Werkbuch AT\/12 2. K\u00f6nige 18-01 2007.pdf\" target=\"_blank\">12 2. K\u00f6nige 18-01 2007<\/a><br \/>\n<a href=\"http:\/\/www.jungschar.biz\/wp-content\/uploads\/JS-Werkbuch AT\/12 2. K\u00f6nige 18-01 2010.pdf\" target=\"_blank\">12 2. K\u00f6nige 18-01 2010<\/a><br \/>\n<a href=\"http:\/\/www.jungschar.biz\/wp-content\/uploads\/JS-Werkbuch AT\/12 2. K\u00f6nige 19-09 2010.pdf\" target=\"_blank\">12 2. K\u00f6nige 19-09 2010<\/a><br \/>\n<a href=\"http:\/\/www.jungschar.biz\/wp-content\/uploads\/JS-Werkbuch AT\/12 2. K\u00f6nige 20-01 2007.pdf\" target=\"_blank\">12 2. K\u00f6nige 20-01 2007<\/a><\/p>\n","protected":false},"excerpt":{"rendered":"<p>Hier findest du 14 Andachten zu den B\u00fcchern 1. und 2. K\u00f6nige: 11 1. K\u00f6nige 08-01 2009 11 1. K\u00f6nige 19-01 2015 12 2. K\u00f6nige 04-01 2007 12 2. K\u00f6nige 04-01 2010 12 2. K\u00f6nige 04-01 2013 12 2. K\u00f6nige 04-38 2007 12 2. K\u00f6nige 05-01 2007 12 2. K\u00f6nige 05-08 2010 12 2. K\u00f6nige [&hellip;]<\/p>\n","protected":false},"author":3,"featured_media":0,"parent":7353,"menu_order":11,"comment_status":"closed","ping_status":"closed","template":"","meta":{"ngg_post_thumbnail":0},"_links":{"self":[{"href":"http:\/\/www.jungschar.biz\/index.php?rest_route=\/wp\/v2\/pages\/7388"}],"collection":[{"href":"http:\/\/www.jungschar.biz\/index.php?rest_route=\/wp\/v2\/pages"}],"about":[{"href":"http:\/\/www.jungschar.biz\/index.php?rest_route=\/wp\/v2\/types\/page"}],"author":[{"embeddable":true,"href":"http:\/\/www.jungschar.biz\/index.php?rest_route=\/wp\/v2\/users\/3"}],"replies":[{"embeddable":true,"href":"http:\/\/www.jungschar.biz\/index.php?rest_route=%2Fwp%2Fv2%2Fcomments&post=7388"}],"version-history":[{"count":6,"href":"http:\/\/www.jungschar.biz\/index.php?rest_route=\/wp\/v2\/pages\/7388\/revisions"}],"predecessor-version":[{"id":7520,"href":"http:\/\/www.jungschar.biz\/index.php?rest_route=\/wp\/v2\/pages\/7388\/revisions\/7520"}],"up":[{"embeddable":true,"href":"http:\/\/www.jungschar.biz\/index.php?rest_route=\/wp\/v2\/pages\/7353"}],"wp:attachment":[{"href":"http:\/\/www.jungschar.biz\/index.php?rest_route=%2Fwp%2Fv2%2Fmedia&parent=7388"}],"curies":[{"name":"wp","href":"https:\/\/api.w.org\/{rel}","templated":true}]}}