{"id":7353,"date":"2018-10-26T11:00:31","date_gmt":"2018-10-26T10:00:31","guid":{"rendered":"http:\/\/www.jungschar.biz\/w\/?page_id=7353"},"modified":"2018-10-28T19:29:10","modified_gmt":"2018-10-28T18:29:10","slug":"%c2%bb-jungschar-werkbuch","status":"publish","type":"page","link":"http:\/\/www.jungschar.biz\/?page_id=7353","title":{"rendered":"\u00bb Jungschar-Werkbuch"},"content":{"rendered":"<p>Hier sind die Bibellesepl\u00e4ne f\u00fcr die Jungschar f\u00fcr <a href=\"http:\/\/www.jungschar.biz\/wp-content\/uploads\/JS-Bibelleseplaene\/Einsteiger-Bibelleseplan 2018.pdf\" target=\"_blank\">2018<\/a> und <a href=\"http:\/\/www.jungschar.biz\/wp-content\/uploads\/JS-Bibelleseplaene\/Einsteiger-Bibelleseplan 2019.pdf\" target=\"_blank\">2019<\/a>.<br \/>\nUnd hier findest du 358 Andachtsausarbeitungen aus dem Jungschar-Werkbuch der Jahre 2009 bis 2016.<\/p>\n<p>Die Dateinamen (pdf-Dokumente) sind alle gleich aufgebaut, z. B:<span style=\"background-color: #ffff00;\"><br \/>\n42 Lukas 05-01 2012<\/span><span style=\"color: #ff0000;\"><br \/>\n| \u00a0 \u00a0 \u00a0   | \u00a0\u00a0\u00a0  | \u00a0  |\u00a0\u00a0\u00a0   |____<\/span> <span style=\"background-color: #ffff99;\">Ausgabejahr (Jungschar-Werkbuch)<\/span><br \/>\n<span style=\"color: #ff0000;\">| \u00a0 \u00a0 \u00a0 | \u00a0\u00a0\u00a0  | \u00a0  |_______<\/span> <span style=\"background-color: #ffff99;\">1. Vers des Andachtstextes<\/span><br \/>\n<span style=\"color: #ff0000;\">| \u00a0 \u00a0 \u00a0   | \u00a0\u00a0\u00a0  |__________<\/span> <span style=\"background-color: #ffff99;\">Kapitel<\/span><br \/>\n<span style=\"color: #ff0000;\">| \u00a0 \u00a0 \u00a0   |______________<\/span> <span style=\"background-color: #ffff99;\">Buch<\/span><br \/>\n<span style=\"color: #ff0000;\">|___________________<\/span> <span style=\"background-color: #ffff99;\">Buchnummer<\/span><span style=\"background-color: #00ffff;\"><strong><\/strong><\/span><\/p>\n<pre><span style=\"background-color: #00ffff;\"><strong>01 - 39  Altes Testament<\/strong><\/span>\r\n01\u00a0 <a href=\"http:\/\/www.jungschar.biz\/?page_id=7357\" target=\"_blank\">1. Mose<\/a>\r\n02\u00a0 <a href=\"http:\/\/www.jungschar.biz\/?page_id=7379\" target=\"_blank\">2. Mose<\/a>\r\n04\u00a0 <a href=\"http:\/\/www.jungschar.biz\/?page_id=7381\" target=\"_blank\">4. Mose<\/a>\r\n06\u00a0 <a href=\"http:\/\/www.jungschar.biz\/?page_id=7384\" target=\"_blank\">Josua - Rut<\/a>\r\n09\u00a0 <a href=\"http:\/\/www.jungschar.biz\/?page_id=7386\">1. und 2. Samuel<\/a>\r\n11\u00a0 <a href=\"http:\/\/www.jungschar.biz\/?page_id=7388\" target=\"_blank\">1. und 2. K\u00f6nige<\/a>\r\n13  <a href=\"http:\/\/www.jungschar.biz\/?page_id=7522\" target=\"_blank\">1. und 2. Chronik<\/a>\r\n15  <a href=\"http:\/\/www.jungschar.biz\/?page_id=7391\" target=\"_blank\">Esra - Hiob<\/a>\r\n19  <a href=\"http:\/\/www.jungschar.biz\/?page_id=7394\" target=\"_blank\">Psalmen - Hohelied<\/a>\r\n23  <a href=\"http:\/\/www.jungschar.biz\/?page_id=7396\" target=\"_blank\">Jesaja - Daniel<\/a> (Gro\u00dfe Propheten)\r\n28  <a href=\"http:\/\/www.jungschar.biz\/?page_id=7398\" target=\"_blank\">Hosea - Maleachi<\/a> (Kleine Propheten)\r\n\r\n<strong><span style=\"background-color: #00ff00;\">40 - 66  Neues Testament<\/span><\/strong>\r\n40  <a href=\"http:\/\/www.jungschar.biz\/?page_id=7424\" target=\"_blank\">Matth\u00e4us<\/a>\r\n41  <a href=\"http:\/\/www.jungschar.biz\/?page_id=7426\" target=\"_blank\">Markus<\/a>\r\n42  <a href=\"http:\/\/www.jungschar.biz\/?page_id=7444\" target=\"_blank\">Lukas<\/a>\r\n43  <a href=\"http:\/\/www.jungschar.biz\/?page_id=7447\" target=\"_blank\">Johannes<\/a>\r\n44  <a href=\"http:\/\/www.jungschar.biz\/?page_id=7451\" target=\"_blank\">Apostelgeschichte<\/a>\r\n45  <a href=\"http:\/\/www.jungschar.biz\/?page_id=7455\" target=\"_blank\">Paulusbriefe<\/a> (R\u00f6mer - Philemon\r\n58  <a href=\"http:\/\/www.jungschar.biz\/?page_id=7461\" target=\"_blank\">Petrusbriefe<\/a> (hier gibt es (noch) keine Andachten)\r\n60  <a href=\"http:\/\/www.jungschar.biz\/?page_id=7458\">Johannesbriefe<\/a>\r\n63  <a href=\"http:\/\/www.jungschar.biz\/?page_id=7464\" target=\"_blank\">weitere Briefe<\/a> (Hebr\u00e4er bis Judas)\r\n66  <a href=\"http:\/\/www.jungschar.biz\/?page_id=7468\" target=\"_blank\">Offenbarung<\/a><\/pre>\n","protected":false},"excerpt":{"rendered":"<p>Hier sind die Bibellesepl\u00e4ne f\u00fcr die Jungschar f\u00fcr 2018 und 2019. Und hier findest du 358 Andachtsausarbeitungen aus dem Jungschar-Werkbuch der Jahre 2009 bis 2016. Die Dateinamen (pdf-Dokumente) sind alle gleich aufgebaut, z. B: 42 Lukas 05-01 2012 | \u00a0 \u00a0 \u00a0 | \u00a0\u00a0\u00a0 | \u00a0 |\u00a0\u00a0\u00a0 |____ Ausgabejahr (Jungschar-Werkbuch) | \u00a0 \u00a0 \u00a0 | [&hellip;]<\/p>\n","protected":false},"author":3,"featured_media":0,"parent":1963,"menu_order":1,"comment_status":"closed","ping_status":"closed","template":"","meta":{"ngg_post_thumbnail":0},"_links":{"self":[{"href":"http:\/\/www.jungschar.biz\/index.php?rest_route=\/wp\/v2\/pages\/7353"}],"collection":[{"href":"http:\/\/www.jungschar.biz\/index.php?rest_route=\/wp\/v2\/pages"}],"about":[{"href":"http:\/\/www.jungschar.biz\/index.php?rest_route=\/wp\/v2\/types\/page"}],"author":[{"embeddable":true,"href":"http:\/\/www.jungschar.biz\/index.php?rest_route=\/wp\/v2\/users\/3"}],"replies":[{"embeddable":true,"href":"http:\/\/www.jungschar.biz\/index.php?rest_route=%2Fwp%2Fv2%2Fcomments&post=7353"}],"version-history":[{"count":51,"href":"http:\/\/www.jungschar.biz\/index.php?rest_route=\/wp\/v2\/pages\/7353\/revisions"}],"predecessor-version":[{"id":7355,"href":"http:\/\/www.jungschar.biz\/index.php?rest_route=\/wp\/v2\/pages\/7353\/revisions\/7355"}],"up":[{"embeddable":true,"href":"http:\/\/www.jungschar.biz\/index.php?rest_route=\/wp\/v2\/pages\/1963"}],"wp:attachment":[{"href":"http:\/\/www.jungschar.biz\/index.php?rest_route=%2Fwp%2Fv2%2Fmedia&parent=7353"}],"curies":[{"name":"wp","href":"https:\/\/api.w.org\/{rel}","templated":true}]}}