{"id":715,"date":"2010-02-16T13:48:03","date_gmt":"2010-02-16T12:48:03","guid":{"rendered":"http:\/\/www.jungschar.biz\/w\/?page_id=715"},"modified":"2022-09-08T13:54:19","modified_gmt":"2022-09-08T12:54:19","slug":"%c2%bb-hauptlingsfreizeit","status":"publish","type":"page","link":"http:\/\/www.jungschar.biz\/?page_id=715","title":{"rendered":"\u00bb H\u00e4uptlingspr\u00fcfung"},"content":{"rendered":"<p><strong><span style=\"color: #cc0000;\">Die n\u00e4chste H\u00e4uptlingspr\u00fcfung f\u00fcr Jungen ist vom 02.-04. Juni 2023 in Niederdieten.<\/span><\/strong><\/p>\n<p>Zur H\u00e4uptlingspr\u00fcfung sind Jungen und M\u00e4dchen eingeladen, die die AG IV in der H\u00e4uptlingsfreizeit<br \/>\nmit mindestens \u00bbGuter Erfolg\u00ab abgeschlossen haben.<\/p>\n<p>Die Einladungen gibt es rechtzeitig vorher in den H\u00e4uptlingsfreizeiten in den Osterferien.<br \/>\nAlle anderen Teilnehmer der AG IV werden rechtzeitig schriftlich eingeladen.<\/p>\n<p><span style=\"color: #008000;\"><span style=\"color: #000000;\">Hier gibt es Bilder von den H\u00e4uptlingspr\u00fcfungen <a href=\"http:\/\/www.jungschar.biz\/?page_id=3591&amp;album=20&amp;gallery=24\" target=\"_blank\">2008<\/a>, <a href=\"http:\/\/www.jungschar.biz\/?page_id=3591&amp;album=20&amp;gallery=18\" target=\"_blank\">2009<\/a>, <a href=\"http:\/\/www.jungschar.biz\/?page_id=3591&amp;album=20&amp;gallery=41\" target=\"_blank\">2010<\/a>, <a href=\"http:\/\/www.jungschar.biz\/?page_id=3591&amp;album=20&amp;gallery=61\" target=\"_blank\">2011<\/a>, <a href=\"http:\/\/www.jungschar.biz\/?page_id=3591&amp;album=20&amp;gallery=87\" target=\"_blank\">2012<\/a>, <a href=\"http:\/\/www.jungschar.biz\/?page_id=3591&amp;album=20&amp;gallery=121\" target=\"_blank\">2013<\/a>, 2014 (ausgefallen), <a href=\"http:\/\/www.jungschar.biz\/?page_id=3591&amp;album=20&amp;gallery=168\" target=\"_blank\">2015<\/a>, <a href=\"http:\/\/www.jungschar.biz\/?page_id=3591&amp;album=20&amp;gallery=203\" target=\"_blank\">2016<\/a>, <a href=\"http:\/\/www.jungschar.biz\/?page_id=3591&amp;album=20&amp;gallery=229\" target=\"_blank\">2017<\/a>, 2018, <a href=\"http:\/\/www.jungschar.biz\/?page_id=3591&amp;album=20&amp;gallery=290\" target=\"_blank\">2019<\/a>, 2020 (ausgefallen), 2021 (ausgefallen) und <a href=\"http:\/\/www.jungschar.biz\/?page_id=3591&amp;album=20&amp;gallery=320\" target=\"_blank\">2022<\/a>.<\/span><\/span><\/p>\n<p><span style=\"color: #008000;\"><span style=\"color: #000000;\">Hier ist das <a href=\"http:\/\/www.jungschar.biz\/wp-content\/uploads\/HPR\/Lexikon HPR Vorabzug 2020-05-29.pdf\" target=\"_blank\">Lexikon zur H\u00e4uptlingspr\u00fcfung<\/a>.<br \/>\n<\/span><\/span><\/p>\n<h5><span style=\"color: #c0c0c0;\">\u2013<\/span><\/h5>\n<h5><strong><span style=\"color: #ff0000;\">\u2039<\/span><\/strong> <a href=\"http:\/\/www.jungschar.biz\/?page_id=301\">nach oben<\/a><\/h5>\n<h5><strong><span style=\"color: #ff0000;\">\u2039<\/span><\/strong> <a href=\"http:\/\/www.jungschar.biz\/?page_id=120\">zur\u00fcck <\/a><a href=\"http:\/\/www.jungschar.biz\/?page_id=120\">zu Downloads<\/a> <span style=\"color: #ff0000;\">\u2022<\/span> <a href=\"http:\/\/www.jungschar.biz\/?page_id=120\">CVJM-Jungschar b\u00fcndisch<\/a><\/h5>\n<h5><strong><span style=\"color: #ff0000;\">\u2039<\/span><\/strong> <a href=\"http:\/\/www.jungschar.biz\/?page_id=10\">zur\u00fcck zu <strong>Downloads<\/strong><\/a><\/h5>\n<h5><strong><span style=\"color: #ff0000;\">\u2039<\/span><\/strong> <a href=\"http:\/\/www.jungschar.biz\/\">zur\u00fcck zur <strong>Startseite<\/strong><\/a><\/h5>\n","protected":false},"excerpt":{"rendered":"<p>Die n\u00e4chste H\u00e4uptlingspr\u00fcfung f\u00fcr Jungen ist vom 02.-04. Juni 2023 in Niederdieten. Zur H\u00e4uptlingspr\u00fcfung sind Jungen und M\u00e4dchen eingeladen, die die AG IV in der H\u00e4uptlingsfreizeit mit mindestens \u00bbGuter Erfolg\u00ab abgeschlossen haben. Die Einladungen gibt es rechtzeitig vorher in den H\u00e4uptlingsfreizeiten in den Osterferien. Alle anderen Teilnehmer der AG IV werden rechtzeitig schriftlich eingeladen. Hier [&hellip;]<\/p>\n","protected":false},"author":3,"featured_media":0,"parent":120,"menu_order":4,"comment_status":"closed","ping_status":"closed","template":"","meta":{"ngg_post_thumbnail":0},"_links":{"self":[{"href":"http:\/\/www.jungschar.biz\/index.php?rest_route=\/wp\/v2\/pages\/715"}],"collection":[{"href":"http:\/\/www.jungschar.biz\/index.php?rest_route=\/wp\/v2\/pages"}],"about":[{"href":"http:\/\/www.jungschar.biz\/index.php?rest_route=\/wp\/v2\/types\/page"}],"author":[{"embeddable":true,"href":"http:\/\/www.jungschar.biz\/index.php?rest_route=\/wp\/v2\/users\/3"}],"replies":[{"embeddable":true,"href":"http:\/\/www.jungschar.biz\/index.php?rest_route=%2Fwp%2Fv2%2Fcomments&post=715"}],"version-history":[{"count":49,"href":"http:\/\/www.jungschar.biz\/index.php?rest_route=\/wp\/v2\/pages\/715\/revisions"}],"predecessor-version":[{"id":721,"href":"http:\/\/www.jungschar.biz\/index.php?rest_route=\/wp\/v2\/pages\/715\/revisions\/721"}],"up":[{"embeddable":true,"href":"http:\/\/www.jungschar.biz\/index.php?rest_route=\/wp\/v2\/pages\/120"}],"wp:attachment":[{"href":"http:\/\/www.jungschar.biz\/index.php?rest_route=%2Fwp%2Fv2%2Fmedia&parent=715"}],"curies":[{"name":"wp","href":"https:\/\/api.w.org\/{rel}","templated":true}]}}