{"id":6974,"date":"2017-08-14T10:31:44","date_gmt":"2017-08-14T09:31:44","guid":{"rendered":"http:\/\/www.jungschar.biz\/w\/?page_id=6974"},"modified":"2023-11-04T17:31:31","modified_gmt":"2023-11-04T16:31:31","slug":"ritterlager-2018-2","status":"publish","type":"page","link":"http:\/\/www.jungschar.biz\/?page_id=6974","title":{"rendered":"\u203a Bundeslager 2022 (2028)"},"content":{"rendered":"<p><strong><span style=\"text-decoration: underline;\">Bibelarbeitsmaterial f\u00fcr Bundeslager 2022<\/span> <\/strong>(Ritterlager 2028)<strong><br \/>\n<\/strong><\/p>\n<p><strong><span style=\"color: #ff0000;\">\u2022<\/span> <a href=\"http:\/\/www.jungschar.biz\/wp-content\/uploads\/JSBuendisch\/AndachtBA\/Lager 2022\/Mit Jesus unterwegs.pdf\" target=\"_blank\" rel=\"noopener\" data-wplink-url-error=\"true\">Mit Jesus unterwegs <\/a><\/strong> (Bibelarbeiten aus dem Lukasevangelium)<\/p>\n<p><strong><span style=\"color: #ff0000;\">\u2022<\/span> <a href=\"http:\/\/www.jungschar.biz\/wp-content\/uploads\/Bibelarbeiten Rudi\/Bibelarbeiten Lukas.pdf\" target=\"_blank\" rel=\"noopener\" data-wplink-url-error=\"true\">Lukas<\/a><\/strong><span style=\"color: #808080;\"> (von Rudi Hoffarth)<\/span><strong><a href=\"http:\/\/www.jungschar.biz\/wp-content\/uploads\/AndachtBA\/Lager2022\/Menschen begegnen Jesus begegnet Menschen.pdf\" target=\"_blank\" rel=\"noopener\"><br \/>\n<\/a><\/strong><\/p>\n<p><strong><span style=\"color: #ff0000;\">\u2022<\/span> <a href=\"http:\/\/www.jungschar.biz\/wp-content\/uploads\/JSBuendisch\/AndachtBA\/Lager 2022\/Menschen begegnen Jesus begegnet Menschen.pdf\" target=\"_blank\" rel=\"noopener\" data-wplink-url-error=\"true\">Menschen begegnen Jesus begegnet Menschen<\/a><\/strong><\/p>\n<p><strong><span style=\"color: #ff0000;\">\u2022<\/span> <a href=\"http:\/\/www.jungschar.biz\/wp-content\/uploads\/JSBuendisch\/AndachtBA\/Lager 2022\/Bibelseminar Lukas.pdf\" target=\"_blank\" rel=\"noopener\" data-wplink-url-error=\"true\">Bibelseminar Lukas<\/a><\/strong><\/p>\n<p><strong><span style=\"color: #ff0000;\">\u2022<\/span> <span style=\"color: #008000;\">Biblische Geschichten aus dem gro\u00dfen Erz\u00e4hlbuch<\/span><br \/>\n<\/strong><span style=\"color: #ffffff;\">&#8212;-<\/span><strong><a href=\"http:\/\/www.jungschar.biz\/wp-content\/uploads\/JSBuendisch\/AndachtBA\/Lager 2022\/Lukas - Erzaehlbibel A4.pdf\" target=\"_blank\" rel=\"noopener\" data-wplink-url-error=\"true\">DIN A 4<\/a><br \/>\n<\/strong><span style=\"color: #ffffff;\">&#8212;-<\/span><a href=\"http:\/\/www.jungschar.biz\/wp-content\/uploads\/JSBuendisch\/AndachtBA\/Lager 2022\/Lukas - Erzaehlbibel v.pdf\" target=\"_blank\" rel=\"noopener\" data-wplink-url-error=\"true\"><strong>DIN A 5<\/strong><\/a><span style=\"color: #888888;\"> &#8211; Vorderseiten<\/span><strong><br \/>\n<\/strong><span style=\"color: #ffffff;\">&#8212;-<\/span><a href=\"http:\/\/www.jungschar.biz\/wp-content\/uploads\/JSBuendisch\/AndachtBA\/Lager 2022\/Lukas - Erzaehlbibel r.pdf\" target=\"_blank\" rel=\"noopener\" data-wplink-url-error=\"true\"><strong>DIN A 5<\/strong><\/a><span style=\"color: #888888;\"> &#8211; R\u00fcckseiten<\/span><\/p>\n<p><strong><span style=\"color: #ff0000;\">\u2022<\/span> <span style=\"color: #008000;\">Biblische Geschichten f\u00fcr Kinder<\/span><br \/>\n<span style=\"color: #ffffff;\">&#8211;<\/span><\/strong><span style=\"color: #ffffff;\">&#8212;<\/span><strong><a href=\"http:\/\/www.jungschar.biz\/wp-content\/uploads\/JSBuendisch\/AndachtBA\/Lager 2022\/BGfK (Lukas) A4.pdf\" target=\"_blank\" rel=\"noopener\" data-wplink-url-error=\"true\">DIN A 4<\/a><br \/>\n<\/strong><span style=\"color: #ffffff;\">&#8212;-<\/span><strong><a href=\"http:\/\/www.jungschar.biz\/wp-content\/uploads\/JSBuendisch\/AndachtBA\/Lager 2022\/BGfK (Lukas) v.pdf\" target=\"_blank\" rel=\"noopener\" data-wplink-url-error=\"true\">DIN A 5 <\/a><\/strong><span style=\"color: #888888;\">&#8211; Vorderseiten<\/span><strong><br \/>\n<\/strong><span style=\"color: #ffffff;\">&#8212;-<\/span><a href=\"http:\/\/www.jungschar.biz\/wp-content\/uploads\/JSBuendisch\/AndachtBA\/Lager 2022\/BGfK (Lukas) r.pdf\" target=\"_blank\" rel=\"noopener\" data-wplink-url-error=\"true\"><strong>D<\/strong><strong>I<\/strong><strong>N A 5 <\/strong><\/a><span style=\"color: #888888;\">&#8211; R\u00fcckseiten<\/span><\/p>\n<p><strong><span style=\"color: #ff0000;\">\u2022<\/span> <span style=\"color: #008000;\">Kommentare<\/span><br \/>\n<span style=\"color: #ffffff;\">.-..<\/span><a href=\"http:\/\/www.jungschar.biz\/wp-content\/uploads\/JSBuendisch\/AndachtBA\/Lager 2022\/K Lukas CV A4.pdf\" target=\"_blank\" rel=\"noopener\" data-wplink-url-error=\"true\">CV-Kommentar <\/a><\/strong><span style=\"color: #888888;\">DIN A 4<\/span><strong><br \/>\n<span style=\"color: #ffffff;\"><strong>..-.<\/strong><\/span><a href=\"http:\/\/www.jungschar.biz\/wp-content\/uploads\/JSBuendisch\/AndachtBA\/Lager 2022\/K Lukas CV v.pdf\" target=\"_blank\" rel=\"noopener\" data-wplink-url-error=\"true\">CV-Kommentar <\/a><\/strong><span style=\"color: #888888;\">DIN A 5 &#8211; Vorderseiten<\/span><strong><br \/>\n<span style=\"color: #ffffff;\">.-..<\/span><a href=\"http:\/\/www.jungschar.biz\/wp-content\/uploads\/JSBuendisch\/AndachtBA\/Lager 2022\/K Lukas CV r.pdf\" target=\"_blank\" rel=\"noopener\" data-wplink-url-error=\"true\">CV-Kommentar <\/a><\/strong><span style=\"color: #888888;\">DIN A 5 &#8211; R\u00fcckseiten<\/span><strong><a href=\"http:\/\/www.jungschar.biz\/wp-content\/uploads\/AndachtBA\/Lager2022\/K Lukas CV r.pdf\" target=\"_blank\" rel=\"noopener\"><br \/>\n<\/a><\/strong><span style=\"color: #ffffff;\">&#8230;<\/span><span style=\"color: #808080;\">&#8212;&#8212;&#8212;&#8212;&#8212;<\/span><strong><br \/>\n<span style=\"color: #ffffff;\">.-..<\/span><a href=\"http:\/\/www.jungschar.biz\/wp-content\/uploads\/JSBuendisch\/AndachtBA\/Lager 2022\/K Lukas W MacDonald A4.pdf\" target=\"_blank\" rel=\"noopener\" data-wplink-url-error=\"true\">W. MacDonald <\/a><\/strong><span style=\"color: #888888;\">DIN A 4<\/span><strong><br \/>\n<span style=\"color: #ffffff;\">.-..<\/span><a href=\"http:\/\/www.jungschar.biz\/wp-content\/uploads\/JSBuendisch\/AndachtBA\/Lager 2022\/K Lukas W MacDonald v.pdf\" target=\"_blank\" rel=\"noopener\" data-wplink-url-error=\"true\">W. MacDonald <\/a><\/strong><span style=\"color: #888888;\">DIN A 5 &#8211; Vorderseiten<\/span><strong><br \/>\n<span style=\"color: #ffffff;\">.-..<\/span><a href=\"http:\/\/www.jungschar.biz\/wp-content\/uploads\/JSBuendisch\/AndachtBA\/Lager 2022\/K Lukas W MacDonald r.pdf\" target=\"_blank\" rel=\"noopener\" data-wplink-url-error=\"true\">W. MacDonald <\/a><\/strong><span style=\"color: #888888;\">DIN A 5 &#8211; R\u00fcckseiten<\/span><strong><br \/>\n<\/strong><\/p>\n<p><strong><span style=\"color: #339966;\">\u2022<\/span> <a href=\"http:\/\/www.jungschar.biz\/wp-content\/uploads\/JSBuendisch\/AndachtBA\/Lager 2022\/Bibeltexte Lukas.pdf\" target=\"_blank\" rel=\"noopener\" data-wplink-url-error=\"true\">Bibeltexte aus dem Lukasevangelium <\/a><\/strong><span style=\"color: #808080;\">in acht \u00dcbersetzungen<\/span><strong><a href=\"http:\/\/www.jungschar.biz\/wp-content\/uploads\/AndachtBA\/Lager2022\/Bibeltexte Lukas.pdf\" target=\"_blank\" rel=\"noopener\"><br \/>\n<\/a><\/strong><span style=\"color: #ffffff;\">&#8230;&#8230;..<\/span><span style=\"color: #888888;\">(Luther 2017, Basis Bibel, Gute Nachricht Bibel, Hoffnung f\u00fcr alle,<br \/>\n<span style=\"color: #ffffff;\">&#8230;&#8230;..<\/span>Elberfelder, Menge-\u00dcbersetzung, Schlachter 2000, Neue Genfer \u00dcbersetzung)<\/span><\/p>\n<p><strong>\u2022 <a href=\"http:\/\/www.jungschar.biz\/wp-content\/uploads\/JSBuendisch\/AndachtBA\/Lager 2022\/Bibelquiz Lukasevangelium.pdf\" target=\"_blank\" rel=\"noopener\" data-wplink-url-error=\"true\">Bibelquiz zum Lukasevangelium <\/a><\/strong><span style=\"color: #808080;\">(im Scheckkartenformat zum Einlaminieren)<\/span><strong><br \/>\n<\/strong> <span style=\"color: #808080;\"><span style=\"color: #ffffff;\">&#8230;&#8230;..<\/span>Ungerade Seiten = Vorderseiten<\/span><br \/>\n<span style=\"color: #808080;\"><span style=\"color: #ffffff;\">&#8230;&#8230;..<\/span>Gerade Seiten&nbsp;&nbsp;&nbsp; = R\u00fcckseiten<\/span><strong><br \/>\n<\/strong><\/p>\n<p><strong><span style=\"color: #ff6600;\">\u2022<\/span> K\u00e4rtchen mit Lagerlied und -losung 2022 <\/strong><span style=\"color: #888888;\">(folgt)<\/span><strong><br \/>\n<\/strong><\/p>\n<h5>\u2013<\/h5>\n<h5><strong>\u2039<\/strong> <a href=\"http:\/\/www.jungschar.biz\/?page_id=628\">nach oben<\/a><\/h5>\n<h5><strong>\u2039<\/strong> <a href=\"http:\/\/www.jungschar.biz\/?page_id=1991\">zur\u00fcck zu den<\/a> \u00bb <a href=\"http:\/\/www.jungschar.biz\/?page_id=1991\">Ritterlagern<\/a><\/h5>\n<h5><strong>\u2039<\/strong> <a href=\"http:\/\/www.jungschar.biz\/?page_id=1963\">zur\u00fcck zu Downloads<\/a> \u2022 <a href=\"http:\/\/www.jungschar.biz\/?page_id=1963\">Andachten und Bibelarbeiten<\/a><\/h5>\n<h5><strong>\u2039<\/strong> <a href=\"http:\/\/www.jungschar.biz\/?page_id=10\">zur\u00fcck zu <strong>Downloads<\/strong><\/a><\/h5>\n<h5><strong>\u2039<\/strong> <a href=\"http:\/\/www.jungschar.biz\/\">zur\u00fcck zur <strong>Startseite<\/strong><\/a><\/h5>\n","protected":false},"excerpt":{"rendered":"<p>Bibelarbeitsmaterial f\u00fcr Bundeslager 2022 (Ritterlager 2028) \u2022 Mit Jesus unterwegs (Bibelarbeiten aus dem Lukasevangelium) \u2022 Lukas (von Rudi Hoffarth) \u2022 Menschen begegnen Jesus begegnet Menschen \u2022 Bibelseminar Lukas \u2022 Biblische Geschichten aus dem gro\u00dfen Erz\u00e4hlbuch &#8212;-DIN A 4 &#8212;-DIN A 5 &#8211; Vorderseiten &#8212;-DIN A 5 &#8211; R\u00fcckseiten \u2022 Biblische Geschichten f\u00fcr Kinder &#8211;&#8212;DIN A [&hellip;]<\/p>\n","protected":false},"author":3,"featured_media":0,"parent":1991,"menu_order":5,"comment_status":"closed","ping_status":"closed","template":"","meta":{"ngg_post_thumbnail":0},"_links":{"self":[{"href":"http:\/\/www.jungschar.biz\/index.php?rest_route=\/wp\/v2\/pages\/6974"}],"collection":[{"href":"http:\/\/www.jungschar.biz\/index.php?rest_route=\/wp\/v2\/pages"}],"about":[{"href":"http:\/\/www.jungschar.biz\/index.php?rest_route=\/wp\/v2\/types\/page"}],"author":[{"embeddable":true,"href":"http:\/\/www.jungschar.biz\/index.php?rest_route=\/wp\/v2\/users\/3"}],"replies":[{"embeddable":true,"href":"http:\/\/www.jungschar.biz\/index.php?rest_route=%2Fwp%2Fv2%2Fcomments&post=6974"}],"version-history":[{"count":83,"href":"http:\/\/www.jungschar.biz\/index.php?rest_route=\/wp\/v2\/pages\/6974\/revisions"}],"predecessor-version":[{"id":9640,"href":"http:\/\/www.jungschar.biz\/index.php?rest_route=\/wp\/v2\/pages\/6974\/revisions\/9640"}],"up":[{"embeddable":true,"href":"http:\/\/www.jungschar.biz\/index.php?rest_route=\/wp\/v2\/pages\/1991"}],"wp:attachment":[{"href":"http:\/\/www.jungschar.biz\/index.php?rest_route=%2Fwp%2Fv2%2Fmedia&parent=6974"}],"curies":[{"name":"wp","href":"https:\/\/api.w.org\/{rel}","templated":true}]}}