{"id":659,"date":"2010-02-14T12:48:34","date_gmt":"2010-02-14T11:48:34","guid":{"rendered":"http:\/\/www.jungschar.biz\/w\/?page_id=659"},"modified":"2020-01-27T18:43:51","modified_gmt":"2020-01-27T17:43:51","slug":"%e2%80%ba-formulare-fur-komturen-und-ihre-burg","status":"publish","type":"page","link":"http:\/\/www.jungschar.biz\/?page_id=659","title":{"rendered":"\u203a Formulare f\u00fcr Komture"},"content":{"rendered":"<p><span style=\"color: #800000;\">Formulare f\u00fcr die Lagerbank:<\/span><\/p>\n<p><strong><span style=\"color: #ff0000;\">\u2022<\/span> <\/strong><a href=\"http:\/\/http:\/\/www.jungschar.biz\/wp-content\/uploads\/Lager\/LagerKomtur\/Auszahlungswunsch.pdf\"><strong>Auszahlungswunsch<\/strong><\/a> (z. B. f\u00fcr Tagesfahrt)<\/p>\n<p><strong><span style=\"color: #ff0000;\">\u2022<\/span> <\/strong><a href=\"http:\/\/www.jungschar.biz\/wp-content\/uploads\/Lager\/LagerKomtur\/Ueberweisungsvordruck.pdf\"><strong>\u00dcberweisungsvordruck<\/strong><\/a> (von Konto zu Konto)<\/p>\n<p><span style=\"color: #800000;\">Formulare f\u00fcr kulturelle Wettk\u00e4mpfe:<\/span><\/p>\n<p><strong><span style=\"color: #ff0000;\">\u2022<\/span> <\/strong><a href=\"http:\/\/www.jungschar.biz\/wp-content\/uploads\/Lager\/LagerKomtur\/Erzaehlerwettstreit.pdf\"><strong>Erz\u00e4hlerwettstreit<\/strong><\/a> (Vordrucke f\u00fcr Punktrichter)<\/p>\n<p><strong><span style=\"color: #ff0000;\">\u2022<\/span> <\/strong><a href=\"http:\/\/www.jungschar.biz\/wp-content\/uploads\/Lager\/LagerKomtur\/Saengerwettstreit.pdf\"><strong>S\u00e4ngerwettstreit<\/strong><\/a> (Vordrucke f\u00fcr Punktrichter)<\/p>\n<p><span style=\"color: #800000;\">Formulare f\u00fcr die Turniere:<\/span><\/p>\n<p><strong><span style=\"color: #ff0000;\">\u2022<\/span> <\/strong><a href=\"http:\/\/www.jungschar.biz\/wp-content\/uploads\/Lager\/LagerKomtur\/Turnierplaene.pdf\"><strong>Turnierpl\u00e4ne <\/strong><\/a><\/p>\n<p><strong><span style=\"color: #ff0000;\">\u2022<\/span> <\/strong><a href=\"http:\/\/www.jungschar.biz\/wp-content\/uploads\/Lager\/LagerKomtur\/Turnierauswertung.pdf\"><strong>Turnierauswertung <\/strong><\/a><\/p>\n<p><span style=\"color: #800000;\">Sonstige:<\/span><\/p>\n<p><strong><span style=\"color: #ff0000;\">\u2022<\/span> <\/strong><a href=\"http:\/\/www.jungschar.biz\/wp-content\/uploads\/Lager\/LagerKomtur\/Wachplan.pdf\"><strong>Wachplan <\/strong><\/a><\/p>\n<p><span style=\"color: #000000;\"><strong><span style=\"color: #ff0000;\">\u2022<\/span> <\/strong><a href=\"http:\/\/www.jungschar.biz\/wp-content\/uploads\/JSBuendisch\/buendischeJS\/Halstuchpruefungszettel-2015.pdf\" target=\"_blank\"><strong>Halstuchpr\u00fcfungszettel <\/strong><\/a><\/span><\/p>\n<p><strong><span style=\"color: #ff0000;\">\u2022<\/span> <\/strong><a href=\"http:\/\/www.jungschar.biz\/wp-content\/uploads\/Lager\/LagerKomtur\/Befoerderungsantraege.pdf\"><strong>Bef\u00f6rderungsantr\u00e4ge<\/strong><\/a> (Knappe bis Freiherr)<\/p>\n<p><strong><span style=\"color: #ff0000;\">\u2022<\/span> <\/strong><strong><a href=\"http:\/\/www.jungschar.biz\/wp-content\/uploads\/Lager\/LagerKanzler\/Lagertage 2010-10.pdf\" target=\"_blank\">Berechnung der Lagertage<\/a><\/strong> (f\u00fcr Bef\u00f6rderungen)<\/p>\n<h5><span style=\"color: #c0c0c0;\">\u2013<\/span><\/h5>\n<h5><span style=\"color: #ff0000;\">\u2039<\/span> <a href=\"http:\/\/www.jungschar.biz\/?page_id=659\">nach oben<\/a><\/h5>\n<h5><span style=\"color: #ff0000;\"><strong>\u2039<\/strong><\/span> <a href=\"http:\/\/www.jungschar.biz\/?page_id=301\">zur\u00fcck <\/a><span style=\"color: #003300;\"><a href=\"http:\/\/www.jungschar.biz\/?page_id=301\">zu Downloads<\/a> <span style=\"color: #ff0000;\">\u00bb<\/span> <a href=\"http:\/\/www.jungschar.biz\/?page_id=301\">Freizeiten und Lager<\/a><\/span><\/h5>\n<h5><span style=\"color: #ff0000;\"><strong>\u2039<\/strong><\/span> <a href=\"http:\/\/www.jungschar.biz\/?page_id=120\">zur\u00fcck <\/a><span style=\"color: #003300;\"><a href=\"http:\/\/www.jungschar.biz\/?page_id=120\">zu Downloads<\/a> <span style=\"color: #ff0000;\">\u2022<\/span> <a href=\"http:\/\/www.jungschar.biz\/?page_id=120\">CVJM-Jungschar b\u00fcndisch<\/a><\/span><\/h5>\n<h5><span style=\"color: #ff0000;\"><strong>\u2039<\/strong><\/span> <a href=\"http:\/\/www.jungschar.biz\/?page_id=10\">zur\u00fcck zu <strong>Downloads<\/strong><\/a><\/h5>\n<h5><span style=\"color: #ff0000;\"><strong>\u2039<\/strong><\/span> <a href=\"http:\/\/www.jungschar.biz\">zur\u00fcck zur <strong>Startseite<\/strong><\/a><\/h5>\n","protected":false},"excerpt":{"rendered":"<p>Formulare f\u00fcr die Lagerbank: \u2022 Auszahlungswunsch (z. B. f\u00fcr Tagesfahrt) \u2022 \u00dcberweisungsvordruck (von Konto zu Konto) Formulare f\u00fcr kulturelle Wettk\u00e4mpfe: \u2022 Erz\u00e4hlerwettstreit (Vordrucke f\u00fcr Punktrichter) \u2022 S\u00e4ngerwettstreit (Vordrucke f\u00fcr Punktrichter) Formulare f\u00fcr die Turniere: \u2022 Turnierpl\u00e4ne \u2022 Turnierauswertung Sonstige: \u2022 Wachplan \u2022 Halstuchpr\u00fcfungszettel \u2022 Bef\u00f6rderungsantr\u00e4ge (Knappe bis Freiherr) \u2022 Berechnung der Lagertage (f\u00fcr Bef\u00f6rderungen) \u2013 [&hellip;]<\/p>\n","protected":false},"author":3,"featured_media":0,"parent":301,"menu_order":2,"comment_status":"closed","ping_status":"closed","template":"","meta":{"ngg_post_thumbnail":0},"_links":{"self":[{"href":"http:\/\/www.jungschar.biz\/index.php?rest_route=\/wp\/v2\/pages\/659"}],"collection":[{"href":"http:\/\/www.jungschar.biz\/index.php?rest_route=\/wp\/v2\/pages"}],"about":[{"href":"http:\/\/www.jungschar.biz\/index.php?rest_route=\/wp\/v2\/types\/page"}],"author":[{"embeddable":true,"href":"http:\/\/www.jungschar.biz\/index.php?rest_route=\/wp\/v2\/users\/3"}],"replies":[{"embeddable":true,"href":"http:\/\/www.jungschar.biz\/index.php?rest_route=%2Fwp%2Fv2%2Fcomments&post=659"}],"version-history":[{"count":54,"href":"http:\/\/www.jungschar.biz\/index.php?rest_route=\/wp\/v2\/pages\/659\/revisions"}],"predecessor-version":[{"id":684,"href":"http:\/\/www.jungschar.biz\/index.php?rest_route=\/wp\/v2\/pages\/659\/revisions\/684"}],"up":[{"embeddable":true,"href":"http:\/\/www.jungschar.biz\/index.php?rest_route=\/wp\/v2\/pages\/301"}],"wp:attachment":[{"href":"http:\/\/www.jungschar.biz\/index.php?rest_route=%2Fwp%2Fv2%2Fmedia&parent=659"}],"curies":[{"name":"wp","href":"https:\/\/api.w.org\/{rel}","templated":true}]}}