{"id":6502,"date":"2016-01-18T11:28:51","date_gmt":"2016-01-18T10:28:51","guid":{"rendered":"http:\/\/www.jungschar.biz\/w\/?page_id=6502"},"modified":"2020-07-19T11:34:37","modified_gmt":"2020-07-19T10:34:37","slug":"die-junge-schar","status":"publish","type":"page","link":"http:\/\/www.jungschar.biz\/?page_id=6502","title":{"rendered":"\u00bbdie junge schar\u00ab"},"content":{"rendered":"<p style=\"text-align: left;\">Endlich hat die b\u00fcndische Jungschar wieder ein \u00bbBl\u00e4ttchen\u00ab &#8211; \u00bbdie junge schar\u00ab!<\/p>\n<p style=\"text-align: left;\">Das Mitteilungsblatt f\u00fcr b\u00fcndische Jungscharen mit Einladungen, Berichten, Bildern, Terminen usw.<br \/>\nWenn du deine b\u00fcndische Jungschar vorstellen willst oder wenn du einen Bericht mit oder ohne Bild hast; schicke ihn an <a href=\"mailto:djs@jungschar.biz\">djs@jungschar.biz<\/a> (G\u00fcnter Reinschmidt) und du bist in einem der n\u00e4chsten \u00bbBl\u00e4ttchen\u00ab mit drin.<\/p>\n<p style=\"text-align: left;\">Und hier geht es zu den Downloads:<br \/>\n\u0081<span style=\"color: #008000;\"><strong>\u2022<\/strong><\/span> \u00bbdie junge schar\u00ab <a href=\"http:\/\/www.jungschar.biz\/?page_id=6508\">2016<br \/>\n<\/a><span style=\"color: #ff0000;\"><strong>\u2022<\/strong><\/span> \u00bbdie junge schar\u00ab <a href=\"http:\/\/www.jungschar.biz\/?page_id=6755\" target=\"_blank\">2017<\/a><a href=\"http:\/\/www.jungschar.biz\/?page_id=6508\"><br \/>\n<\/a><span style=\"color: #3366ff;\"><strong>\u2022<\/strong><\/span> \u00bbdie junge schar\u00ab <a href=\"http:\/\/www.jungschar.biz\/?page_id=7044\" target=\"_blank\">2018<\/a><a href=\"http:\/\/www.jungschar.biz\/?page_id=6508\"><br \/>\n<\/a><span style=\"color: #009900;\"><strong>\u2022<\/strong><\/span> \u00bbdie junge schar\u00ab <a href=\"http:\/\/www.jungschar.biz\/?page_id=7668\" target=\"_blank\">2019<\/a><a href=\"http:\/\/www.jungschar.biz\/?page_id=6508\"><br \/>\n<\/a><span style=\"color: #ff6600;\"><strong>\u2022<\/strong><\/span> \u00bbdie junge schar\u00ab <a href=\"http:\/\/www.jungschar.biz\/?page_id=7968\">2020<\/a><a href=\"http:\/\/www.jungschar.biz\/?page_id=6508\"><br \/>\n<\/a><\/p>\n","protected":false},"excerpt":{"rendered":"<p>Endlich hat die b\u00fcndische Jungschar wieder ein \u00bbBl\u00e4ttchen\u00ab &#8211; \u00bbdie junge schar\u00ab! Das Mitteilungsblatt f\u00fcr b\u00fcndische Jungscharen mit Einladungen, Berichten, Bildern, Terminen usw. Wenn du deine b\u00fcndische Jungschar vorstellen willst oder wenn du einen Bericht mit oder ohne Bild hast; schicke ihn an djs@jungschar.biz (G\u00fcnter Reinschmidt) und du bist in einem der n\u00e4chsten \u00bbBl\u00e4ttchen\u00ab mit [&hellip;]<\/p>\n","protected":false},"author":3,"featured_media":0,"parent":0,"menu_order":5,"comment_status":"closed","ping_status":"closed","template":"","meta":{"ngg_post_thumbnail":0},"_links":{"self":[{"href":"http:\/\/www.jungschar.biz\/index.php?rest_route=\/wp\/v2\/pages\/6502"}],"collection":[{"href":"http:\/\/www.jungschar.biz\/index.php?rest_route=\/wp\/v2\/pages"}],"about":[{"href":"http:\/\/www.jungschar.biz\/index.php?rest_route=\/wp\/v2\/types\/page"}],"author":[{"embeddable":true,"href":"http:\/\/www.jungschar.biz\/index.php?rest_route=\/wp\/v2\/users\/3"}],"replies":[{"embeddable":true,"href":"http:\/\/www.jungschar.biz\/index.php?rest_route=%2Fwp%2Fv2%2Fcomments&post=6502"}],"version-history":[{"count":24,"href":"http:\/\/www.jungschar.biz\/index.php?rest_route=\/wp\/v2\/pages\/6502\/revisions"}],"predecessor-version":[{"id":6507,"href":"http:\/\/www.jungschar.biz\/index.php?rest_route=\/wp\/v2\/pages\/6502\/revisions\/6507"}],"wp:attachment":[{"href":"http:\/\/www.jungschar.biz\/index.php?rest_route=%2Fwp%2Fv2%2Fmedia&parent=6502"}],"curies":[{"name":"wp","href":"https:\/\/api.w.org\/{rel}","templated":true}]}}