{"id":6299,"date":"2015-03-26T07:37:22","date_gmt":"2015-03-26T06:37:22","guid":{"rendered":"http:\/\/www.jungschar.biz\/w\/?page_id=6299"},"modified":"2015-03-26T08:40:18","modified_gmt":"2015-03-26T07:40:18","slug":"%e2%80%a2-gemeindeleitung","status":"publish","type":"page","link":"http:\/\/www.jungschar.biz\/?page_id=6299","title":{"rendered":"\u2022 Verantwortliche"},"content":{"rendered":"<p>In einer Gemeinschaft gibt es viele Aufgaben und Dienste.<br \/>\n<strong><span style=\"color: #008000;\">Hier findet ihr die jeweiligen Verantwortlichen.<\/span><\/strong><br \/>\n(F\u00fcr Anregungen, Gespr\u00e4che, usw. stehen wir gerne zur Verf\u00fcgung.)<\/p>\n<p><strong>\n<table id=\"wp-table-reloaded-id-34-no-1\" class=\"wp-table-reloaded wp-table-reloaded-id-34\">\n<thead>\n\t<tr class=\"row-1 odd\">\n\t\t<th class=\"column-1\">Name<\/th><th class=\"column-2\">Aufgabe<\/th><th class=\"column-3\">Mail<\/th><th class=\"column-4\">Telefon<\/th><th class=\"column-5\">Bemerkungen<\/th>\n\t<\/tr>\n<\/thead>\n<tbody class=\"row-hover\">\n\t<tr class=\"row-2 even\">\n\t\t<td class=\"column-1\"><\/td><td class=\"column-2\"><\/td><td class=\"column-3\"><\/td><td class=\"column-4\"><\/td><td class=\"column-5\"><\/td>\n\t<\/tr>\n\t<tr class=\"row-3 odd\">\n\t\t<td colspan=\"2\" class=\"column-1 colspan-2\"><font color=#004400><strong>\u00bb G e m e i n d e l e i t u n g \u00ab<\/td><td class=\"column-3\"><\/td><td class=\"column-4\"><\/td><td class=\"column-5\"><\/td>\n\t<\/tr>\n\t<tr class=\"row-4 even\">\n\t\t<td class=\"column-1\"><\/td><td class=\"column-2\"><\/td><td class=\"column-3\"><\/td><td class=\"column-4\"><\/td><td class=\"column-5\"><\/td>\n\t<\/tr>\n\t<tr class=\"row-5 odd\">\n\t\t<td class=\"column-1\"><font color=#007700>Br\u00e4uer, Gottfried<\/td><td class=\"column-2\"><font color=#007700>Terminkoordination<\/td><td class=\"column-3\"><font color=#007700>info@braeuer-burbach.de<\/td><td class=\"column-4\"><font color=#007700>(0 27 35) 12 66<\/td><td class=\"column-5\"><\/td>\n\t<\/tr>\n\t<tr class=\"row-6 even\">\n\t\t<td class=\"column-1\"><font color=#004400>Br\u00e4uer, Johannes<\/td><td class=\"column-2\"><font color=#004400>Vertreter des CVJM<\/td><td class=\"column-3\"><font color=#004400>johannesbraeuer@gmx.de<\/td><td class=\"column-4\"><font color=#004400>(0 27 35) 7 63 97 03<\/td><td class=\"column-5\"><\/td>\n\t<\/tr>\n\t<tr class=\"row-7 odd\">\n\t\t<td class=\"column-1\"><font color=#007700>Enners, J\u00fcrgen<\/td><td class=\"column-2\"><\/td><td class=\"column-3\"><font color=#007700>j-enners@t-online.de<\/td><td class=\"column-4\"><font color=#007700>(0 27 35) 13 70<\/td><td class=\"column-5\"><\/td>\n\t<\/tr>\n\t<tr class=\"row-8 even\">\n\t\t<td class=\"column-1\"><font color=#007700>Manderbach, Steffen<\/td><td class=\"column-2\"><\/td><td class=\"column-3\"><font color=#007700>stmanderbach@gmx.de<\/td><td class=\"column-4\"><font color=#007700>(0 27 35) 14 52<\/td><td class=\"column-5\"><\/td>\n\t<\/tr>\n\t<tr class=\"row-9 odd\">\n\t\t<td class=\"column-1\"><font color=#007700>Ke\u00dfler, Michael<\/td><td class=\"column-2\"><\/td><td class=\"column-3\"><font color=#007700>migakessler@web.de<\/td><td class=\"column-4\"><font color=#007700>(0 27 35) 66 10<\/td><td class=\"column-5\"><\/td>\n\t<\/tr>\n\t<tr class=\"row-10 even\">\n\t\t<td class=\"column-1\"><font color=#004400>Reinschmidt, G\u00fcnter<\/td><td class=\"column-2\"><font color=#004400>Schriftf\u00fchrer + Terminkoordination<\/td><td class=\"column-3\"><font color=#004400>gero@jungschar.biz<\/td><td class=\"column-4\"><font color=#004400>(0 27 35) 13 72<br \/>\r\n(01 52) 34 18 40 99<\/td><td class=\"column-5\"><\/td>\n\t<\/tr>\n\t<tr class=\"row-11 odd\">\n\t\t<td class=\"column-1\"><font color=#007700>Willwacher, Volkhard<\/td><td class=\"column-2\"><font color=#007700>Kassierer<\/td><td class=\"column-3\"><font color=#007700>v.willwacher@unitybox.de<\/td><td class=\"column-4\"><font color=#007700>(0 27 35) 6 01 01<\/td><td class=\"column-5\"><\/td>\n\t<\/tr>\n\t<tr class=\"row-12 even\">\n\t\t<td class=\"column-1\"><\/td><td class=\"column-2\"><\/td><td class=\"column-3\"><\/td><td class=\"column-4\"><\/td><td class=\"column-5\"><\/td>\n\t<\/tr>\n\t<tr class=\"row-13 odd\">\n\t\t<td class=\"column-1\"><font color=#777777>------------------------------<\/td><td class=\"column-2\"><\/td><td class=\"column-3\"><\/td><td class=\"column-4\"><\/td><td class=\"column-5\"><\/td>\n\t<\/tr>\n\t<tr class=\"row-14 even\">\n\t\t<td class=\"column-1\"><\/td><td class=\"column-2\"><\/td><td class=\"column-3\"><\/td><td class=\"column-4\"><\/td><td class=\"column-5\"><\/td>\n\t<\/tr>\n\t<tr class=\"row-15 odd\">\n\t\t<td colspan=\"2\" class=\"column-1 colspan-2\"><font color=#0000BB><strong>\u00bb B e s u c h s d i e n s t \u00ab<\/td><td class=\"column-3\"><\/td><td class=\"column-4\"><\/td><td class=\"column-5\"><\/td>\n\t<\/tr>\n\t<tr class=\"row-16 even\">\n\t\t<td class=\"column-1\"><\/td><td class=\"column-2\"><\/td><td class=\"column-3\"><\/td><td class=\"column-4\"><\/td><td class=\"column-5\"><\/td>\n\t<\/tr>\n\t<tr class=\"row-17 odd\">\n\t\t<td class=\"column-1\"><font color=#0000BB>Jung, Hilde<\/td><td class=\"column-2\"><\/td><td class=\"column-3\"><\/td><td class=\"column-4\"><font color=#000099>(0 27 35) 6 01 84<\/td><td class=\"column-5\"><\/td>\n\t<\/tr>\n\t<tr class=\"row-18 even\">\n\t\t<td class=\"column-1\"><font color=#0000BB>Manderbach, Margit<\/td><td class=\"column-2\"><\/td><td class=\"column-3\"><\/td><td class=\"column-4\"><font color=#000099>(0 27 35) 14 52<\/td><td class=\"column-5\"><\/td>\n\t<\/tr>\n\t<tr class=\"row-19 odd\">\n\t\t<td class=\"column-1\"><\/td><td class=\"column-2\"><\/td><td class=\"column-3\"><\/td><td class=\"column-4\"><\/td><td class=\"column-5\"><\/td>\n\t<\/tr>\n\t<tr class=\"row-20 even\">\n\t\t<td class=\"column-1\"><font color=#777777>------------------------------<\/td><td class=\"column-2\"><\/td><td class=\"column-3\"><\/td><td class=\"column-4\"><\/td><td class=\"column-5\"><\/td>\n\t<\/tr>\n\t<tr class=\"row-21 odd\">\n\t\t<td class=\"column-1\"><\/td><td class=\"column-2\"><\/td><td class=\"column-3\"><\/td><td class=\"column-4\"><\/td><td class=\"column-5\"><\/td>\n\t<\/tr>\n\t<tr class=\"row-22 even\">\n\t\t<td colspan=\"2\" class=\"column-1 colspan-2\"><font color=#DD0000><strong>\u00bb H a u s k r e i s e \u00ab<\/td><td class=\"column-3\"><\/td><td class=\"column-4\"><\/td><td class=\"column-5\"><\/td>\n\t<\/tr>\n\t<tr class=\"row-23 odd\">\n\t\t<td class=\"column-1\"><\/td><td class=\"column-2\"><\/td><td class=\"column-3\"><\/td><td class=\"column-4\"><\/td><td class=\"column-5\"><\/td>\n\t<\/tr>\n\t<tr class=\"row-24 even\">\n\t\t<td class=\"column-1\"><font color=#DD0000>Enners, J\u00fcrgen + Regine<\/td><td class=\"column-2\"><\/td><td class=\"column-3\"><\/td><td class=\"column-4\"><font color=#BB0000>(0 27 35) 13 70<\/td><td class=\"column-5\"><font color=#BB0000>2. Mittwoch im Monat<\/td>\n\t<\/tr>\n\t<tr class=\"row-25 odd\">\n\t\t<td class=\"column-1\"><font color=#DD0000>Manderbach, Steffen<\/td><td class=\"column-2\"><\/td><td class=\"column-3\"><\/td><td class=\"column-4\"><font color=#BB0000>(0 27 35) 14 52<\/td><td class=\"column-5\"><font color=#BB0000>2. Montag im Monat<\/td>\n\t<\/tr>\n\t<tr class=\"row-26 even\">\n\t\t<td class=\"column-1\"><\/td><td class=\"column-2\"><\/td><td class=\"column-3\"><\/td><td class=\"column-4\"><\/td><td class=\"column-5\"><\/td>\n\t<\/tr>\n\t<tr class=\"row-27 odd\">\n\t\t<td class=\"column-1\"><font color=#777777>------------------------------<\/td><td class=\"column-2\"><\/td><td class=\"column-3\"><\/td><td class=\"column-4\"><\/td><td class=\"column-5\"><\/td>\n\t<\/tr>\n\t<tr class=\"row-28 even\">\n\t\t<td class=\"column-1\"><\/td><td class=\"column-2\"><\/td><td class=\"column-3\"><\/td><td class=\"column-4\"><\/td><td class=\"column-5\"><\/td>\n\t<\/tr>\n\t<tr class=\"row-29 odd\">\n\t\t<td colspan=\"2\" class=\"column-1 colspan-2\"><font color=#007733><strong>\u00bb F a h r d i e n s t \u00ab<\/td><td class=\"column-3\"><\/td><td class=\"column-4\"><\/td><td class=\"column-5\"><\/td>\n\t<\/tr>\n\t<tr class=\"row-30 even\">\n\t\t<td class=\"column-1\"><\/td><td class=\"column-2\"><\/td><td class=\"column-3\"><\/td><td class=\"column-4\"><\/td><td class=\"column-5\"><\/td>\n\t<\/tr>\n\t<tr class=\"row-31 odd\">\n\t\t<td class=\"column-1\"><font color=#007733>Jung, Willi<\/td><td class=\"column-2\"><\/td><td class=\"column-3\"><\/td><td class=\"column-4\"><font color=#005511>(0 27 35) 6 01 84<\/td><td class=\"column-5\"><\/td>\n\t<\/tr>\n\t<tr class=\"row-32 even\">\n\t\t<td class=\"column-1\"><\/td><td class=\"column-2\"><\/td><td class=\"column-3\"><\/td><td class=\"column-4\"><\/td><td class=\"column-5\"><\/td>\n\t<\/tr>\n\t<tr class=\"row-33 odd\">\n\t\t<td class=\"column-1\"><font color=#777777>------------------------------<\/td><td class=\"column-2\"><\/td><td class=\"column-3\"><\/td><td class=\"column-4\"><\/td><td class=\"column-5\"><\/td>\n\t<\/tr>\n\t<tr class=\"row-34 even\">\n\t\t<td class=\"column-1\"><\/td><td class=\"column-2\"><\/td><td class=\"column-3\"><\/td><td class=\"column-4\"><\/td><td class=\"column-5\"><\/td>\n\t<\/tr>\n\t<tr class=\"row-35 odd\">\n\t\t<td colspan=\"2\" class=\"column-1 colspan-2\"><font color=#770000><strong>\u00bb  M  a  g  a  z  i  n  \u00ab<\/td><td class=\"column-3\"><\/td><td class=\"column-4\"><\/td><td class=\"column-5\"><\/td>\n\t<\/tr>\n\t<tr class=\"row-36 even\">\n\t\t<td class=\"column-1\"><\/td><td class=\"column-2\"><\/td><td class=\"column-3\"><\/td><td class=\"column-4\"><\/td><td class=\"column-5\"><\/td>\n\t<\/tr>\n\t<tr class=\"row-37 odd\">\n\t\t<td class=\"column-1\"><font color=#770000><strong>Reinschmidt, G\u00fcnter<\/td><td class=\"column-2\"><font color=#770000><strong>\u00bbGemeindeleben aktuell\u00ab<\/td><td class=\"column-3\"><font color=#770000>gero@jungschar.biz<\/td><td class=\"column-4\"><font color=#770000>(0 27 35) 13 72<br \/>\r\n(01 52) 34 18 40 99<\/td><td class=\"column-5\"><\/td>\n\t<\/tr>\n\t<tr class=\"row-38 even\">\n\t\t<td class=\"column-1\"><\/td><td class=\"column-2\"><\/td><td class=\"column-3\"><\/td><td class=\"column-4\"><\/td><td class=\"column-5\"><\/td>\n\t<\/tr>\n<\/tbody>\n<\/table>\n<\/strong><\/p>\n","protected":false},"excerpt":{"rendered":"<p>In einer Gemeinschaft gibt es viele Aufgaben und Dienste. Hier findet ihr die jeweiligen Verantwortlichen. (F\u00fcr Anregungen, Gespr\u00e4che, usw. stehen wir gerne zur Verf\u00fcgung.)<\/p>\n","protected":false},"author":3,"featured_media":0,"parent":6232,"menu_order":8,"comment_status":"closed","ping_status":"closed","template":"","meta":{"ngg_post_thumbnail":0},"_links":{"self":[{"href":"http:\/\/www.jungschar.biz\/index.php?rest_route=\/wp\/v2\/pages\/6299"}],"collection":[{"href":"http:\/\/www.jungschar.biz\/index.php?rest_route=\/wp\/v2\/pages"}],"about":[{"href":"http:\/\/www.jungschar.biz\/index.php?rest_route=\/wp\/v2\/types\/page"}],"author":[{"embeddable":true,"href":"http:\/\/www.jungschar.biz\/index.php?rest_route=\/wp\/v2\/users\/3"}],"replies":[{"embeddable":true,"href":"http:\/\/www.jungschar.biz\/index.php?rest_route=%2Fwp%2Fv2%2Fcomments&post=6299"}],"version-history":[{"count":8,"href":"http:\/\/www.jungschar.biz\/index.php?rest_route=\/wp\/v2\/pages\/6299\/revisions"}],"predecessor-version":[{"id":6311,"href":"http:\/\/www.jungschar.biz\/index.php?rest_route=\/wp\/v2\/pages\/6299\/revisions\/6311"}],"up":[{"embeddable":true,"href":"http:\/\/www.jungschar.biz\/index.php?rest_route=\/wp\/v2\/pages\/6232"}],"wp:attachment":[{"href":"http:\/\/www.jungschar.biz\/index.php?rest_route=%2Fwp%2Fv2%2Fmedia&parent=6299"}],"curies":[{"name":"wp","href":"https:\/\/api.w.org\/{rel}","templated":true}]}}