{"id":547,"date":"2010-02-11T17:52:53","date_gmt":"2010-02-11T16:52:53","guid":{"rendered":"http:\/\/www.jungschar.biz\/w\/?page_id=547"},"modified":"2010-11-04T12:08:50","modified_gmt":"2010-11-04T11:08:50","slug":"%c2%bb-k-2","status":"publish","type":"page","link":"http:\/\/www.jungschar.biz\/?page_id=547","title":{"rendered":"\u2022 K"},"content":{"rendered":"<h5><strong><span style=\"color: #ff0000;\">\u2039<\/span><\/strong> <a href=\"http:\/\/www.jungschar.biz\/?page_id=453\">zur\u00fcck zum <strong>Lexikon<\/strong><\/a><\/h5>\n<h5><span style=\"color: #ffffff;\">\u2013<\/span><\/h5>\n<h2><span style=\"color: #ff0000;\">\u2022 <span style=\"color: #000080;\"><a name=\"Kindergruppe\"><\/a>Kindergruppe<\/span><\/span><\/h2>\n<p><span style=\"color: #000000;\">Kindergruppe\u00a0ist im CVJM die Gruppe der\u00a06 \u2013 8j\u00e4hrigen Jungen und\/oder M\u00e4dchen.<br \/>\n(F\u00fcr diese Altersgruppe fehlt noch ein sch\u00f6nerer Name.)<\/span><\/p>\n<h5><span style=\"color: #000000;\"><span style=\"color: #666699;\">siehe auch<\/span> <span style=\"color: #ff0000;\"><strong>\u00bb<\/strong><\/span> <a href=\"http:\/\/www.jungschar.biz\/?page_id=509#Jungschar\">Jungschar<\/a> <span style=\"color: #666699;\">|<\/span> <a href=\"http:\/\/www.jungschar.biz\/?page_id=734#MiniJungschar\">Mini-Jungschar<\/a><\/span><\/h5>\n<h5><span style=\"color: #ffffff;\">\u2013<\/span><\/h5>\n<h2><span style=\"color: #ff0000;\">\u2022<\/span> <span style=\"color: #000080;\"><a name=\"Kleingruppen\"><\/a>Kleingruppen<\/span><\/h2>\n<p>Die Jungschar ist in zwei bis vier (oder mehr) Kleingruppen unterteilt.<br \/>\nDie Kleingruppen sitzen innerhalb der Jungschar zusammen und bilden bei Spielen auch die Spielegruppen. Einer der \u00e4lteren Jungen (\u00bbH\u00e4uptling\u00ab) f\u00fchrt die Gruppe an und ist mitverantwortlich f\u00fcr sie.<br \/>\nDas schlie\u00dft nicht aus, die Jungschar f\u00fcr bestimmte Programmpunkte auch mal altersm\u00e4\u00dfig aufzuteilen.<\/p>\n<h5><span style=\"color: #c0c0c0;\">\u2013<\/span><\/h5>\n<h5><strong><span style=\"color: #ff0000;\">\u2039<\/span><\/strong> <a href=\"http:\/\/www.jungschar.biz\/?page_id=509\">nach oben<\/a><\/h5>\n<h5><strong><span style=\"color: #ff0000;\">\u2039<\/span><\/strong> <a href=\"http:\/\/www.jungschar.biz\/?page_id=453\">zur\u00fcck zum <strong>Lexikon<\/strong><\/a><\/h5>\n<h5><strong><span style=\"color: #ff0000;\">\u2039<\/span><\/strong> <a href=\"http:\/\/www.jungschar.biz\">zur\u00fcck zur <strong>Startseite<\/strong><\/a><\/h5>\n<h5><span style=\"color: #ffffff;\">\u2013<\/span><\/h5>\n","protected":false},"excerpt":{"rendered":"<p>\u2039 zur\u00fcck zum Lexikon \u2013 \u2022 Kindergruppe Kindergruppe\u00a0ist im CVJM die Gruppe der\u00a06 \u2013 8j\u00e4hrigen Jungen und\/oder M\u00e4dchen. (F\u00fcr diese Altersgruppe fehlt noch ein sch\u00f6nerer Name.) siehe auch \u00bb Jungschar | Mini-Jungschar \u2013 \u2022 Kleingruppen Die Jungschar ist in zwei bis vier (oder mehr) Kleingruppen unterteilt. Die Kleingruppen sitzen innerhalb der Jungschar zusammen und bilden [&hellip;]<\/p>\n","protected":false},"author":3,"featured_media":0,"parent":453,"menu_order":10,"comment_status":"closed","ping_status":"closed","template":"","meta":{"ngg_post_thumbnail":0},"_links":{"self":[{"href":"http:\/\/www.jungschar.biz\/index.php?rest_route=\/wp\/v2\/pages\/547"}],"collection":[{"href":"http:\/\/www.jungschar.biz\/index.php?rest_route=\/wp\/v2\/pages"}],"about":[{"href":"http:\/\/www.jungschar.biz\/index.php?rest_route=\/wp\/v2\/types\/page"}],"author":[{"embeddable":true,"href":"http:\/\/www.jungschar.biz\/index.php?rest_route=\/wp\/v2\/users\/3"}],"replies":[{"embeddable":true,"href":"http:\/\/www.jungschar.biz\/index.php?rest_route=%2Fwp%2Fv2%2Fcomments&post=547"}],"version-history":[{"count":17,"href":"http:\/\/www.jungschar.biz\/index.php?rest_route=\/wp\/v2\/pages\/547\/revisions"}],"predecessor-version":[{"id":3682,"href":"http:\/\/www.jungschar.biz\/index.php?rest_route=\/wp\/v2\/pages\/547\/revisions\/3682"}],"up":[{"embeddable":true,"href":"http:\/\/www.jungschar.biz\/index.php?rest_route=\/wp\/v2\/pages\/453"}],"wp:attachment":[{"href":"http:\/\/www.jungschar.biz\/index.php?rest_route=%2Fwp%2Fv2%2Fmedia&parent=547"}],"curies":[{"name":"wp","href":"https:\/\/api.w.org\/{rel}","templated":true}]}}