{"id":509,"date":"2010-02-11T14:27:38","date_gmt":"2010-02-11T13:27:38","guid":{"rendered":"http:\/\/www.jungschar.biz\/w\/?page_id=509"},"modified":"2013-08-28T09:31:57","modified_gmt":"2013-08-28T08:31:57","slug":"%c2%bb-j","status":"publish","type":"page","link":"http:\/\/www.jungschar.biz\/?page_id=509","title":{"rendered":"\u2022 J"},"content":{"rendered":"<h5><strong><span style=\"color: #ff0000;\">\u2039<\/span><\/strong> <a href=\"http:\/\/www.jungschar.biz\/?page_id=453\">zur\u00fcck zum <strong>Lexikon<\/strong><\/a><\/h5>\n<h5><span style=\"color: #ffffff;\">\u2013<\/span><\/h5>\n<h2><span style=\"color: #000080;\"><span style=\"color: #ff0000;\">\u2022<\/span> <a name=\"Jungschar\"><\/a>Jungschar<\/span><\/h2>\n<p>Jungschar ist im CVJM die Gruppe der (8)9 &#8211; 13(14)-j\u00e4hrigen Jungen oder M\u00e4dchen.<\/p>\n<h5><span style=\"color: #666699;\">siehe auch <span style=\"color: #ff0000;\"><strong>\u00bb<\/strong><\/span> <a href=\"http:\/\/www.jungschar.biz\/?page_id=734#MiniJungschar\">Mini-Jungschar<\/a> | <a href=\"http:\/\/www.jungschar.biz\/?page_id=504#GemischteJungschar\">gemischte Jungschar<\/a> | <a href=\"http:\/\/www.jungschar.biz\/?page_id=547#Kindergruppe\">Kindergruppe<\/a><\/span><\/h5>\n<h5><span style=\"color: #666699;\">siehe auch <span style=\"color: #ff0000;\"><strong>\u00bb<\/strong><\/span> <a href=\"http:\/\/www.jungschar.biz\/?page_id=504#GeschichtederJungschar\">Geschichte der Jungschar<\/a><\/span><\/h5>\n<h5><span style=\"color: #ffffff;\">\u2013<\/span><\/h5>\n<h2><span style=\"color: #ff0000;\">\u2022<\/span><span style=\"color: #000080;\"> \u00bbJungschar\u00ab<\/span><\/h2>\n<p style=\"text-align: left;\">\u00bb<a href=\"http:\/\/www.ju4you.de\/\" target=\"_blank\">Jungschar <\/a>\u00ab ist auch der Titel des christlichen Magazins f\u00fcr 9-13j\u00e4hrige Jungen und M\u00e4dchen. Sie bringt jeden Monat auf 24 Seiten spannende Geschichten, Bildreportagen, Andachten, biblische Geschichten, Basteltipps, Berichte aus den Jungscharen, Wissenswertes, Briefkastenseiten, Comicgeschichten, R\u00e4tsel und Humor.<\/p>\n<h2><span style=\"color: #000080;\"><span style=\"color: #ff0000;\">\u2022<\/span> <a name=\"Jungscharausweis\"><\/a>Jungscharausweis<\/span><\/h2>\n<p style=\"text-align: left;\">Jeder angemeldete Jungscharler erh\u00e4lt bei der Aufnahme in die Jungschar einen Jungscharausweis. Im Jungscharausweis werden unter anderem Beitragsmarken eingeklebt und Lagertage aufgeschrieben.<\/p>\n<h5>Nat\u00fcrlich fehlt auch das Passbild nicht.<\/h5>\n<h2><span style=\"color: #000080;\"><span style=\"color: #ff0000;\">\u2022<\/span> <a name=\"Jungscharbrett\"><\/a>Jungscharbrett<\/span><\/h2>\n<p>siehe <a href=\"http:\/\/www.jungschar.biz\/?page_id=746#Schwarzesbrett\">Schwarzes Brett<\/a><\/p>\n<h2><span style=\"color: #000080;\"><span style=\"color: #ff0000;\">\u2022<\/span> <a name=\"Jungscharhelfer\"><\/a>Jungscharhelfer<\/span><\/h2>\n<p>Jungscharmitarbeiter ohne Leitungsverantwortung.<\/p>\n<h2><span style=\"color: #000080;\"><span style=\"color: #ff0000;\">\u2022<\/span> <a name=\"Jungscharkoffer\"><\/a>Jungscharkoffer<\/span><\/h2>\n<p>Der Jungscharkoffer enth\u00e4lt alle wichtigen Utensilien f\u00fcr die Jungscharstunde :<\/p>\n<p>\u2013 Bibel<br \/>\n\u2013 Jungscharliederbuch<br \/>\n\u2013 Jungschartagebuch (Protokoll)<br \/>\n\u2013 Schreibzeug (Papier, Filzstifte, Kulis, Kreide, Stifte f\u00fcr Emailletafel)<br \/>\n\u2013 Kleinzeug wie Rei\u00dfbrettstifte, Pinnnadeln, Tesafilm<br \/>\n\u2013 Reservespiele<\/p>\n<h5><span style=\"color: #ffffff;\"> <\/span><\/h5>\n<h5><span style=\"color: #ff0000;\">\u2039<\/span> <a href=\"http:\/\/www.jungschar.biz\/?page_id=509\">nach oben<\/a><\/h5>\n<h5><span style=\"color: #ffffff;\">\u2013<\/span><\/h5>\n<h2><span style=\"color: #000080;\"><span style=\"color: #ff0000;\">\u2022<\/span> <a name=\"Jungscharleiter\"><\/a>Jungscharleiter<\/span><\/h2>\n<p>Jungscharmitarbeiter mit Leitungsverantwortung.<\/p>\n<h2><span style=\"color: #008000;\"><span style=\"color: #000080;\"><span style=\"color: #ff0000;\">\u2022<\/span> <\/span><\/span><span style=\"color: #008000;\"><span style=\"color: #000080;\">\u00bbJungscharleiter\u00ab<\/span><\/span><strong><span style=\"color: #008000;\"><br \/>\n<\/span><\/strong><\/h2>\n<p>\u00bb<a href=\"http:\/\/www.jungscharleiter.net\" target=\"_blank\">Jungscharleiter<\/a>\u00ab ist auch der Titel einer Mitarbeiterzeitschrift f\u00fcr die &#8222;Arbeit mit Kindern&#8220;.<\/p>\n<p style=\"text-align: left;\">Der Titel etwas irref\u00fchrend, da viele Artikel eher f\u00fcr die <a href=\"http:\/\/www.jungschar.biz\/?page_id=547#Kindergruppe\">Kinder<\/a>&#8211; und nicht f\u00fcr die <a href=\"http:\/\/www.jungschar.biz\/?page_id=509#Jungschar\">Jungschar<\/a>arbeit geeignet sind.<\/p>\n<h2 style=\"text-align: left;\"><span style=\"color: #000080;\"><span style=\"color: #ff0000;\">\u2022<\/span> <a name=\"Jungscharliederbuch\"><\/a>Jungscharliederbuch<\/span><\/h2>\n<p>Liederbuch mit kindgem\u00e4\u00dfen Bekenntnis- und Fahrtenliedern f\u00fcr den Gebrauch in den Jungscharen.<\/p>\n<h2><span style=\"color: #000080;\"><span style=\"color: #ff0000;\">\u2022<\/span> <a name=\"Jungscharmitarbeiter\"><\/a>Jungscharmitarbeiter<\/span><\/h2>\n<p>Jungscharmitarbeiter mit teilweiser Leitungsverantwortung.<\/p>\n<h2><span style=\"color: #000080;\"><span style=\"color: #ff0000;\">\u2022<\/span> <a name=\"Jungschartagebuch\"><\/a>Jungschartagebuch (Protokoll<\/span>)<\/h2>\n<p style=\"text-align: left;\">Das Protokoll enth\u00e4lt unter anderem die detaillierte Planung f\u00fcr die Jungscharstunde und die Buchf\u00fchrung aller Wettk\u00e4mpfe. Weitere Eintragungen (\u00bbNeue\u00ab, Punkte, Medaillen, usw.) werden nach der Jungscharstunde und in der H\u00e4uptlingsrunde vorgenommen.<\/p>\n<h2><span style=\"color: #000080;\"><span style=\"color: #ff0000;\">\u2022<\/span> <a name=\"Jungschartasse\"><\/a>Jungschartasse<\/span><\/h2>\n<p style=\"text-align: left;\">Porzellan- oder Steinguttasse mit Ankerkreuzsymbol. In unserer Jungschar gibt es die Tasse zum Geburtstag, wenn der Jungscharler an seinem Geburtstag\u00a0in die Jungschar kommt.<\/p>\n<h2><span style=\"color: #000080;\"><span style=\"color: #ff0000;\">\u2022<\/span> <a name=\"Vierklang\"><\/a>Jungschar-Vierklang<\/span><\/h2>\n<p><strong>Grundbausteine f\u00fcr das Jungschar-Programm<\/strong><\/p>\n<p style=\"text-align: left;\">Das sind die vier Grundbausteine des Jungscharprogramms: Singen, <a href=\"http:\/\/www.jungschar.biz\/?page_id=724\" target=\"_blank\">Spielen<\/a>, <a href=\"http:\/\/www.jungschar.biz\/?page_id=500\" target=\"_blank\">Erz\u00e4hlen<\/a> und die <a href=\"http:\/\/www.jungschar.de\/index.php?id=63\" target=\"_blank\">Andacht<\/a>. Sie kommen alle\u00a0in einer Jungscharstunde vor, wobei die Reihenfolge variieren kann. Der Jungschar-Vierklang bestimmt haupts\u00e4chlich das Programm im Winterhalbjahr. Im Sommer, bei gutem Wetter, sind wir oft drau\u00dfen.<\/p>\n<p style=\"text-align: left;\">Die Idee dieses Konzeptes ist fast so alt wie die Jungschar selbst. Mit diesem Konzept arbeiten viele Jungscharen, auch \u00fcber den CVJM hinaus. Kinder lieben gute Gewohnheiten, sie geben ihnen Sicherheit. Der \u00bbJungschar-Vierklang\u00ab schafft eine Struktur, eine \u00bbLiturgie\u00ab, die von Kindern gerne angenommen wird. Sie lieben aber auch die Abwechslung, die wir ihnen durch die Auswahl der Spiele und Geschichten bieten. So werden wir mit dem \u00bbVierklang\u00ab den Bed\u00fcrfnissen der Kinder und dem Auftrag des CVJM gerecht:<\/p>\n<p style=\"text-align: left;\">1. Singen verbindet und f\u00f6rdert die Gemeinschaft. Im Lied loben wir unseren Herrn.<br \/>\nMein Tipp an die Mitarbeitenden: <span style=\"color: #000080;\"><strong>Lernt Gitarrespielen!<\/strong><\/span><\/p>\n<p style=\"text-align: left;\">2. Kinder wollen <a href=\"http:\/\/www.jungschar.biz\/?page_id=724\" target=\"_blank\">spielen<\/a>, ihre Kr\u00e4fte messen und ihre Grenzen testen. Durch geeignete Spiele f\u00f6rdern wir Geschicklichkeit, K\u00f6rperbeherrschung, und Fairness. Reaktionsverm\u00f6gen und Konzentration, Schlagfertigkeit und Fantasie, Kreativit\u00e4t und Ehrlichkeit werden im Spiel trainiert. Dabei lernen die Kinder zu gewinnen und zu verlieren, sich einzusetzen und etwas zu riskieren.<\/p>\n<p style=\"text-align: left;\">3. Beim <a href=\"http:\/\/www.jungschar.biz\/?page_id=500\" target=\"_blank\">Erz\u00e4hlen<\/a> von spannenden oder lustigen Fortsetzungsgeschichten bei Kerzenschein lassen wir sie an Abenteuern teilnehmen. Durch eine gut ausgew\u00e4hlte Geschichte unterst\u00fctzen wir positive Verhaltensweisen und erweitern den Horizont der Kinder. An einer spannenden Stelle unterbrochen, bietet diese Geschichte den Anreiz, beim n\u00e4chsten Mal dabei zu sein.<br \/>\nMein Tipp an die Mitarbeitenden: <span style=\"color: #000080;\"><strong>Lernt das spannende Erz\u00e4hlen!<\/strong><\/span><\/p>\n<p style=\"text-align: left;\">4. In der <a href=\"http:\/\/www.jungschar.de\/index.php?id=63\" target=\"_blank\">Andacht <\/a> bringen wir die gute Nachricht von Jesus Christus zur Sprache. Wir erz\u00e4hlen biblische Geschichten und stellen Menschen der Bibel vor. Wir laden die Kinder zu ersten Schritten im Glauben ein.<\/p>\n<p style=\"text-align: left;\">Es ist gut, einzelne Programmpunkte auf verschiedene Mitarbeiter zu verteilen. So sind mehrere Mitarbeiter beteiligt und jeder kann sich auf seinen Part konzentrieren. Hier k\u00f6nnen auch die jungen Helfer ihre Gaben einbringen.<\/p>\n<p style=\"text-align: left;\">Nach \u00fcber 40 Jahren Erfahrung als Jungscharleiter, Freizeitleiter und nach zahlreichen Jungscharbesuchen mache ich die Erfahrung, dass der \u00bbJungschar-Vierklang\u00ab nach wie vor aktuell ist.<\/p>\n<p style=\"text-align: left;\">\n<h2><span style=\"color: #000080;\"><span style=\"color: #ff0000;\">\u2022<\/span> <a name=\"JungscharZiels\u00e4tze\"><\/a>Jungschar-Ziels\u00e4tze<\/span><\/h2>\n<h5 style=\"padding-left: 22px;\"><strong><span style=\"font-size: small;\">Als Jungscharler will ich<\/span><\/strong><\/h5>\n<h5 style=\"padding-left: 22px;\"><span style=\"font-size: small;\">dem Herrn Jesus Christus nachfolgen,<\/span><\/h5>\n<h5 style=\"padding-left: 22px;\"><span style=\"font-size: small;\">will t\u00e4glich auf sein Wort h\u00f6ren und ihn bitten,<\/span><\/h5>\n<h5 style=\"padding-left: 22px;\"><span style=\"font-size: small;\">dass er mir hilft, danach zu leben.<\/span><\/h5>\n<h5 style=\"padding-left: 22px;\"><span style=\"font-size: small;\">Ich will sein<\/span><\/h5>\n<h5 style=\"padding-left: 22px;\"><span style=\"font-size: small;\">gehorsam und treu im Elternhaus,<\/span><\/h5>\n<h5 style=\"padding-left: 22px;\"><span style=\"font-size: small;\">wahrhaftig und flei\u00dfig in der Schule<\/span><\/h5>\n<h5 style=\"padding-left: 22px;\"><span style=\"font-size: small;\">und allezeit kameradschaftlich und dienstbereit.<\/span><\/h5>\n<h5 style=\"padding-left: 22px;\"><strong><span style=\"font-size: small;\">Mein Leben soll dem Herrn Jesus Christus geh\u00f6ren.<br \/>\n<span style=\"color: #ffffff;\">.<\/span><br \/>\n<\/span><\/strong><\/h5>\n<h2><span style=\"color: #ff0000;\">\u2022<\/span> <a name=\"Juniordozent\"><\/a><span style=\"color: #003366;\">Juniordozent<\/span><\/h2>\n<p style=\"text-align: left;\">Juniordozenten sind junge Mitarbeiter, die in der <a href=\"http:\/\/www.jungschar.biz\/?page_id=506#Haeuptlingsfreizeit\" target=\"_blank\">H\u00e4uptlingsfreizeit<\/a> die <a href=\"http:\/\/www.jungschar.biz\/?page_id=498#Dozent\" target=\"_blank\">Dozenten<\/a> im Unterricht unterst\u00fctzen.<br \/>\nSie unterrichten auch selbst\u00e4ndig kleinere F\u00e4cher.<\/p>\n<h4><span style=\"color: #c0c0c0;\">\u2013<\/span><\/h4>\n<h5><strong><span style=\"color: #ff0000;\">\u2039<\/span><\/strong> <a href=\"http:\/\/www.jungschar.biz\/?page_id=509\">nach oben<\/a><\/h5>\n<h5><strong><span style=\"color: #ff0000;\">\u2039<\/span><\/strong> <a href=\"http:\/\/www.jungschar.biz\/?page_id=453\">zur\u00fcck zum <strong>Lexikon<\/strong><\/a><\/h5>\n<h5><strong><span style=\"color: #ff0000;\">\u2039<\/span><\/strong> <a href=\"http:\/\/www.jungschar.biz\">zur\u00fcck zur <strong>Startseite<\/strong><\/a><\/h5>\n<h5><span style=\"color: #ffffff;\">\u2013<\/span><\/h5>\n","protected":false},"excerpt":{"rendered":"<p>\u2039 zur\u00fcck zum Lexikon \u2013 \u2022 Jungschar Jungschar ist im CVJM die Gruppe der (8)9 &#8211; 13(14)-j\u00e4hrigen Jungen oder M\u00e4dchen. siehe auch \u00bb Mini-Jungschar | gemischte Jungschar | Kindergruppe siehe auch \u00bb Geschichte der Jungschar \u2013 \u2022 \u00bbJungschar\u00ab \u00bbJungschar \u00ab ist auch der Titel des christlichen Magazins f\u00fcr 9-13j\u00e4hrige Jungen und M\u00e4dchen. Sie bringt jeden [&hellip;]<\/p>\n","protected":false},"author":3,"featured_media":0,"parent":453,"menu_order":9,"comment_status":"closed","ping_status":"closed","template":"","meta":{"ngg_post_thumbnail":0},"_links":{"self":[{"href":"http:\/\/www.jungschar.biz\/index.php?rest_route=\/wp\/v2\/pages\/509"}],"collection":[{"href":"http:\/\/www.jungschar.biz\/index.php?rest_route=\/wp\/v2\/pages"}],"about":[{"href":"http:\/\/www.jungschar.biz\/index.php?rest_route=\/wp\/v2\/types\/page"}],"author":[{"embeddable":true,"href":"http:\/\/www.jungschar.biz\/index.php?rest_route=\/wp\/v2\/users\/3"}],"replies":[{"embeddable":true,"href":"http:\/\/www.jungschar.biz\/index.php?rest_route=%2Fwp%2Fv2%2Fcomments&post=509"}],"version-history":[{"count":127,"href":"http:\/\/www.jungschar.biz\/index.php?rest_route=\/wp\/v2\/pages\/509\/revisions"}],"predecessor-version":[{"id":511,"href":"http:\/\/www.jungschar.biz\/index.php?rest_route=\/wp\/v2\/pages\/509\/revisions\/511"}],"up":[{"embeddable":true,"href":"http:\/\/www.jungschar.biz\/index.php?rest_route=\/wp\/v2\/pages\/453"}],"wp:attachment":[{"href":"http:\/\/www.jungschar.biz\/index.php?rest_route=%2Fwp%2Fv2%2Fmedia&parent=509"}],"curies":[{"name":"wp","href":"https:\/\/api.w.org\/{rel}","templated":true}]}}