{"id":506,"date":"2010-02-11T14:50:12","date_gmt":"2010-02-11T13:50:12","guid":{"rendered":"http:\/\/www.jungschar.biz\/w\/?page_id=506"},"modified":"2013-08-28T08:49:16","modified_gmt":"2013-08-28T07:49:16","slug":"%c2%bb-h-2","status":"publish","type":"page","link":"http:\/\/www.jungschar.biz\/?page_id=506","title":{"rendered":"\u2022 H"},"content":{"rendered":"<h5><strong><span style=\"color: #ff0000;\">\u2039<\/span><\/strong> <a href=\"http:\/\/www.jungschar.biz\/?page_id=453\">zur\u00fcck zum <strong>Lexikon<\/strong><\/a><\/h5>\n<h5><span style=\"color: #ffffff;\">\u2013<\/span><\/h5>\n<h2><span style=\"color: #000080;\"><span style=\"color: #ff0000;\">\u2022<\/span> <a name=\"Halstuch\"><\/a>Halstuch<\/span><\/h2>\n<p>Das schwarze Halstuch wird nach bestandener <a href=\"http:\/\/www.jungschar.biz\/wp-content\/uploads\/JSBuendisch\/buendischeJS\/Halstuchpruefungszettel 2011-10.pdf\" target=\"_blank\">Halstuchpr\u00fcfung<\/a> in Freizeiten und Lagern verliehen.<\/p>\n<p>Wir tragen das Halstuch zum Fahrtenhemd unter dem Kragen.<\/p>\n<p style=\"text-align: left;\"><span style=\"color: #009933;\"> H\u00e4uptlinge tragen ein Halstuch mit gr\u00fcnem Rand.<br \/>\n\u2022\u00a0 H\u00e4uptlinge werden in der Jungscharstunde eingesetzt und erhalten den gr\u00fcnen Streifen.<br \/>\n<span style=\"color: #ff0000;\">H\u00e4uptlinge der Siegergruppe im Gruppenwettkampf tragen das Halstuch mit rotem Rand.<br \/>\n\u2022\u00a0 Der \u00bbrote Streifen\u00ab wird dem H\u00e4uptling der Siegergruppe jeweils am Ende des Gruppenwettkampfes verliehen.<\/span><br \/>\n<span style=\"color: #808000;\">\u00bbBurgv\u00f6gte\u00ab oder \u00bbZimmerchefs\u00ab der Siegermannschaft tragen das Halstuch mit gelbem Rand.<br \/>\n\u2022\u00a0 Der \u00bbgelbe Streifen\u00ab wird dem Burgvogt jeweils am Ende eines Wertungsabschnittes verliehen.<\/span><br \/>\n<span style=\"color: #ff6600;\">Gepr\u00fcfte Jungenschaftler tragen ein Halstuch mit orangenem Rand.<br \/>\n\u2022\u00a0 Der \u00bborangene Streifen\u00ab wird nach bestandener Jungenschaftspr\u00fcfung im Kohtenlager oder im &#8222;Seminar junger Mitarbeiter&#8220; verliehen.<br \/>\n\u2022\u00a0 Die Pr\u00fcfung und Verleihung ist eingebettet in die Lager- und Lebensgemeinschaft der Jungenschaft.<\/span><br \/>\n<span style=\"color: #000000;\">Verantwortliche Mitarbeiter (Mindestalter 20) tragen ein Halstuch mit wei\u00dfem Rand.<br \/>\n<\/span><span style=\"color: #000000;\">\u2022\u00a0 Der \u00bbwei\u00dfe Streifen\u00ab zeigt an, dass der Tr\u00e4ger in verantwortlicher Mitarbeit in der b\u00fcndischen Jugend steht und diese Gemeinschaft pflegt.<br \/>\n<\/span><span style=\"color: #000000;\">\u2022\u00a0 Er ist keine Auszeichnung f\u00fcr verdiente Mitarbeiter oder Veteranen.<\/span><br \/>\n<\/span><\/p>\n<h2><span style=\"color: #000080;\"><span style=\"color: #ff0000;\">\u2022<\/span> Halstuchpr\u00fcfung<\/span><\/h2>\n<p style=\"text-align: left;\">In der <a href=\"http:\/\/www.jungschar.biz\/wp-content\/uploads\/JSBuendisch\/buendischeJS\/Halstuchpruefungszettel 2011-10.pdf\" target=\"_blank\">Halstuchpr\u00fcfung<\/a> (HP) werden Grundlagen der Bibel und des CVJM abgefragt und gemeinsam dar\u00fcber gesprochen.<\/p>\n<h2><span style=\"color: #000080;\"><span style=\"color: #ff0000;\">\u2022<\/span> <a name=\"Handzettel\"><\/a>Handzettel<\/span><\/h2>\n<p style=\"text-align: left;\">In den H\u00e4uptlingsfreizeiten wird in vier Arbeitsgruppen ein in den Stoffpl\u00e4nen f\u00fcr jedes Fach und jede Arbeitsgruppe festgelegter Unterrichtsstoff vermittelt.<br \/>\nDie Dozenten erarbeiten sich den Inhalt und Ablauf der jeweiligen Stunden und halten das auf dem <a href=\"http:\/\/www.jungschar.biz\/?page_id=2157\" target=\"_blank\">Handzettel<\/a> fest.<br \/>\nDie bisher erstellten Handzettel haben wir gesammelt und stellen sie den Dozenten zur Verf\u00fcgung.<\/p>\n<h2><span style=\"color: #000080;\"><span style=\"color: #ff0000;\">\u2022<\/span> <a name=\"H\u00e4uptling\"><\/a>H\u00e4uptling<\/span><\/h2>\n<p>Der H\u00e4uptling (HG) ist ein \u00e4lterer Jungscharler, der eine Kleingruppe f\u00fchrt und daf\u00fcr mitverantwortlich ist.<\/p>\n<p>Die ersten \u00bbH\u00e4uptlinge\u00ab hat Mose eingesetzt (2. Mose 18\/13-27).<\/p>\n<h2><span style=\"color: #000080;\"><span style=\"color: #ff0000;\">\u2022<\/span> <a name=\"Haeuptlingsbuch\"><\/a>H\u00e4uptlingsbuch<\/span><\/h2>\n<p>Das H\u00e4uptlingsbuch ist neben der Bibel das wichtigste Lehrbuch f\u00fcr die H\u00e4uptlingsfreizeiten.<br \/>\nEs enth\u00e4lt den kompletten <a href=\"http:\/\/www.jungschar.biz\/wp-content\/uploads\/HFZ\/Handzettel\/Stoffplan HFZ A4.pdf\" target=\"_blank\">Stoff<\/a> der vier Arbeitsgruppen der H\u00e4uptlingsfreizeiten.<\/p>\n<h2><span style=\"color: #000080;\"><span style=\"color: #ff0000;\">\u2022 <a name=\"Haeuptlingsfreizeit\"><\/a><\/span>H\u00e4uptlingsfreizeit<\/span><\/h2>\n<p style=\"text-align: left;\">Die H\u00e4uptlingsfreizeit (HFZ) ist eine Mischung aus Mitarbeiter-Grundkurs, Bibelschule und Jungscharfreizeit f\u00fcr Jungscharler, die bereit sind, in ihrer Jungschar mitzuhelfen.<\/p>\n<p style=\"text-align: left;\">Hier ein Auszug aus einer Einladung zur H\u00e4uptlingsfreizeit :<\/p>\n<p style=\"text-align: left; padding-left: 30px;\"><em><span style=\"color: #0000cc;\">In froher Gemeinschaft der Jungscharler aus dem CVJM-Westbund und unter der frohen Botschaft unseres Herrn Jesus Christus wollen wir in diesen Tagen zusammen sein. Die FREUDE an der gemeinsamen Arbeit wird bei uns gro\u00df geschrieben.<\/span><\/em><\/p>\n<p style=\"padding-left: 30px;\"><em><span style=\"color: #0000cc;\">Wenn Du bereit bist, in der Jungschar mit zu helfen oder\u00a0wenn\u00a0Du\u00a0als\u00a0Stellvertreter\u00a0oder\u00a0H\u00e4uptling\u00a0ein<br \/>\nSt\u00fcck Mitverantwortung \u00fcbernehmen m\u00f6chtest, dann solltest Du unbedingt in der H\u00e4uptlingsfreizeit mit dabei sein.<\/span><\/em><\/p>\n<p style=\"text-align: left; padding-left: 30px;\"><em><span style=\"color: #0000cc;\">Das H\u00f6ren auf Gottes Wort in den t\u00e4glichen Bibelarbeiten und Andachten pr\u00e4gen diese Freizeit. In den<br \/>\nabendlichen\u00a0 Gebetsgemeinschaften\u00a0bringen wir Lob und Dank gemeinsam vor unseren Herrn.<\/span><\/em><\/p>\n<p style=\"text-align: left; padding-left: 30px;\"><em><span style=\"color: #0000cc;\">Eifrig\u00a0wird\u00a0auch\u00a0die\u00a0Waldl\u00e4uferkunst\u00a0ge\u00fcbt.\u00a0Auf dem\u00a0Lehrplan\u00a0stehen:\u00a0Karte\u00a0und\u00a0Kompa\u00df,\u00a0Knoten<br \/>\nund\u00a0Seiltechnik,\u00a0Lagerkunst\u00a0und\u00a0Feuerstelle,\u00a0Waldl\u00e4uferzeichen und Werkzeugkunde und Fr\u00fchsport, Erz\u00e4hlen und Geheimschriften, Erste Hilfe und Heraldik, Gruppenbuch und H\u00e4uptling, Bibelkunde und Andacht.<br \/>\nNat\u00fcrlich blicken wir auch in die Geschichte Gottes mit seiner Kirche und dem CVJM.<\/span><\/em><\/p>\n<p style=\"text-align: left; padding-left: 30px;\"><em><span style=\"color: #0000cc;\">Nachmittags wird drau\u00dfen ge\u00fcbt, was wir gelernt haben. Beim Karten- oder Kompasslauf, dem Bau einer Feuerstelle oder dem Aufbau einer Kohte hat jeder die Gelegenheit, sein K\u00f6nnen unter Beweis zu stellen.<\/span><\/em><\/p>\n<p style=\"text-align: left; padding-left: 30px;\"><em><span style=\"color: #0000cc;\">Die\u00a0Abende\u00a0verbringen\u00a0wir\u00a0mit fr\u00f6hlichem Singen und Spielen. Eine spannende Fortsetzungsgeschichte\u00a0 und\u00a0einige\u00a0Gedanken\u00a0zum\u00a0Tag beschlie\u00dfen jeden der sieben erlebnisreichen Tage.<\/span><\/em><\/p>\n<p style=\"text-align: left; padding-left: 30px;\"><em><span style=\"color: #0000cc;\">Mitarbeiter stehen mit Rat und Tat zur Seite, wenn es\u00a0nicht\u00a0auf\u00a0Anhieb\u00a0gelingen will,\u00a0die\u00a0Theorie\u00a0in\u00a0die Praxis umzusetzen.<\/span><\/em><\/p>\n<p>(In der Galerie gibt es <a href=\"http:\/\/www.jungschar.biz\/?page_id=21\" target=\"_blank\">Bilder<\/a> der letzten H\u00e4uptlingsfreizeiten.)<\/p>\n<h2><span style=\"color: #000080;\"><span style=\"color: #ff0000;\">\u2022<\/span> H\u00e4uptlingspr\u00fcfung<\/span><\/h2>\n<p style=\"text-align: left;\">In der H\u00e4uptlingspr\u00fcfung (HPR) stellen die Jungen bzw. M\u00e4dchen das in den H\u00e4uptlingsfreizeiten Gelernte unter Beweis.<\/p>\n<p>(Die Termine der n\u00e4chsten H\u00e4uptlingspr\u00fcfungen findet man unter <a href=\"http:\/\/www.jungschar.biz\/?page_id=126\">Termine<\/a>.)<\/p>\n<p>(In der Galerie gibt es <a href=\"http:\/\/www.jungschar.biz\/?page_id=21\" target=\"_blank\">Bilder<\/a> der letzten H\u00e4uptlingspr\u00fcfungen.)<\/p>\n<h2><span style=\"color: #000080;\"><span style=\"color: #ff0000;\">\u2022<\/span> Hochspannungslauf<\/span><\/h2>\n<p style=\"text-align: left;\">Der Hochspannungslauf (HL) ist ein Waldlauf entlang der Hochspannungsleitung \u00fcber drei Berge hinweg. Hierf\u00fcr brauchen die Teilnehmer keine Kenntnisse in Karte und Kompass. (= Waldlaufmeisterschaft)<\/p>\n<p>(In der Galerie gibt es im Bereich der Jungschar Altenseelbach\u00a0<a href=\"http:\/\/www.jungschar.biz\/?page_id=88\" target=\"_blank\">Bilder<\/a> der letzten Hochspannungsl\u00e4ufe.)<\/p>\n<h2><span style=\"color: #ff0000;\">\u2022<\/span> <span style=\"color: #000080;\">H\u00f6hepunkte<\/span><\/h2>\n<p style=\"text-align: left;\">Das seit vielen Jahren\u00a0bew\u00e4hrte Jungscharprogramm ist der \u00bb<a href=\"http:\/\/www.jungschar.biz\/?page_id=509#Vierklang\">Jungschar-Vierklang<\/a> \u00ab.<br \/>\n(Jungscharler brauchen ein gutes, aber schlichtes Programm. Dann kann man sich in der Jungenschaft auch noch steigern.)<\/p>\n<p>Daneben gibt es aber \u2013 \u00fcber das Jahr verteilt \u2013 besondere H\u00f6hepunkte im Jungscharprogramm:<br \/>\n<span style=\"color: #99cc00;\"><strong><span style=\"color: #008000;\">\u203a<\/span><\/strong><\/span> Stadt-, Dorf-, Wald-, Gel\u00e4ndespiele<br \/>\n<strong><span style=\"color: #008000;\">\u203a<\/span><\/strong> Sommerolympiade<br \/>\n<strong><span style=\"color: #008000;\">\u203a<\/span><\/strong> Fahrradturnier<br \/>\n<strong><span style=\"color: #008000;\">\u203a<\/span><\/strong> Gast des Quartals\/Jahres<br \/>\n<strong><span style=\"color: #008000;\">\u203a<\/span><\/strong> Wochenendfreizeit<br \/>\n<strong><span style=\"color: #008000;\">\u203a<\/span><\/strong> Zeltlager oder Freizeit<br \/>\n<strong><span style=\"color: #008000;\">\u203a<\/span><\/strong> &#8230;<\/p>\n<p>Auf Kreisverbands- oder Bundesebene werden f\u00fcr Jungscharen einige Aktionen angeboten:<br \/>\n<span style=\"color: #33cccc;\"><strong><span style=\"color: #ff6600;\">\u203a<\/span><\/strong><\/span> Jungschar-Sportnacht oder -Sportfest<br \/>\n<strong><span style=\"color: #ff6600;\">\u203a<\/span><\/strong> Waldlaufmeisterschaft<br \/>\n<span style=\"color: #ff6600;\"><strong>\u203a<\/strong><\/span> Fahrradrallye<br \/>\n<span style=\"color: #ff6600;\"><strong>\u203a<\/strong><\/span> Jungschartag<br \/>\n<strong><span style=\"color: #ff6600;\">\u203a<\/span><\/strong> Zeltlager\u00a0und Freizeiten<br \/>\n<span style=\"color: #ff6600;\"><strong>\u203a<\/strong><\/span> &#8230;<\/p>\n<p><span style=\"color: #c0c0c0;\">\u2013<\/span><\/p>\n<h5><strong><span style=\"color: #ff0000;\">\u2039<\/span><\/strong> <a href=\"http:\/\/www.jungschar.biz\/?page_id=506\">nach oben<\/a><\/h5>\n<h5><strong><span style=\"color: #ff0000;\">\u2039<\/span><\/strong> <a href=\"http:\/\/www.jungschar.biz\/?page_id=453\">zur\u00fcck zum <strong>Lexikon<\/strong><\/a><\/h5>\n<h5><strong><span style=\"color: #ff0000;\">\u2039<\/span><\/strong> <a href=\"http:\/\/www.jungschar.biz\">zur\u00fcck zur <strong>Startseite<\/strong><\/a><\/h5>\n<h5><span style=\"color: #ffffff;\">\u2013<\/span><\/h5>\n","protected":false},"excerpt":{"rendered":"<p>\u2039 zur\u00fcck zum Lexikon \u2013 \u2022 Halstuch Das schwarze Halstuch wird nach bestandener Halstuchpr\u00fcfung in Freizeiten und Lagern verliehen. Wir tragen das Halstuch zum Fahrtenhemd unter dem Kragen. H\u00e4uptlinge tragen ein Halstuch mit gr\u00fcnem Rand. \u2022\u00a0 H\u00e4uptlinge werden in der Jungscharstunde eingesetzt und erhalten den gr\u00fcnen Streifen. H\u00e4uptlinge der Siegergruppe im Gruppenwettkampf tragen das Halstuch [&hellip;]<\/p>\n","protected":false},"author":3,"featured_media":0,"parent":453,"menu_order":7,"comment_status":"closed","ping_status":"closed","template":"","meta":{"ngg_post_thumbnail":0},"_links":{"self":[{"href":"http:\/\/www.jungschar.biz\/index.php?rest_route=\/wp\/v2\/pages\/506"}],"collection":[{"href":"http:\/\/www.jungschar.biz\/index.php?rest_route=\/wp\/v2\/pages"}],"about":[{"href":"http:\/\/www.jungschar.biz\/index.php?rest_route=\/wp\/v2\/types\/page"}],"author":[{"embeddable":true,"href":"http:\/\/www.jungschar.biz\/index.php?rest_route=\/wp\/v2\/users\/3"}],"replies":[{"embeddable":true,"href":"http:\/\/www.jungschar.biz\/index.php?rest_route=%2Fwp%2Fv2%2Fcomments&post=506"}],"version-history":[{"count":114,"href":"http:\/\/www.jungschar.biz\/index.php?rest_route=\/wp\/v2\/pages\/506\/revisions"}],"predecessor-version":[{"id":532,"href":"http:\/\/www.jungschar.biz\/index.php?rest_route=\/wp\/v2\/pages\/506\/revisions\/532"}],"up":[{"embeddable":true,"href":"http:\/\/www.jungschar.biz\/index.php?rest_route=\/wp\/v2\/pages\/453"}],"wp:attachment":[{"href":"http:\/\/www.jungschar.biz\/index.php?rest_route=%2Fwp%2Fv2%2Fmedia&parent=506"}],"curies":[{"name":"wp","href":"https:\/\/api.w.org\/{rel}","templated":true}]}}