{"id":504,"date":"2010-02-11T14:26:48","date_gmt":"2010-02-11T13:26:48","guid":{"rendered":"http:\/\/www.jungschar.biz\/w\/?page_id=504"},"modified":"2010-11-04T11:59:37","modified_gmt":"2010-11-04T10:59:37","slug":"%c2%bb-g","status":"publish","type":"page","link":"http:\/\/www.jungschar.biz\/?page_id=504","title":{"rendered":"\u2022 G"},"content":{"rendered":"<h5><strong><span style=\"color: #ff0000;\">\u2039<\/span><\/strong> <a href=\"http:\/\/www.jungschar.biz\/?page_id=453\">zur\u00fcck zum <strong>Lexikon<\/strong><\/a><\/h5>\n<h5><span style=\"color: #ffffff;\">\u2013<\/span><\/h5>\n<h2><span style=\"color: #ff0000;\">\u2022<\/span> <span style=\"color: #000080;\">Geburtstagsliste<\/span><\/h2>\n<p>Die Geburtstagsliste ist eine \u00dcbersicht aller Gruppenmitglieder mit ihren Geburtstagen, sortiert nach den Geburtstagen im Jahresablauf.<\/p>\n<h2><span style=\"color: #000080;\"><span style=\"color: #ff0000;\">\u2022 <span style=\"color: #000080;\"><a name=\"GemischteJungschar\"><\/a>gemischte Jungschar<\/span><\/span><\/span><\/h2>\n<p><span style=\"color: #000080;\"><span style=\"color: #ff0000;\"><span style=\"color: #000000;\">Es gibt im CVJM Jungen- und M\u00e4dchenjungscharen.<br \/>\n<\/span><\/span><\/span><span style=\"color: #000080;\"><span style=\"color: #ff0000;\"><span style=\"color: #000000;\">Mit einer reinen Jungen- oder M\u00e4dchenjungschar werden wir sowohl den Jungen als auch den M\u00e4dchen in ihrer Lebenssituation\u00a0gerecht. Beide k\u00f6nnen sich ungezwungen entfalten.<br \/>\n<\/span><\/span><\/span><span style=\"color: #000080;\"><span style=\"color: #ff0000;\"><span style=\"color: #000000;\">In Ortschaften oder Stadtteilen mit wenig Kindern empfiehlt sich auch eine gemischte\u00a0Jungschar.<\/span><\/span><\/span><span style=\"color: #000080;\"><span style=\"color: #ff0000;\"><span style=\"color: #000000;\"> <\/span><\/span><\/span><\/p>\n<h5><span style=\"color: #000080;\"><span style=\"color: #ff0000;\"><span style=\"color: #000000;\">siehe auch <span style=\"color: #ff0000;\"><strong>\u00bb<\/strong><\/span> <a href=\"http:\/\/www.jungschar.biz\/?page_id=509#Jungschar\">Jungschar<\/a><\/span><\/span><\/span><\/h5>\n<h5><span style=\"color: #000080;\"><span style=\"color: #ff0000;\"><span style=\"color: #000000;\"><\/span><\/span><\/span><\/p>\n<h2><span style=\"color: #ff0000;\">\u2022<\/span> <span style=\"color: #000080;\"><a name=\"GeschichtederJungschar\"><\/a>Geschichte der Jungschar<\/span><\/h2>\n<p style=\"text-align: left;\"><span style=\"color: #000080;\"><span style=\"color: #000000;\">Das Wort \u00bbJungschar\u00ab ist im Schwabenland geboren, hat seine Wurzeln in Stuttgart, noch genauer gesagt, im CVJM\u00a0 Stuttgart. Der Geburtstag der \u00bbJungschar\u00ab\u00a0ist der 25. Februar 1915.<br \/>\nDie Vereinssekret\u00e4re des CVJM Stuttgart mussten am 18. Januar desselben Jahres dar\u00fcber beraten, wie die Jungen des Vereins den Geburtstag des K\u00f6nigs von W\u00fcrttemberg w\u00fcrdig begehen k\u00f6nnten. K\u00f6nig Wilhelm war ein im Volk sehr beliebter Herrscher, dem man gerne eine Freude machte.<br \/>\nDie Sekret\u00e4re des Vereins kamen auf den Gedanken, da\u00df sie alle Knabenabteilungen, die Zw\u00f6lf- bis Vierzehnj\u00e4hrigen also, am 25. Februar zu einem Regiment zusammenfassen k\u00f6nnten. Ihm wollten sie den Namen \u00bbJungschar-Regiment\u00ab geben.<br \/>\nSo geschah es auch. Am Geburtstag des K\u00f6nigs nahm das Jungschar-Regiment am Vorbeimarsch vor dem K\u00f6nig teil. Mit dem Ablauf dieses Tages war zwar das Fest vorbei, aber f\u00fcr unsere Knabenabteilungen war endlich ein richtiger Name gefunden worden: die <strong><a href=\"http:\/\/www.jungschar.biz\/?page_id=509#Jungschar\">Jungschar<\/a><\/strong>.<br \/>\n<\/span><\/span><\/p>\n<h2><span style=\"color: #000080;\"><span style=\"color: #ff0000;\">\u2022<\/span> Gruppenbuch<\/span><\/h2>\n<p>Das Gruppenbuch, ein Heft im Format DIN A6, enth\u00e4lt alle wichtigen Informationen \u00fcber die Gruppe :<br \/>\n\u203a\u00a0Namensliste der Gruppenmitglieder<br \/>\n\u203a\u00a0Punkteliste f\u00fcr den Gruppenwettkampf<br \/>\n\u203a\u00a0Anschriften der Gruppenmitglieder<br \/>\n\u203a\u00a0Raum f\u00fcr weitere Notizen<br \/>\n\u203a\u00a0au\u00dferdem ist Platz f\u00fcr die Gestaltung des Gruppenbuches mit Zeichen usw.<br \/>\nJeder H\u00e4uptling f\u00fchrt ein Gruppenbuch f\u00fcr seine Gruppe.<\/p>\n<h2><span style=\"color: #000080;\"><span style=\"color: #ff0000;\">\u2022<\/span> Gr\u00fcner Streifen<\/span><\/h2>\n<p>Schwarzes Halstuch mit gr\u00fcner Einfassung.<br \/>\nDen Gr\u00fcnen Streifen bekommen die H\u00e4uptlinge bei der Einsetzung in ihr Amt oder nach einer kurzen Probezeit verliehen.<\/p>\n<h2><span style=\"color: #000080;\"><span style=\"color: #ff0000;\">\u2022<\/span> Gruppenwettkampf<\/span><\/h2>\n<p>Der Gruppenwettkampf ist ein Punktewettkampf. Punkte gibt es haupts\u00e4chlich f\u00fcr Anwesenheit und f\u00fcr das mitbringen \u00bbneuer\u00ab Jungscharler. Weitere Punkte gibt es auf das Liederbuch und auf die Bibel bei Bibelarbeit. Wer zu sp\u00e4t kommt, erh\u00e4lt Punktabzug (siehe \u00bbPunkteliste\u00ab).<br \/>\nHier gewinnen die Schw\u00e4cheren mit den St\u00e4rkeren und hier verlieren auch die St\u00e4rkeren mit den Schw\u00e4cheren.<br \/>\nDer Gruppenwettkampf geht \u00fcber ein Quartal. So haben alle Gruppen die Chance, den Gruppenwettkampf einmal im Laufe des Jahres zu gewinnen.<\/p>\n<h5><span style=\"color: #c0c0c0;\">\u2013<\/span><\/h5>\n<h5><strong><span style=\"color: #ff0000;\">\u2039<\/span><\/strong> <a href=\"http:\/\/www.jungschar.biz\/?page_id=504\">nach oben<\/a><\/h5>\n<h5><strong><span style=\"color: #ff0000;\">\u2039<\/span><\/strong> <a href=\"http:\/\/www.jungschar.biz\/?page_id=453\">zur\u00fcck zum <strong>Lexikon<\/strong><\/a><\/h5>\n<h5><strong><span style=\"color: #ff0000;\">\u2039<\/span><\/strong> <a href=\"http:\/\/www.jungschar.biz\">zur\u00fcck zur <strong>Startseite<\/strong><\/a><\/h5>\n<h5><span style=\"color: #ffffff;\">\u2013<\/span><\/h5>\n<\/h5>\n","protected":false},"excerpt":{"rendered":"<p>\u2039 zur\u00fcck zum Lexikon \u2013 \u2022 Geburtstagsliste Die Geburtstagsliste ist eine \u00dcbersicht aller Gruppenmitglieder mit ihren Geburtstagen, sortiert nach den Geburtstagen im Jahresablauf. \u2022 gemischte Jungschar Es gibt im CVJM Jungen- und M\u00e4dchenjungscharen. Mit einer reinen Jungen- oder M\u00e4dchenjungschar werden wir sowohl den Jungen als auch den M\u00e4dchen in ihrer Lebenssituation\u00a0gerecht. Beide k\u00f6nnen sich ungezwungen [&hellip;]<\/p>\n","protected":false},"author":3,"featured_media":0,"parent":453,"menu_order":6,"comment_status":"closed","ping_status":"closed","template":"","meta":{"ngg_post_thumbnail":0},"_links":{"self":[{"href":"http:\/\/www.jungschar.biz\/index.php?rest_route=\/wp\/v2\/pages\/504"}],"collection":[{"href":"http:\/\/www.jungschar.biz\/index.php?rest_route=\/wp\/v2\/pages"}],"about":[{"href":"http:\/\/www.jungschar.biz\/index.php?rest_route=\/wp\/v2\/types\/page"}],"author":[{"embeddable":true,"href":"http:\/\/www.jungschar.biz\/index.php?rest_route=\/wp\/v2\/users\/3"}],"replies":[{"embeddable":true,"href":"http:\/\/www.jungschar.biz\/index.php?rest_route=%2Fwp%2Fv2%2Fcomments&post=504"}],"version-history":[{"count":30,"href":"http:\/\/www.jungschar.biz\/index.php?rest_route=\/wp\/v2\/pages\/504\/revisions"}],"predecessor-version":[{"id":1156,"href":"http:\/\/www.jungschar.biz\/index.php?rest_route=\/wp\/v2\/pages\/504\/revisions\/1156"}],"up":[{"embeddable":true,"href":"http:\/\/www.jungschar.biz\/index.php?rest_route=\/wp\/v2\/pages\/453"}],"wp:attachment":[{"href":"http:\/\/www.jungschar.biz\/index.php?rest_route=%2Fwp%2Fv2%2Fmedia&parent=504"}],"curies":[{"name":"wp","href":"https:\/\/api.w.org\/{rel}","templated":true}]}}