{"id":5023,"date":"2012-03-08T16:37:41","date_gmt":"2012-03-08T15:37:41","guid":{"rendered":"http:\/\/www.jungschar.biz\/w\/?page_id=5023"},"modified":"2023-11-04T14:50:17","modified_gmt":"2023-11-04T13:50:17","slug":"ritterlager-2017","status":"publish","type":"page","link":"http:\/\/www.jungschar.biz\/?page_id=5023","title":{"rendered":"\u203a Ritterlager 2025 (2031)"},"content":{"rendered":"<p><strong><span style=\"text-decoration: underline;\">Bibelarbeitsmaterial f\u00fcr Ritterlager 2025<\/span> <\/strong>(2031)<strong><br \/>\n<\/strong><\/p>\n<p><span style=\"color: #ff0000;\"><strong>\u2022 <a href=\"http:\/\/www.jungschar.biz\/wp-content\/uploads\/JSBuendisch\/AndachtBA\/Lager 2025\/Mit Mose durch die Wueste.pdf\" data-wplink-url-error=\"true\">Mit Mose durch die W\u00fcste <\/a><\/strong><span style=\"font-size: small;\"><span style=\"color: #666699;\">(Bibelarbeitsreihe f\u00fcr die Jungschar, KV Siegerland)<\/span><\/span><\/span><\/p>\n<p><span style=\"color: #ff0000;\"><span style=\"font-size: small;\"><span style=\"color: #666699;\"><strong><span style=\"color: #ff0000;\">\u2022 <span style=\"color: #008000;\">Biblische Geschichten aus dem gro\u00dfen Erz\u00e4hlbuch<br \/>\n<\/span><\/span><\/strong><span style=\"color: #ffffff;\">&#8212;-<\/span><a href=\"http:\/\/www.jungschar.biz\/wp-content\/uploads\/JSBuendisch\/AndachtBA\/Lager 2025\/Mose Erzaehlung A4.pdf\" target=\"_blank\" rel=\"noopener\" data-wplink-url-error=\"true\"><strong><span style=\"color: #ff0000;\"><strong>DIN A 4<\/strong><\/span><\/strong> <\/a><strong><span style=\"color: #ff0000;\"><br \/>\n<\/span><\/strong><span style=\"color: #ffffff;\">&#8212;-<\/span><a href=\"http:\/\/www.jungschar.biz\/wp-content\/uploads\/JSBuendisch\/AndachtBA\/Lager 2025\/Mose Erzaehlung v.pdf\" target=\"_blank\" rel=\"noopener\" data-wplink-url-error=\"true\"><strong>DIN A 5<\/strong><\/a> &#8211; Vorderseiten)<br \/>\n<span style=\"color: #ffffff;\">&#8212;-<\/span><a href=\"http:\/\/www.jungschar.biz\/wp-content\/uploads\/JSBuendisch\/AndachtBA\/Lager 2025\/Mose Erzaehlung r.pdf\" target=\"_blank\" rel=\"noopener\" data-wplink-url-error=\"true\"><strong>DIN A 5<\/strong><\/a> &#8211; R\u00fcckseiten<br \/>\n<\/span><\/span><\/span><\/p>\n<p><strong><span style=\"color: #ff0000;\">\u2022<\/span> <span style=\"color: #008000;\">Biblische Geschichten f\u00fcr Kinder<\/span><\/strong><strong><br \/>\n<\/strong><span style=\"color: #ffffff;\">&#8212;-<\/span><strong><a href=\"http:\/\/www.jungschar.biz\/wp-content\/uploads\/JSBuendisch\/AndachtBA\/Lager 2025\/BGfK (Mose) A4.pdf\" target=\"_blank\" rel=\"noopener\" data-wplink-url-error=\"true\">DIN A 4<\/a><br \/>\n<\/strong><span style=\"color: #ffffff;\">&#8212;-<\/span><a href=\"http:\/\/www.jungschar.biz\/wp-content\/uploads\/JSBuendisch\/AndachtBA\/Lager 2025\/BGfK (Mose) v.pdf\" target=\"_blank\" rel=\"noopener\" data-wplink-url-error=\"true\"><strong>DIN A 5 <\/strong><\/a><span style=\"color: #888888;\">&#8211; Vorderseiten<\/span><strong><br \/>\n<\/strong><span style=\"color: #ffffff;\">&#8212;-<\/span><a href=\"http:\/\/www.jungschar.biz\/wp-content\/uploads\/JSBuendisch\/AndachtBA\/Lager 2025\/BGfK (Mose) r.pdf\" target=\"_blank\" rel=\"noopener\" data-wplink-url-error=\"true\"><strong>DIN A 5 <\/strong><\/a><span style=\"color: #888888;\">&#8211; R\u00fcckseiten<\/span><\/p>\n<p><strong><span style=\"color: #ff0000;\">\u2022<\/span> <span style=\"color: #008000;\">Kommentare<\/span><\/strong><strong><br \/>\n<\/strong><span style=\"color: #ffffff;\">&#8212;-<\/span><a href=\"http:\/\/www.jungschar.biz\/wp-content\/uploads\/JSBuendisch\/AndachtBA\/Lager 2025\/K Mose W MacDonald A4.pdf\" target=\"_blank\" rel=\"noopener\" data-wplink-url-error=\"true\"><strong>W. MacDonald <\/strong><\/a><span style=\"color: #888888;\">DIN A 4<\/span><strong><br \/>\n<\/strong><span style=\"color: #ffffff;\">&#8212;-<\/span><a href=\"http:\/\/www.jungschar.biz\/wp-content\/uploads\/JSBuendisch\/AndachtBA\/Lager 2025\/K Mose W MacDonald v.pdf\" target=\"_blank\" rel=\"noopener\" data-wplink-url-error=\"true\"><strong>W. MacDonald <\/strong><\/a><span style=\"color: #888888;\">DIN A 5 &#8211; Vorderseiten<\/span><strong><br \/>\n<\/strong><span style=\"color: #ffffff;\">&#8212;-<\/span><strong><a href=\"http:\/\/www.jungschar.biz\/wp-content\/uploads\/JSBuendisch\/AndachtBA\/Lager 2025\/K Mose W MacDonald r.pdf\" target=\"_blank\" rel=\"noopener\" data-wplink-url-error=\"true\">W. MacDonald <\/a><\/strong><span style=\"color: #888888;\">DIN A 5 &#8211; R\u00fcckseiten<\/span><strong><br \/>\n<\/strong><\/p>\n<p><span style=\"color: #ff0000;\"><span style=\"font-size: small;\"><span style=\"color: #666699;\"><strong><span style=\"color: #ff0000;\">\u2022<\/span> <a href=\"http:\/\/www.jungschar.biz\/wp-content\/uploads\/JSBuendisch\/AndachtBA\/Lager 2025\/Lesezeichen Mose.pdf\" target=\"_blank\" rel=\"noopener\" data-wplink-url-error=\"true\">Lesezeichen Mose<\/a><\/strong><\/span><\/span><\/span><\/p>\n<p><span style=\"color: #ff0000;\"><span style=\"font-size: small;\"><span style=\"color: #666699;\"><strong><span style=\"color: #000000;\"><span style=\"color: #ff0000;\">\u2022<\/span> <a href=\"http:\/\/www.jungschar.biz\/wp-content\/uploads\/JSBuendisch\/AndachtBA\/Lager 2025\/Bibeltexte Mose.pdf\" target=\"_blank\" rel=\"noopener\" data-wplink-url-error=\"true\">Bibeltexte zu Mose<\/a><\/span><\/strong><span style=\"color: #888888;\"> in acht \u00dcbersetzungen<\/span><strong><span style=\"color: #000000;\"><br \/>\n<\/span><\/strong><span style=\"color: #808080;\"><span style=\"color: #ffffff;\">&#8230;&#8230;..<\/span>(Luther 2017, <span style=\"text-decoration: line-through;\">BasisBibel<\/span> [folgt], Gute Nachricht Bibel, Hoffnung f\u00fcr alle,<br \/>\n<span style=\"color: #ffffff;\">&#8230;&#8230;..<\/span>Elberfelder, Menge-\u00dcbersetzung, Schlachter 2000, Neue evangelistische \u00dcbersetzung)<\/span><\/span><\/span><\/span><\/p>\n<p><span style=\"color: #ff0000;\"><span style=\"font-size: small;\"><span style=\"color: #666699;\"><span style=\"color: #808080;\"><strong><span style=\"color: #ff0000;\">\u2022<\/span> <a href=\"http:\/\/www.jungschar.biz\/wp-content\/uploads\/JSBuendisch\/AndachtBA\/Lager 2025\/Wuestenwanderung Karte.pdf\" target=\"_blank\" rel=\"noopener\" data-wplink-url-error=\"true\">Karte W\u00fcstenwanderung<\/a><\/strong><br \/>\n<\/span><\/span><\/span><\/span><\/p>\n<p><span style=\"color: #808080;\">\u2013<\/span><\/p>\n<h5><span style=\"color: #ff0000;\"><strong>\u2039<\/strong><\/span> <a href=\"http:\/\/www.jungschar.biz\/?page_id=5023\">nach oben<\/a><\/h5>\n<h5><span style=\"color: #ff0000;\"><strong>\u2039<\/strong><\/span> <a href=\"http:\/\/www.jungschar.biz\/?page_id=1991\">zur\u00fcck zu den<\/a> <span style=\"color: #ff0000;\"><strong>\u00bb<\/strong><\/span> <a href=\"http:\/\/www.jungschar.biz\/?page_id=1991\">Ritterlagern<\/a><\/h5>\n<h5><span style=\"color: #ff0000;\"><strong>\u2039<\/strong><\/span> <a href=\"http:\/\/www.jungschar.biz\/?page_id=1963\">zur\u00fcck zu Downloads<\/a> <span style=\"color: #ff0000;\">\u2022<\/span> <a href=\"http:\/\/www.jungschar.biz\/?page_id=1963\">Andachten und Bibelarbeiten<\/a><\/h5>\n<h5><span style=\"color: #ff0000;\"><strong>\u2039<\/strong><\/span> <a href=\"http:\/\/www.jungschar.biz\/?page_id=10\">zur\u00fcck zu <strong>Downloads<\/strong><\/a><\/h5>\n<h5><span style=\"color: #ff0000;\"><strong>\u2039<\/strong><\/span> <a href=\"http:\/\/www.jungschar.biz\/\">zur\u00fcck zur <strong>Startseite<\/strong><\/a><\/h5>\n","protected":false},"excerpt":{"rendered":"<p>Bibelarbeitsmaterial f\u00fcr Ritterlager 2025 (2031) \u2022 Mit Mose durch die W\u00fcste (Bibelarbeitsreihe f\u00fcr die Jungschar, KV Siegerland) \u2022 Biblische Geschichten aus dem gro\u00dfen Erz\u00e4hlbuch &#8212;-DIN A 4 &#8212;-DIN A 5 &#8211; Vorderseiten) &#8212;-DIN A 5 &#8211; R\u00fcckseiten \u2022 Biblische Geschichten f\u00fcr Kinder &#8212;-DIN A 4 &#8212;-DIN A 5 &#8211; Vorderseiten &#8212;-DIN A 5 &#8211; R\u00fcckseiten [&hellip;]<\/p>\n","protected":false},"author":3,"featured_media":0,"parent":1991,"menu_order":8,"comment_status":"closed","ping_status":"closed","template":"","meta":{"ngg_post_thumbnail":0},"_links":{"self":[{"href":"http:\/\/www.jungschar.biz\/index.php?rest_route=\/wp\/v2\/pages\/5023"}],"collection":[{"href":"http:\/\/www.jungschar.biz\/index.php?rest_route=\/wp\/v2\/pages"}],"about":[{"href":"http:\/\/www.jungschar.biz\/index.php?rest_route=\/wp\/v2\/types\/page"}],"author":[{"embeddable":true,"href":"http:\/\/www.jungschar.biz\/index.php?rest_route=\/wp\/v2\/users\/3"}],"replies":[{"embeddable":true,"href":"http:\/\/www.jungschar.biz\/index.php?rest_route=%2Fwp%2Fv2%2Fcomments&post=5023"}],"version-history":[{"count":52,"href":"http:\/\/www.jungschar.biz\/index.php?rest_route=\/wp\/v2\/pages\/5023\/revisions"}],"predecessor-version":[{"id":9597,"href":"http:\/\/www.jungschar.biz\/index.php?rest_route=\/wp\/v2\/pages\/5023\/revisions\/9597"}],"up":[{"embeddable":true,"href":"http:\/\/www.jungschar.biz\/index.php?rest_route=\/wp\/v2\/pages\/1991"}],"wp:attachment":[{"href":"http:\/\/www.jungschar.biz\/index.php?rest_route=%2Fwp%2Fv2%2Fmedia&parent=5023"}],"curies":[{"name":"wp","href":"https:\/\/api.w.org\/{rel}","templated":true}]}}