{"id":502,"date":"2010-02-11T14:26:26","date_gmt":"2010-02-11T13:26:26","guid":{"rendered":"http:\/\/www.jungschar.biz\/w\/?page_id=502"},"modified":"2013-03-27T11:50:58","modified_gmt":"2013-03-27T10:50:58","slug":"%c2%bb-f","status":"publish","type":"page","link":"http:\/\/www.jungschar.biz\/?page_id=502","title":{"rendered":"\u2022 F"},"content":{"rendered":"<h5><strong><span style=\"color: #ff0000;\">\u2039<\/span><\/strong> <a href=\"http:\/\/www.jungschar.biz\/?page_id=453\">zur\u00fcck zum <strong>Lexikon<\/strong><\/a><\/h5>\n<h5><span style=\"color: #ffffff;\">\u2013<\/span><\/h5>\n<h2><span style=\"color: #ff0000;\">\u2022<\/span> <a name=\"Fahrtenhemd\"><\/a><span style=\"color: #000080;\">Fahrtenhemd<\/span><\/h2>\n<p><a href=\"http:\/\/www.jungschar.biz\/wp-content\/uploads\/2011\/03\/Fahrtenhemd1.gif\"><img decoding=\"async\" loading=\"lazy\" class=\"alignleft\" src=\"http:\/\/www.jungschar.biz\/wp-content\/uploads\/2011\/03\/Fahrtenhemd1.gif\" alt=\"\" width=\"242\" height=\"265\" \/><\/a><\/p>\n<p style=\"text-align: left;\">Das Fahrtenhemd, die Kluft, wird als \u00e4u\u00dferes Zeichen der Verbundenheit und Zugeh\u00f6rigkeit zur Jungschar getragen. Es hat Bekenntnischarakter, das Fahrtenhemd zu tragen: Man bekennt sich dazu, Mitglied in der CVJM-Jungschar zu sein und sich dementsprechend zu verhalten.<br \/>\nDas Fahrtenhemd besteht aus strapazierf\u00e4higem Stoff, hat zwei Brusttaschen und einen offenen Kragen. Die Farbe des Fahrtenhemdes ist meistens (j\u00e4ger-)gr\u00fcn f\u00fcr Jungen und hellgrau f\u00fcr M\u00e4dchen.<br \/>\nJungscharler tragen auf der linken Brusttasche (Herzseite) das Ankerkreuz und auf dem linken Oberarm (ca. 8 cm von oben)\u00a0das CVJM-Dreieck.<br \/>\nMitarbeiter und Jungenschaftler tragen auf der linken Brusttasche das Eichenkreuz.<\/p>\n<h5><span style=\"color: #ff0000;\">\u2039<\/span> <a href=\"http:\/\/www.jungschar.biz\/?page_id=502\">nach oben<\/a><\/h5>\n<h5><span style=\"color: #ffffff;\">\u2013<\/span><\/h5>\n<h2><span style=\"color: #ff0000;\">\u2022<\/span> <span style=\"color: #000080;\">Fr\u00fchjahrswaldlauf<\/span><\/h2>\n<p>Traditionelle Waldlaufmeisterschaft jeweils im Fr\u00fchjahr eines Jahres.<\/p>\n<h2><span style=\"color: #ff0000;\">\u2022<\/span> <span style=\"color: #000080;\">Fortsetzungsgeschichte<\/span><\/h2>\n<p>Als Fortsetzungsgeschichte kommen spannende Jugendb\u00fccher, meist \u00e4lteren Datums, in Frage.<br \/>\nDie Fortsetzungsgeschichte hat bis zu acht Teile.<br \/>\nB\u00fccher mit viel Blut und Leichen sind ungeeignet, aktuelle B\u00fccher scheiden aus, weil sie oft zu bekannt sind.<br \/>\nSpannende B\u00fccher sind unter [<a href=\"http:\/\/www.jungschar.biz\/?page_id=500\">Erz\u00e4hlb\u00fccher<\/a>] zu finden.<\/p>\n<h5><span style=\"color: #c0c0c0;\">\u2013<\/span><\/h5>\n<h5><strong><span style=\"color: #ff0000;\">\u2039<\/span><\/strong> <a href=\"http:\/\/www.jungschar.biz\/?page_id=502\">nach oben<\/a><\/h5>\n<h5><strong><span style=\"color: #ff0000;\">\u2039<\/span><\/strong> <a href=\"http:\/\/www.jungschar.biz\/?page_id=453\">zur\u00fcck zum <strong>Lexikon<\/strong><\/a><\/h5>\n<h5><span style=\"color: #ff0000;\">\u2039<\/span> <a href=\"http:\/\/www.jungschar.biz\">zur\u00fcck zur Startseite<\/a><\/h5>\n<h5><span style=\"color: #ffffff;\">\u2013<\/span><\/h5>\n","protected":false},"excerpt":{"rendered":"<p>\u2039 zur\u00fcck zum Lexikon \u2013 \u2022 Fahrtenhemd Das Fahrtenhemd, die Kluft, wird als \u00e4u\u00dferes Zeichen der Verbundenheit und Zugeh\u00f6rigkeit zur Jungschar getragen. Es hat Bekenntnischarakter, das Fahrtenhemd zu tragen: Man bekennt sich dazu, Mitglied in der CVJM-Jungschar zu sein und sich dementsprechend zu verhalten. Das Fahrtenhemd besteht aus strapazierf\u00e4higem Stoff, hat zwei Brusttaschen und einen [&hellip;]<\/p>\n","protected":false},"author":3,"featured_media":0,"parent":453,"menu_order":5,"comment_status":"closed","ping_status":"closed","template":"","meta":{"ngg_post_thumbnail":0},"_links":{"self":[{"href":"http:\/\/www.jungschar.biz\/index.php?rest_route=\/wp\/v2\/pages\/502"}],"collection":[{"href":"http:\/\/www.jungschar.biz\/index.php?rest_route=\/wp\/v2\/pages"}],"about":[{"href":"http:\/\/www.jungschar.biz\/index.php?rest_route=\/wp\/v2\/types\/page"}],"author":[{"embeddable":true,"href":"http:\/\/www.jungschar.biz\/index.php?rest_route=\/wp\/v2\/users\/3"}],"replies":[{"embeddable":true,"href":"http:\/\/www.jungschar.biz\/index.php?rest_route=%2Fwp%2Fv2%2Fcomments&post=502"}],"version-history":[{"count":32,"href":"http:\/\/www.jungschar.biz\/index.php?rest_route=\/wp\/v2\/pages\/502\/revisions"}],"predecessor-version":[{"id":880,"href":"http:\/\/www.jungschar.biz\/index.php?rest_route=\/wp\/v2\/pages\/502\/revisions\/880"}],"up":[{"embeddable":true,"href":"http:\/\/www.jungschar.biz\/index.php?rest_route=\/wp\/v2\/pages\/453"}],"wp:attachment":[{"href":"http:\/\/www.jungschar.biz\/index.php?rest_route=%2Fwp%2Fv2%2Fmedia&parent=502"}],"curies":[{"name":"wp","href":"https:\/\/api.w.org\/{rel}","templated":true}]}}