{"id":5019,"date":"2012-03-08T16:36:45","date_gmt":"2012-03-08T15:36:45","guid":{"rendered":"http:\/\/www.jungschar.biz\/w\/?page_id=5019"},"modified":"2023-11-04T17:02:31","modified_gmt":"2023-11-04T16:02:31","slug":"ritterlager-2015","status":"publish","type":"page","link":"http:\/\/www.jungschar.biz\/?page_id=5019","title":{"rendered":"\u203a Ritterlager 2023 (2029)"},"content":{"rendered":"<p><strong><span style=\"text-decoration: underline;\">Bibelarbeitsmaterial f\u00fcr Ritterlager 2023<\/span> <\/strong>(2029)<strong><br \/>\n<\/strong><\/p>\n<p><strong><span style=\"color: #ff0000;\">\u2022 <a href=\"http:\/\/www.jungschar.biz\/wp-content\/uploads\/Bibelarbeiten Rudi\/Bibelarbeiten Josef.pdf\" target=\"_blank\" rel=\"noopener\" data-wplink-url-error=\"true\">Gott ist mit Josef<\/a><\/span><\/strong><\/p>\n<p><strong><span style=\"color: #ff0000;\">\u2022<\/span> <a href=\"http:\/\/www.jungschar.biz\/wp-content\/uploads\/Bibelarbeiten Rudi\/Bibelarbeiten Josef.pdf\" target=\"_blank\" rel=\"noopener\" data-wplink-url-error=\"true\">Josef<\/a><\/strong> <span style=\"color: #888888;\">(von Rudi Hoffarth)<\/span><\/p>\n<p><strong><span style=\"color: #ff0000;\">\u2022<\/span> <a href=\"http:\/\/www.jungschar.biz\/wp-content\/uploads\/JSBuendisch\/AndachtBA\/Lager 2023\/Josef.pdf\" target=\"_blank\" rel=\"noopener\" data-wplink-url-error=\"true\">Josef <\/a><\/strong><span style=\"color: #888888;\">(Erz\u00e4hlbuch)<\/span><strong><a href=\"http:\/\/www.jungschar.biz\/wp-content\/uploads\/AndachtBA\/Lager2023\/Josef.pdf\" target=\"_blank\" rel=\"noopener\"><br \/>\n<\/a><\/strong><\/p>\n<p><strong><span style=\"color: #ff0000;\">\u2022<\/span> <a href=\"http:\/\/www.jungschar.biz\/wp-content\/uploads\/JSBuendisch\/AndachtBA\/Lager 2023\/Steckbrief Josef.pdf\" target=\"_blank\" rel=\"noopener\" data-wplink-url-error=\"true\">Steckbrief Josef<\/a><\/strong><\/p>\n<p><strong><span style=\"color: #ff0000;\">\u2022<\/span> <a href=\"http:\/\/www.jungschar.biz\/wp-content\/uploads\/JSBuendisch\/AndachtBA\/Lager 2023\/Bibelarbeitsheft Josef Titel.pdf\" target=\"_blank\" rel=\"noopener\" data-wplink-url-error=\"true\">Bibelarbeitsheft Josef <\/a><\/strong><span style=\"color: #888888;\">1 &#8211; (Titel)<\/span><strong><a href=\"http:\/\/www.jungschar.biz\/wp-content\/uploads\/AndachtBA\/Lager2023\/Bibelarbeitsheft Josef Titel.pdf\" target=\"_blank\" rel=\"noopener\"><br \/>\n<\/a><span style=\"color: #ff0000;\">\u2022<\/span> <a href=\"http:\/\/www.jungschar.biz\/wp-content\/uploads\/JSBuendisch\/AndachtBA\/Lager 2023\/Bibelarbeitsheft Josef Inhalt.pdf\" target=\"_blank\" rel=\"noopener\" data-wplink-url-error=\"true\">Bibelarbeitsheft Josef<\/a><\/strong><span style=\"color: #888888;\"> 2 &#8211; (Inhalt)<\/span><\/p>\n<p><strong><span style=\"color: #ff0000;\">\u2022<\/span> <span style=\"color: #008000;\">Biblische Geschichten aus dem gro\u00dfen Erz\u00e4hlbuch<\/span><br \/>\n<\/strong><span style=\"color: #ffffff;\">&#8212;-<\/span><strong><a href=\"http:\/\/www.jungschar.biz\/wp-content\/uploads\/JSBuendisch\/AndachtBA\/Lager 2023\/Josef Erzaehlbibel A4.pdf\" target=\"_blank\" rel=\"noopener\" data-wplink-url-error=\"true\">DIN A 4<\/a><br \/>\n<\/strong><span style=\"color: #ffffff;\">&#8212;-<\/span><a href=\"http:\/\/www.jungschar.biz\/wp-content\/uploads\/JSBuendisch\/AndachtBA\/Lager 2023\/Josef Erzaehlbibel v.pdf\" target=\"_blank\" rel=\"noopener\" data-wplink-url-error=\"true\"><strong>DIN A 5<\/strong><\/a><span style=\"color: #808080;\"> &#8211; Vorderseiten<\/span><strong><br \/>\n<\/strong><span style=\"color: #ffffff;\">&#8212;-<\/span><a href=\"http:\/\/www.jungschar.biz\/wp-content\/uploads\/JSBuendisch\/AndachtBA\/Lager 2023\/Josef Erzaehlbibel r.pdf\" target=\"_blank\" rel=\"noopener\" data-wplink-url-error=\"true\"><strong>DIN A 5<\/strong><\/a><span style=\"color: #808080;\"> &#8211; R\u00fcckseiten<\/span><\/p>\n<p><strong><span style=\"color: #ff0000;\">\u2022<\/span> <span style=\"color: #008000;\">Biblische Geschichten f\u00fcr Kinder<\/span><br \/>\n<\/strong><span style=\"color: #ffffff;\">&#8211;<\/span><span style=\"color: #ffffff;\">&#8212;<\/span><strong><a href=\"http:\/\/www.jungschar.biz\/wp-content\/uploads\/JSBuendisch\/AndachtBA\/Lager 2023\/BGfK (Josef) A4.pdf\" target=\"_blank\" rel=\"noopener\" data-wplink-url-error=\"true\">DIN A 4<\/a><br \/>\n<\/strong><span style=\"color: #ffffff;\">&#8212;-<\/span><a href=\"http:\/\/www.jungschar.biz\/wp-content\/uploads\/JSBuendisch\/AndachtBA\/Lager 2023\/BGfK (Josef) v.pdf\" target=\"_blank\" rel=\"noopener\" data-wplink-url-error=\"true\"><strong>DIN A 5 <\/strong><\/a><span style=\"color: #808080;\">&#8211; Vorderseiten<\/span><strong><br \/>\n<\/strong><span style=\"color: #ffffff;\">&#8212;-<\/span><a href=\"http:\/\/www.jungschar.biz\/wp-content\/uploads\/JSBuendisch\/AndachtBA\/Lager 2023\/BGfK (Josef) r.pdf\" target=\"_blank\" rel=\"noopener\" data-wplink-url-error=\"true\"><strong>DIN A 5 <\/strong><\/a><span style=\"color: #808080;\">&#8211; R\u00fcckseiten<\/span><\/p>\n<p><strong><span style=\"color: #ff0000;\">\u2022<\/span> <span style=\"color: #008000;\">Kommentare<\/span><br \/>\n<\/strong><span style=\"color: #ffffff;\"><strong>&#8212;-<\/strong><\/span><a href=\"http:\/\/www.jungschar.biz\/wp-content\/uploads\/JSBuendisch\/AndachtBA\/Lager 2023\/K Josef W MacDonald A4.pdf\" target=\"_blank\" rel=\"noopener\" data-wplink-url-error=\"true\"><strong>W. MacDonald <\/strong><\/a><span style=\"color: #888888;\">DIN A 4<\/span><strong><br \/>\n<\/strong><span style=\"color: #ffffff;\"><strong>&#8212;-<\/strong><\/span><a href=\"http:\/\/www.jungschar.biz\/wp-content\/uploads\/JSBuendisch\/AndachtBA\/Lager 2023\/K Josef W MacDonald v.pdf\" target=\"_blank\" rel=\"noopener\" data-wplink-url-error=\"true\"><strong>W. MacDonald <\/strong><\/a><span style=\"color: #888888;\">DIN A 5 &#8211; Vorderseiten<\/span><strong><br \/>\n<span style=\"color: #ffffff;\">&#8212;-<\/span><a href=\"http:\/\/www.jungschar.biz\/wp-content\/uploads\/JSBuendisch\/AndachtBA\/Lager 2023\/K Josef W MacDonald r.pdf\" target=\"_blank\" rel=\"noopener\" data-wplink-url-error=\"true\">W. MacDonald <\/a><\/strong><span style=\"color: #888888;\">DIN A 5 &#8211; R\u00fcckseiten<\/span><strong><br \/>\n<\/strong><\/p>\n<p><strong><span style=\"color: #ff0000;\">\u2022<\/span> <a href=\"http:\/\/www.jungschar.biz\/wp-content\/uploads\/JSBuendisch\/AndachtBA\/Lager 2023\/Bibeltexte Josef.pdf\" target=\"_blank\" rel=\"noopener\" data-wplink-url-error=\"true\">Bibeltexte zu Josef <\/a><\/strong><span style=\"color: #888888;\">in acht \u00dcbersetzungen<\/span><strong><br \/>\n<\/strong><span style=\"color: #888888;\"><span style=\"color: #ffffff;\">&#8230;&#8230;..<\/span>(Luther 2017, <span style=\"text-decoration: line-through;\">BasisBibel<\/span> [folgt], Gute Nachricht Bibel, Hoffnung f\u00fcr alle,<br \/>\n<span style=\"color: #ffffff;\">&#8230;&#8230;..<\/span>Elberfelder, Menge-\u00dcbersetzung, Schlachter 2000, Neue evangelistische \u00dcbersetzung)<\/span><\/p>\n<p><span style=\"color: #888888;\"><strong><span style=\"color: #ff0000;\">\u2022<\/span> <a href=\"http:\/\/www.jungschar.biz\/wp-content\/uploads\/JSBuendisch\/AndachtBA\/Lager 2023\/Josef - eine Traum-Karriere.pdf\" target=\"_blank\" rel=\"noopener\" data-wplink-url-error=\"true\">Josef &#8211; eine Traum-Karriere<\/a><\/strong><br \/>\n<\/span><\/p>\n<p><span style=\"color: #808080;\">\u2013<\/span><\/p>\n<h5><span style=\"color: #ff0000;\"><strong>\u2039<\/strong><\/span> <a href=\"http:\/\/www.jungschar.biz\/?page_id=5019\">nach oben<\/a><\/h5>\n<h5><span style=\"color: #ff0000;\"><strong>\u2039<\/strong><\/span> <a href=\"http:\/\/www.jungschar.biz\/?page_id=1991\">zur\u00fcck zu den<\/a> <span style=\"color: #ff0000;\"><strong>\u00bb<\/strong><\/span> <a href=\"http:\/\/www.jungschar.biz\/?page_id=1991\">Ritterlagern<\/a><\/h5>\n<h5><span style=\"color: #ff0000;\"><strong>\u2039<\/strong><\/span> <a href=\"http:\/\/www.jungschar.biz\/?page_id=1963\">zur\u00fcck zu Downloads<\/a> <span style=\"color: #ff0000;\"><strong>\u2022<\/strong><\/span> <a href=\"http:\/\/www.jungschar.biz\/?page_id=1963\">Andachten und Bibelarbeiten<\/a><\/h5>\n<h5><span style=\"color: #ff0000;\"><strong>\u2039<\/strong><\/span> <a href=\"http:\/\/www.jungschar.biz\/?page_id=10\">zur\u00fcck zu <strong>Downloads<\/strong><\/a><\/h5>\n<h5><span style=\"color: #ff0000;\"><strong>\u2039<\/strong><\/span> <a href=\"http:\/\/www.jungschar.biz\/\">zur\u00fcck zur <strong>Startseite<\/strong><\/a><\/h5>\n","protected":false},"excerpt":{"rendered":"<p>Bibelarbeitsmaterial f\u00fcr Ritterlager 2023 (2029) \u2022 Gott ist mit Josef \u2022 Josef (von Rudi Hoffarth) \u2022 Josef (Erz\u00e4hlbuch) \u2022 Steckbrief Josef \u2022 Bibelarbeitsheft Josef 1 &#8211; (Titel) \u2022 Bibelarbeitsheft Josef 2 &#8211; (Inhalt) \u2022 Biblische Geschichten aus dem gro\u00dfen Erz\u00e4hlbuch &#8212;-DIN A 4 &#8212;-DIN A 5 &#8211; Vorderseiten &#8212;-DIN A 5 &#8211; R\u00fcckseiten \u2022 Biblische [&hellip;]<\/p>\n","protected":false},"author":3,"featured_media":0,"parent":1991,"menu_order":6,"comment_status":"closed","ping_status":"closed","template":"","meta":{"ngg_post_thumbnail":0},"_links":{"self":[{"href":"http:\/\/www.jungschar.biz\/index.php?rest_route=\/wp\/v2\/pages\/5019"}],"collection":[{"href":"http:\/\/www.jungschar.biz\/index.php?rest_route=\/wp\/v2\/pages"}],"about":[{"href":"http:\/\/www.jungschar.biz\/index.php?rest_route=\/wp\/v2\/types\/page"}],"author":[{"embeddable":true,"href":"http:\/\/www.jungschar.biz\/index.php?rest_route=\/wp\/v2\/users\/3"}],"replies":[{"embeddable":true,"href":"http:\/\/www.jungschar.biz\/index.php?rest_route=%2Fwp%2Fv2%2Fcomments&post=5019"}],"version-history":[{"count":60,"href":"http:\/\/www.jungschar.biz\/index.php?rest_route=\/wp\/v2\/pages\/5019\/revisions"}],"predecessor-version":[{"id":9618,"href":"http:\/\/www.jungschar.biz\/index.php?rest_route=\/wp\/v2\/pages\/5019\/revisions\/9618"}],"up":[{"embeddable":true,"href":"http:\/\/www.jungschar.biz\/index.php?rest_route=\/wp\/v2\/pages\/1991"}],"wp:attachment":[{"href":"http:\/\/www.jungschar.biz\/index.php?rest_route=%2Fwp%2Fv2%2Fmedia&parent=5019"}],"curies":[{"name":"wp","href":"https:\/\/api.w.org\/{rel}","templated":true}]}}