{"id":500,"date":"2010-02-11T14:26:07","date_gmt":"2010-02-11T13:26:07","guid":{"rendered":"http:\/\/www.jungschar.biz\/w\/?page_id=500"},"modified":"2018-01-18T14:55:54","modified_gmt":"2018-01-18T13:55:54","slug":"%c2%bb-e","status":"publish","type":"page","link":"http:\/\/www.jungschar.biz\/?page_id=500","title":{"rendered":"\u2022 E"},"content":{"rendered":"<h5><strong><span style=\"color: #ff0000;\">\u2039<\/span><\/strong> <a href=\"http:\/\/www.jungschar.biz\/?page_id=453\">zur\u00fcck zum <strong>Lexikon<\/strong><\/a><\/h5>\n<h5><span style=\"color: #ffffff;\">\u2013<\/span><\/h5>\n<h2><span style=\"color: #ff0000;\">\u2022<\/span> <span style=\"color: #000080;\">Eichenkreuz<\/span><\/h2>\n<p><span style=\"color: #000080;\"><img decoding=\"async\" loading=\"lazy\" class=\"alignleft\" src=\"http:\/\/www.jungschar.biz\/wp-content\/uploads\/Lexikon\/Westbund-klein.gif\" alt=\"\" width=\"102\" height=\"123\" \/><\/span><\/p>\n<p><span style=\"color: #ffffff;\">.<\/span><\/p>\n<p><span style=\"color: #ffffff;\">.<\/span><\/p>\n<p><span style=\"color: #ffffff;\">.<\/span><\/p>\n<p><span style=\"color: #ffffff;\">.<\/span><\/p>\n<p><span style=\"color: #000080;\"><br \/>\n<\/span><\/p>\n<h2><span style=\"color: #ff0000;\">\u2022<\/span> <span style=\"color: #000080;\">Erz\u00e4hlb\u00fccher<\/span><\/h2>\n<h5><span style=\"color: #cc5100;\">Diese B\u00fccher habe ich alle gelesen und kann sie f\u00fcr die Jungschar empfehlen.<\/span><\/h5>\n<h5><span style=\"color: #cc5100;\">(Viele alte B\u00fccher kann man z. B. \u00fcber <a href=\"http:\/\/www.amazon.de\" target=\"_blank\">Amazon<\/a> bestellen.)<\/span><\/h5>\n<h5><span style=\"color: #cc5100;\"><span style=\"color: #008000;\">Einige unserer beliebtesten Autoren sind<\/span> <a href=\"http:\/\/www.jungschar.biz\/wp-content\/uploads\/2010\/02\/Catherall-Arthur.pdf\" target=\"_blank\">Arthur Catherall <\/a><span style=\"color: #008000;\">, <a href=\"http:\/\/de.wikipedia.org\/wiki\/Wolfgang_Ecke\" target=\"_blank\">Wolfgang Ecke <\/a>und Kurt Miethke.<br \/>\nEin neuer &#8218;Geheimtipp&#8216; ist Alfred Weidenmann (\u00bbGep\u00e4ckschein 666\u00ab, \u00bbDie glorreichen 7\u00ab)<\/span><br \/>\nInteressante B\u00fccher gibt es auch hier: [<a href=\"http:\/\/verlagkessel.de\/\" target=\"_blank\">http:\/\/verlagkessel.de\/<\/a>].<br \/>\n<\/span><\/h5>\n<p><span style=\"color: #cc5100;\"><span style=\"color: #008000;\"> <\/span><\/span><span style=\"color: #cc5100;\"><span style=\"color: #ffffff;\">\u2013<\/span><\/span><\/p>\n<h5><span style=\"color: #006161;\">\n<table id=\"wp-table-reloaded-id-15-no-1\" class=\"wp-table-reloaded wp-table-reloaded-id-15\">\n<thead>\n\t<tr class=\"row-1 odd\">\n\t\t<th class=\"column-1\">Titel<\/th><th class=\"column-2\">Autor<\/th><th class=\"column-3\">+++++<\/th><th class=\"column-4\">Stichwort<\/th>\n\t<\/tr>\n<\/thead>\n<tbody class=\"row-hover\">\n\t<tr class=\"row-2 even\">\n\t\t<td class=\"column-1\">3 R\u00e4tsel um Napoleon<\/td><td class=\"column-2\">Miethke, Kurt<\/td><td class=\"column-3\">+++<\/td><td class=\"column-4\"><\/td>\n\t<\/tr>\n\t<tr class=\"row-3 odd\">\n\t\t<td class=\"column-1\">Anschlag auf die Wildgans<\/td><td class=\"column-2\">Catherall, A. (C. A.)<\/td><td class=\"column-3\">++++<\/td><td class=\"column-4\">Jungengeschichte<\/td>\n\t<\/tr>\n\t<tr class=\"row-4 even\">\n\t\t<td class=\"column-1\">Auf dunkler Spur<\/td><td class=\"column-2\">Horch, Karl Otto<\/td><td class=\"column-3\">++++<\/td><td class=\"column-4\">Vatersuche<\/td>\n\t<\/tr>\n\t<tr class=\"row-5 odd\">\n\t\t<td class=\"column-1\">Blinkfeuer \u00fcber der Ostsee<\/td><td class=\"column-2\">Seinsche, Franz<\/td><td class=\"column-3\">+++++<\/td><td class=\"column-4\">Zeltlager<\/td>\n\t<\/tr>\n\t<tr class=\"row-6 even\">\n\t\t<td class=\"column-1\">Das Geheimnis der H\u00f6llenschlucht<\/td><td class=\"column-2\">Wallisfurth, R. M.<\/td><td class=\"column-3\">+++<\/td><td class=\"column-4\"><\/td>\n\t<\/tr>\n\t<tr class=\"row-7 odd\">\n\t\t<td class=\"column-1\">Das Rote U<\/td><td class=\"column-2\">Matthiessen, Wilh.<\/td><td class=\"column-3\">++++<\/td><td class=\"column-4\">Mutprobe<\/td>\n\t<\/tr>\n\t<tr class=\"row-8 even\">\n\t\t<td class=\"column-1\">Das Schloss des Erfinders<\/td><td class=\"column-2\">Dale, Norman<\/td><td class=\"column-3\">++++<\/td><td class=\"column-4\">Schloss<\/td>\n\t<\/tr>\n\t<tr class=\"row-9 odd\">\n\t\t<td class=\"column-1\">Das unheimliche Haus von Hackston<\/td><td class=\"column-2\">Ecke, Wolfgang<\/td><td class=\"column-3\">++++<\/td><td class=\"column-4\">Detektiv<\/td>\n\t<\/tr>\n\t<tr class=\"row-10 even\">\n\t\t<td class=\"column-1\">Das Verm\u00e4chtnis des Piraten<\/td><td class=\"column-2\">Dale, Norman<\/td><td class=\"column-3\">++++<\/td><td class=\"column-4\">Schloss<\/td>\n\t<\/tr>\n\t<tr class=\"row-11 odd\">\n\t\t<td class=\"column-1\">Der Herr in den grauen Beinkleidern<\/td><td class=\"column-2\">Ecke, Wolfgang<\/td><td class=\"column-3\">++++<\/td><td class=\"column-4\">Detektiv<\/td>\n\t<\/tr>\n\t<tr class=\"row-12 even\">\n\t\t<td class=\"column-1\">Der Indianerpauker und die Goldene Horde<\/td><td class=\"column-2\">von Gottberg, Hans<\/td><td class=\"column-3\">+++++<\/td><td class=\"column-4\">Jungengeschichte<\/td>\n\t<\/tr>\n\t<tr class=\"row-13 odd\">\n\t\t<td class=\"column-1\">Der Mann mit dem roten Zylinder<\/td><td class=\"column-2\">Ecke, Wolfgang<\/td><td class=\"column-3\">++++<\/td><td class=\"column-4\">Detektiv<\/td>\n\t<\/tr>\n\t<tr class=\"row-14 even\">\n\t\t<td class=\"column-1\">Der Schatz des Tuscarora<\/td><td class=\"column-2\">Gilliard, Alfred J.<\/td><td class=\"column-3\">++++<\/td><td class=\"column-4\">Indianer<\/td>\n\t<\/tr>\n\t<tr class=\"row-15 odd\">\n\t\t<td class=\"column-1\">Der unterirdische Gang<\/td><td class=\"column-2\">Horch, Karl Otto<\/td><td class=\"column-3\">++++<\/td><td class=\"column-4\">Jungengeschichte<\/td>\n\t<\/tr>\n\t<tr class=\"row-16 even\">\n\t\t<td class=\"column-1\">Die Altv\u00e4ter und die Goldene Horde<\/td><td class=\"column-2\">Gottberg, Hans von<\/td><td class=\"column-3\">++++<\/td><td class=\"column-4\">Jungengeschichte<\/td>\n\t<\/tr>\n\t<tr class=\"row-17 odd\">\n\t\t<td class=\"column-1\">Die Falle an der Fakir-Bank<\/td><td class=\"column-2\">Catherall, A. (C. A.)<\/td><td class=\"column-3\">++++<\/td><td class=\"column-4\">Seefahrt<\/td>\n\t<\/tr>\n\t<tr class=\"row-18 even\">\n\t\t<td class=\"column-1\">Die gefesselten Gespenster<\/td><td class=\"column-2\">H\u00f6rnemann, Werner<\/td><td class=\"column-3\">+++++<\/td><td class=\"column-4\">Jungengeschichte<\/td>\n\t<\/tr>\n\t<tr class=\"row-19 odd\">\n\t\t<td class=\"column-1\">Die Gespensterm\u00fchle in der Silberschlucht<\/td><td class=\"column-2\">Sixtus, Albert<\/td><td class=\"column-3\">++++<\/td><td class=\"column-4\">Jungengeschichte<\/td>\n\t<\/tr>\n\t<tr class=\"row-20 even\">\n\t\t<td class=\"column-1\">Die glorreichen 7 (mehrere B\u00e4nde)<\/td><td class=\"column-2\">Weidenmann, Alfred<\/td><td class=\"column-3\">+++<\/td><td class=\"column-4\">Jungengeschichten<\/td>\n\t<\/tr>\n\t<tr class=\"row-21 odd\">\n\t\t<td class=\"column-1\">Die Nacht des schwarzen Frostes<\/td><td class=\"column-2\">Channel, A. R. (C. A.)<\/td><td class=\"column-3\">++++<\/td><td class=\"column-4\"><\/td>\n\t<\/tr>\n\t<tr class=\"row-22 even\">\n\t\t<td class=\"column-1\">Die schwarze Witwe<\/td><td class=\"column-2\">Reidt, Hermann<\/td><td class=\"column-3\">++++<\/td><td class=\"column-4\">Spinne<\/td>\n\t<\/tr>\n\t<tr class=\"row-23 odd\">\n\t\t<td class=\"column-1\">Die wilden Jungen von der Feuerburg<\/td><td class=\"column-2\">Sixtus, Albert<\/td><td class=\"column-3\">++++<\/td><td class=\"column-4\">Burg<\/td>\n\t<\/tr>\n\t<tr class=\"row-24 even\">\n\t\t<td class=\"column-1\">Durch W\u00fcste, Meer und Lava<\/td><td class=\"column-2\">Kanitz, Horst<\/td><td class=\"column-3\">+++<\/td><td class=\"column-4\">Jungengeschichte<\/td>\n\t<\/tr>\n\t<tr class=\"row-25 odd\">\n\t\t<td class=\"column-1\">Flucht<\/td><td class=\"column-2\">Ecke, Wolfgang<\/td><td class=\"column-3\">+++++<\/td><td class=\"column-4\">Jungengeschichte<\/td>\n\t<\/tr>\n\t<tr class=\"row-26 even\">\n\t\t<td class=\"column-1\">Flucht! - Kurs Ararat<\/td><td class=\"column-2\">Kanitz, Horst<\/td><td class=\"column-3\">++++<\/td><td class=\"column-4\">Jungengeschichte<\/td>\n\t<\/tr>\n\t<tr class=\"row-27 odd\">\n\t\t<td class=\"column-1\">Gef\u00e4hrlicher Ungehorsam<\/td><td class=\"column-2\">Horch, Karl Otto<\/td><td class=\"column-3\">++++<\/td><td class=\"column-4\">Jungengeschichte<\/td>\n\t<\/tr>\n\t<tr class=\"row-28 even\">\n\t\t<td class=\"column-1\">Gefahr f\u00fcr Neulati   (Die Jungen von N.)<\/td><td class=\"column-2\">Sauer, Lothar<\/td><td class=\"column-3\">+++++<\/td><td class=\"column-4\">Jungengeschichte<\/td>\n\t<\/tr>\n\t<tr class=\"row-29 odd\">\n\t\t<td class=\"column-1\">Gefangen auf dem Meeresgrund<\/td><td class=\"column-2\">Catherall, A. (C. A.)<\/td><td class=\"column-3\">++++<\/td><td class=\"column-4\">Seefahrt<\/td>\n\t<\/tr>\n\t<tr class=\"row-30 even\">\n\t\t<td class=\"column-1\">Geheimnis um Manfred<\/td><td class=\"column-2\">Salecker, Kurt<\/td><td class=\"column-3\">++++<\/td><td class=\"column-4\">Jungengeschichte<\/td>\n\t<\/tr>\n\t<tr class=\"row-31 odd\">\n\t\t<td class=\"column-1\">Gep\u00e4ckschein 666<\/td><td class=\"column-2\">Weidenmann, Alfred<\/td><td class=\"column-3\">++++<\/td><td class=\"column-4\">Jungen-Schmuggler-Geschichte<\/td>\n\t<\/tr>\n\t<tr class=\"row-32 even\">\n\t\t<td class=\"column-1\">Harry Hey haut ab<\/td><td class=\"column-2\">Miethke, Kurt<\/td><td class=\"column-3\">+++++<\/td><td class=\"column-4\">Jungengeschichte<\/td>\n\t<\/tr>\n\t<tr class=\"row-33 odd\">\n\t\t<td class=\"column-1\">Heimlich auf hoher See<\/td><td class=\"column-2\">Himmel, Adolf<\/td><td class=\"column-3\">++++-<\/td><td class=\"column-4\">Jungengeschichte<\/td>\n\t<\/tr>\n\t<tr class=\"row-34 even\">\n\t\t<td class=\"column-1\">Hilfe f\u00fcr Bohrinsel XP 7<\/td><td class=\"column-2\">Catherall, A. (C. A.)<\/td><td class=\"column-3\">++++-<\/td><td class=\"column-4\">Seefahrt<\/td>\n\t<\/tr>\n\t<tr class=\"row-35 odd\">\n\t\t<td class=\"column-1\">Im Dschungel gefangen<\/td><td class=\"column-2\">Catherall, A. (C. A.)<\/td><td class=\"column-3\">+++++<\/td><td class=\"column-4\">Jungengeschichte<\/td>\n\t<\/tr>\n\t<tr class=\"row-36 even\">\n\t\t<td class=\"column-1\">In der Wildnis verschollen<\/td><td class=\"column-2\">Salecker, Kurt<\/td><td class=\"column-3\">++++<\/td><td class=\"column-4\">Jungengeschichte<\/td>\n\t<\/tr>\n\t<tr class=\"row-37 odd\">\n\t\t<td class=\"column-1\">In letzter Stunde<\/td><td class=\"column-2\">Catherall, A. (C. A.)<\/td><td class=\"column-3\">++++<\/td><td class=\"column-4\"><\/td>\n\t<\/tr>\n\t<tr class=\"row-38 even\">\n\t\t<td class=\"column-1\">Jagd auf den K\u00f6nig der Elche<\/td><td class=\"column-2\">Catherall, A. (C. A.)<\/td><td class=\"column-3\">++++<\/td><td class=\"column-4\">Tiergeschichte<\/td>\n\t<\/tr>\n\t<tr class=\"row-39 odd\">\n\t\t<td class=\"column-1\">Kampf um die Sarris-Herde<\/td><td class=\"column-2\">Catherall, A. (C. A.)<\/td><td class=\"column-3\">++++<\/td><td class=\"column-4\">Jungengeschichte<\/td>\n\t<\/tr>\n\t<tr class=\"row-40 even\">\n\t\t<td class=\"column-1\">Karawane in Gefahr<\/td><td class=\"column-2\">Channel, A. R. (C. A.)<\/td><td class=\"column-3\">++++<\/td><td class=\"column-4\">W\u00fcstenr\u00e4uber<\/td>\n\t<\/tr>\n\t<tr class=\"row-41 odd\">\n\t\t<td class=\"column-1\">N\u00e4chte an der Grenze<\/td><td class=\"column-2\">zur Nieden, Eckart<\/td><td class=\"column-3\">++++<\/td><td class=\"column-4\">Zeltlager<\/td>\n\t<\/tr>\n\t<tr class=\"row-42 even\">\n\t\t<td class=\"column-1\">Neue Abenteuer der Jungen von der Feuerburg<\/td><td class=\"column-2\">Sixtus, Albert<\/td><td class=\"column-3\">+++<\/td><td class=\"column-4\">Burg<\/td>\n\t<\/tr>\n\t<tr class=\"row-43 odd\">\n\t\t<td class=\"column-1\">Notlandung in der Arktis<\/td><td class=\"column-2\">Channel, A. R. (C. A.)<\/td><td class=\"column-3\">++++<\/td><td class=\"column-4\">Bruchlandung<\/td>\n\t<\/tr>\n\t<tr class=\"row-44 even\">\n\t\t<td class=\"column-1\">Perlen und harte M\u00e4nner<\/td><td class=\"column-2\">Channel, A. R. (C. A.)<\/td><td class=\"column-3\">++++<\/td><td class=\"column-4\">Perlentaucher<\/td>\n\t<\/tr>\n\t<tr class=\"row-45 odd\">\n\t\t<td class=\"column-1\">Radarpeilung von Wrack Hai<\/td><td class=\"column-2\">Corby, Dan (C. A.)<\/td><td class=\"column-3\">++++<\/td><td class=\"column-4\"><\/td>\n\t<\/tr>\n\t<tr class=\"row-46 even\">\n\t\t<td class=\"column-1\">Schmuggler wider Willen<\/td><td class=\"column-2\">Channel, A. R. (C. A.)<\/td><td class=\"column-3\">+++<\/td><td class=\"column-4\">Schmuggler<\/td>\n\t<\/tr>\n\t<tr class=\"row-47 odd\">\n\t\t<td class=\"column-1\">SOS in der Java-See<\/td><td class=\"column-2\">Catherall, A. (C. A.)<\/td><td class=\"column-3\">++++-<\/td><td class=\"column-4\">Seefahrt<\/td>\n\t<\/tr>\n\t<tr class=\"row-48 even\">\n\t\t<td class=\"column-1\">Spion in der Arktis<\/td><td class=\"column-2\">Channel, A. R. (C. A.)<\/td><td class=\"column-3\">++++<\/td><td class=\"column-4\">Spionage<\/td>\n\t<\/tr>\n\t<tr class=\"row-49 odd\">\n\t\t<td class=\"column-1\">Steigende Fluten<\/td><td class=\"column-2\">Reschke, Willi<\/td><td class=\"column-3\">++++<\/td><td class=\"column-4\">Schatzkammer<\/td>\n\t<\/tr>\n\t<tr class=\"row-50 even\">\n\t\t<td class=\"column-1\">Sturm auf den F\u00e4r\u00f6rinseln<\/td><td class=\"column-2\">Catherall, A.  (C. A.)<\/td><td class=\"column-3\">++++<\/td><td class=\"column-4\">Jungengeschichte<\/td>\n\t<\/tr>\n\t<tr class=\"row-51 odd\">\n\t\t<td class=\"column-1\">Teufelsreiter in Turkestan<\/td><td class=\"column-2\">Hekmat, Alim<\/td><td class=\"column-3\">+++<\/td><td class=\"column-4\">Jungengeschichte, Pferdegeschichte<\/td>\n\t<\/tr>\n\t<tr class=\"row-52 even\">\n\t\t<td class=\"column-1\">Vom Feuer gejagt<\/td><td class=\"column-2\">Catherall, A. (C. A.)<\/td><td class=\"column-3\">++++<\/td><td class=\"column-4\"><\/td>\n\t<\/tr>\n<\/tbody>\n<\/table>\n<\/span><\/h5>\n<h5><span style=\"color: #ffffff;\">\u2013<\/span><\/h5>\n<h2><span style=\"color: #ff0000;\">\u2022<\/span> <span style=\"color: #000080;\">Erz\u00e4hlen<\/span><\/h2>\n<p>Das Erz\u00e4hlen einer Fortsetzungsgeschichte geh\u00f6rt zum <a href=\"..\/?page_id=509#Vierklang\">Jungschar-Vierklang<\/a>.<\/p>\n<h2><span style=\"color: #ff0000;\">\u2022<\/span> <span style=\"color: #000080;\">Extra des Monats<\/span><\/h2>\n<p>Hier [<a href=\"http:\/\/www.jungschar.de\" target=\"_blank\">www.jungschar.de<\/a>] gibt es jeden Monat ein <a href=\"http:\/\/www.jungschar.de\/index.php?id=55\" target=\"_blank\">Highlight<\/a> f\u00fcr eure Jungschar:<\/p>\n<p><span style=\"color: #ffffff;\">\u2013<\/span><\/p>\n<h5><span style=\"color: #c0c0c0;\">\u2013<\/span><\/h5>\n<h5><strong><span style=\"color: #ff0000;\">\u2039<\/span><\/strong> <a href=\"http:\/\/www.jungschar.biz\/?page_id=500\">nach oben<\/a><\/h5>\n<h5><strong><span style=\"color: #ff0000;\">\u2039<\/span><\/strong> <a href=\"http:\/\/www.jungschar.biz\/?page_id=453\">zur\u00fcck zum <strong>Lexikon<\/strong><\/a><\/h5>\n<h5><strong><span style=\"color: #ff0000;\">\u2039<\/span><\/strong> <a href=\"http:\/\/www.jungschar.biz\">zur\u00fcck zur <strong>Startseite<\/strong><\/a><\/h5>\n<h5><span style=\"color: #ffffff;\">\u2013<\/span><\/h5>\n","protected":false},"excerpt":{"rendered":"<p>\u2039 zur\u00fcck zum Lexikon \u2013 \u2022 Eichenkreuz . . . . \u2022 Erz\u00e4hlb\u00fccher Diese B\u00fccher habe ich alle gelesen und kann sie f\u00fcr die Jungschar empfehlen. (Viele alte B\u00fccher kann man z. B. \u00fcber Amazon bestellen.) Einige unserer beliebtesten Autoren sind Arthur Catherall , Wolfgang Ecke und Kurt Miethke. Ein neuer &#8218;Geheimtipp&#8216; ist Alfred Weidenmann [&hellip;]<\/p>\n","protected":false},"author":3,"featured_media":0,"parent":453,"menu_order":4,"comment_status":"closed","ping_status":"closed","template":"","meta":{"ngg_post_thumbnail":0},"_links":{"self":[{"href":"http:\/\/www.jungschar.biz\/index.php?rest_route=\/wp\/v2\/pages\/500"}],"collection":[{"href":"http:\/\/www.jungschar.biz\/index.php?rest_route=\/wp\/v2\/pages"}],"about":[{"href":"http:\/\/www.jungschar.biz\/index.php?rest_route=\/wp\/v2\/types\/page"}],"author":[{"embeddable":true,"href":"http:\/\/www.jungschar.biz\/index.php?rest_route=\/wp\/v2\/users\/3"}],"replies":[{"embeddable":true,"href":"http:\/\/www.jungschar.biz\/index.php?rest_route=%2Fwp%2Fv2%2Fcomments&post=500"}],"version-history":[{"count":125,"href":"http:\/\/www.jungschar.biz\/index.php?rest_route=\/wp\/v2\/pages\/500\/revisions"}],"predecessor-version":[{"id":886,"href":"http:\/\/www.jungschar.biz\/index.php?rest_route=\/wp\/v2\/pages\/500\/revisions\/886"}],"up":[{"embeddable":true,"href":"http:\/\/www.jungschar.biz\/index.php?rest_route=\/wp\/v2\/pages\/453"}],"wp:attachment":[{"href":"http:\/\/www.jungschar.biz\/index.php?rest_route=%2Fwp%2Fv2%2Fmedia&parent=500"}],"curies":[{"name":"wp","href":"https:\/\/api.w.org\/{rel}","templated":true}]}}