{"id":498,"date":"2010-02-11T14:25:43","date_gmt":"2010-02-11T13:25:43","guid":{"rendered":"http:\/\/www.jungschar.biz\/w\/?page_id=498"},"modified":"2019-06-13T14:22:18","modified_gmt":"2019-06-13T13:22:18","slug":"%c2%bb-d","status":"publish","type":"page","link":"http:\/\/www.jungschar.biz\/?page_id=498","title":{"rendered":"\u2022 D"},"content":{"rendered":"<h5><strong><span style=\"color: #ff0000;\">\u2039<\/span><\/strong> <a href=\"http:\/\/www.jungschar.biz\/?page_id=453\">zur\u00fcck zum <strong>Lexikon<br \/>\n<span style=\"color: #ffffff;\">.<\/span><\/strong><\/a><\/h5>\n<h2><span style=\"color: #ff0000;\">\u2022 <\/span><a name=\"Dozent\"><\/a><span style=\"color: #000080;\">\u00bbdie junge schar\u00ab<\/span><\/h2>\n<p>\u00bb<a href=\"http:\/\/www.jungschar.biz\/?page_id=6502\" target=\"_blank\">die junge Schar<\/a>\u00ab  ist der Titel der Jungscharzeitschrift aus der b\u00fcndischen Arbeit f\u00fcr 9-13j\u00e4hrige Jungen und  M\u00e4dchen. Sie bringt jeden Monat auf 8 Seiten spannende Geschichten,  Berichte  aus den Jungscharen, Wissenswertes, Witze,  R\u00e4tsel und Humor.<\/p>\n<h2><a name=\"Dozent\"><\/a><\/h2>\n<h5><span style=\"color: #ffffff;\">\u2013<\/span><\/h5>\n<h2><span style=\"color: #000080;\"><span style=\"color: #ff0000;\">\u2022<\/span> <a name=\"Dozent\"><\/a>Dozent<\/span><\/h2>\n<p><span style=\"color: #000080;\"><span style=\"color: #000000;\">Dozenten sind Mitarbeiter, die in der <a href=\"http:\/\/www.jungschar.biz\/?page_id=506#Haeuptlingsfreizeit\" target=\"_blank\">H\u00e4uptlingsfreizeit<\/a> unterrichten.<br \/>\nDabei werden sie teilweise von <a href=\"http:\/\/www.jungschar.biz\/?page_id=509#Juniordozent\" target=\"_blank\">Juniordozenten<\/a> unterst\u00fctzt.<\/span><br \/>\n<\/span><\/p>\n<h5><span style=\"color: #c0c0c0;\">\u2013<\/span><\/h5>\n<h5><strong><span style=\"color: #ff0000;\">\u2039<\/span><\/strong> <a href=\"http:\/\/www.jungschar.biz\/?page_id=498\">nach oben<\/a><\/h5>\n<h5><strong><span style=\"color: #ff0000;\">\u2039<\/span><\/strong> <a href=\"http:\/\/www.jungschar.biz\/?page_id=453\">zur\u00fcck zum <strong>Lexikon<\/strong><\/a><\/h5>\n<h5><strong><span style=\"color: #ff0000;\">\u2039<\/span><\/strong> <a href=\"http:\/\/www.jungschar.biz\">zur\u00fcck zur <strong>Startseite<\/strong><\/a><\/h5>\n<h5><span style=\"color: #ffffff;\">\u2013<\/span><\/h5>\n","protected":false},"excerpt":{"rendered":"<p>\u2039 zur\u00fcck zum Lexikon . \u2022 \u00bbdie junge schar\u00ab \u00bbdie junge Schar\u00ab ist der Titel der Jungscharzeitschrift aus der b\u00fcndischen Arbeit f\u00fcr 9-13j\u00e4hrige Jungen und M\u00e4dchen. Sie bringt jeden Monat auf 8 Seiten spannende Geschichten, Berichte aus den Jungscharen, Wissenswertes, Witze, R\u00e4tsel und Humor. \u2013 \u2022 Dozent Dozenten sind Mitarbeiter, die in der H\u00e4uptlingsfreizeit unterrichten. [&hellip;]<\/p>\n","protected":false},"author":3,"featured_media":0,"parent":453,"menu_order":3,"comment_status":"closed","ping_status":"closed","template":"","meta":{"ngg_post_thumbnail":0},"_links":{"self":[{"href":"http:\/\/www.jungschar.biz\/index.php?rest_route=\/wp\/v2\/pages\/498"}],"collection":[{"href":"http:\/\/www.jungschar.biz\/index.php?rest_route=\/wp\/v2\/pages"}],"about":[{"href":"http:\/\/www.jungschar.biz\/index.php?rest_route=\/wp\/v2\/types\/page"}],"author":[{"embeddable":true,"href":"http:\/\/www.jungschar.biz\/index.php?rest_route=\/wp\/v2\/users\/3"}],"replies":[{"embeddable":true,"href":"http:\/\/www.jungschar.biz\/index.php?rest_route=%2Fwp%2Fv2%2Fcomments&post=498"}],"version-history":[{"count":35,"href":"http:\/\/www.jungschar.biz\/index.php?rest_route=\/wp\/v2\/pages\/498\/revisions"}],"predecessor-version":[{"id":5724,"href":"http:\/\/www.jungschar.biz\/index.php?rest_route=\/wp\/v2\/pages\/498\/revisions\/5724"}],"up":[{"embeddable":true,"href":"http:\/\/www.jungschar.biz\/index.php?rest_route=\/wp\/v2\/pages\/453"}],"wp:attachment":[{"href":"http:\/\/www.jungschar.biz\/index.php?rest_route=%2Fwp%2Fv2%2Fmedia&parent=498"}],"curies":[{"name":"wp","href":"https:\/\/api.w.org\/{rel}","templated":true}]}}