{"id":495,"date":"2010-02-11T14:25:03","date_gmt":"2010-02-11T13:25:03","guid":{"rendered":"http:\/\/www.jungschar.biz\/w\/?page_id=495"},"modified":"2011-02-16T16:24:39","modified_gmt":"2011-02-16T15:24:39","slug":"%c2%bb-c","status":"publish","type":"page","link":"http:\/\/www.jungschar.biz\/?page_id=495","title":{"rendered":"\u2022 C"},"content":{"rendered":"<h5><strong><span style=\"color: #ff0000;\">\u2039<\/span><\/strong> <a href=\"http:\/\/www.jungschar.biz\/?page_id=453\">zur\u00fcck zum <strong>Lexikon<\/strong><\/a><\/h5>\n<h5><span style=\"color: #ffffff;\">\u2013<\/span><\/h5>\n<h2><span style=\"color: #000080;\"><span style=\"color: #ff0000;\">\u2022 <span style=\"color: #000080;\">CVJM<\/span><\/span><\/span><\/h2>\n<p><span style=\"color: #000080;\"><span style=\"color: #ff0000;\"><span style=\"color: #000000;\">CVJM in Deutschland ist&#8230;<\/span><\/span><\/span><\/p>\n<p style=\"text-align: left; padding-left: 30px;\"><span style=\"color: #000080;\"><span style=\"color: #ff0000;\"><span style=\"color: #000000;\">&#8230; der <strong><span style=\"color: #ff0000;\">C<\/span><\/strong>hristliche <strong><span style=\"color: #ff0000;\">V<\/span><\/strong>erein <span style=\"color: #ff0000;\"><strong>J<\/strong><\/span>unger <span style=\"color: #ff0000;\"><strong>M<\/strong><\/span>enschen<br \/>\n&#8230; der gr\u00f6\u00dfte christlich-\u00f6kumenische Jugendverband in Deutschland &#8211; \u00fcberparteilich, konfessionsunabh\u00e4ngig<br \/>\n&#8230; ein Treffpunkt f\u00fcr 330.000 junge Menschen in 2.200 Vereinen &#8211; allein in Deutschland. Dar\u00fcber hinaus erreicht der CVJM mit seinen Programmen, Aktionen und Freizeiten jedes Jahr fast 1 Million weitere junge Menschen.<br \/>\n&#8230; eine weltweite Gemeinschaft, zu der 124 L\u00e4nder mit ca. 45 Millionen Mitgliedern geh\u00f6ren<\/span><\/span><\/span><\/p>\n<p style=\"text-align: left; padding-left: 30px;\"><span style=\"color: #000080;\"><span style=\"color: #ff0000;\"><span style=\"color: #000000;\">Die Arbeit des CVJM wird zu 99 Prozent von ehrenamtlichen Mitarbeitenden gestaltet. Die 61.000 Ehrenamtlichen werden von 840 Hauptamtlichen unterst\u00fctzt. Im CJD arbeiten weitere 8.000 p\u00e4dagogisch-theologische Mitarbeitende im hauptamtlichen Dienst.<\/span><\/span><\/span><\/p>\n<p style=\"text-align: left; padding-left: 30px;\"><span style=\"color: #000080;\"><span style=\"color: #ff0000;\"><span style=\"color: #000000;\">Stand: 2010<br \/>\n<\/span><\/span><\/span><\/p>\n<h2><span style=\"color: #000080;\"><span style=\"color: #ff0000;\">\u2022<\/span> <a name=\"CVJMDreieck\"><\/a>CVJM-Dreieck<\/span><\/h2>\n<p><img decoding=\"async\" loading=\"lazy\" class=\"alignleft\" src=\"http:\/\/www.jungschar.biz\/wp-content\/uploads\/Lexikon\/CVJM-klein.gif\" alt=\"\" width=\"100\" height=\"124\" \/>Das CVJM-Dreieck kommt aus dem CVJM-Ausbildungszentrum Springfield-College.<\/p>\n<p>Die drei Seiten sagen: Wir wollen jungen Menschen an <strong>Leib<\/strong>, <strong>Seele<\/strong> und <strong>Geist<\/strong> in gleicher Weise dienen und helfen.<\/p>\n<p>Nach dem 1. Weltkrieg fand das CVJM-Dreieck Eingang in die Gro\u00dfstadt-CVJM, heute gilt es als Symbol der CVJM-Arbeit allgemein. Wir finden es weltweit.<\/p>\n<p>Wir tragen das CVJM-Abzeichen auf dem linken Oberarm unseres Fahrtenhemdes.<\/p>\n<h5><span style=\"color: #c0c0c0;\">\u2013<\/span><\/h5>\n<h5><strong><span style=\"color: #ff0000;\">\u2039<\/span><\/strong> <a href=\"http:\/\/www.jungschar.biz\/?page_id=495\">nach oben<\/a><\/h5>\n<h5><strong><span style=\"color: #ff0000;\">\u2039<\/span><\/strong> <a href=\"http:\/\/www.jungschar.biz\/?page_id=453\">zur\u00fcck zum <strong>Lexikon<\/strong><\/a><\/h5>\n<h5><strong><span style=\"color: #ff0000;\">\u2039<\/span><\/strong> <a href=\"http:\/\/www.jungschar.biz\">zur\u00fcck zur <strong>Startseite<\/strong><\/a><\/h5>\n<h5><span style=\"color: #ffffff;\">\u2013<\/span><\/h5>\n","protected":false},"excerpt":{"rendered":"<p>\u2039 zur\u00fcck zum Lexikon \u2013 \u2022 CVJM CVJM in Deutschland ist&#8230; &#8230; der Christliche Verein Junger Menschen &#8230; der gr\u00f6\u00dfte christlich-\u00f6kumenische Jugendverband in Deutschland &#8211; \u00fcberparteilich, konfessionsunabh\u00e4ngig &#8230; ein Treffpunkt f\u00fcr 330.000 junge Menschen in 2.200 Vereinen &#8211; allein in Deutschland. Dar\u00fcber hinaus erreicht der CVJM mit seinen Programmen, Aktionen und Freizeiten jedes Jahr fast [&hellip;]<\/p>\n","protected":false},"author":3,"featured_media":0,"parent":453,"menu_order":2,"comment_status":"closed","ping_status":"closed","template":"","meta":{"ngg_post_thumbnail":0},"_links":{"self":[{"href":"http:\/\/www.jungschar.biz\/index.php?rest_route=\/wp\/v2\/pages\/495"}],"collection":[{"href":"http:\/\/www.jungschar.biz\/index.php?rest_route=\/wp\/v2\/pages"}],"about":[{"href":"http:\/\/www.jungschar.biz\/index.php?rest_route=\/wp\/v2\/types\/page"}],"author":[{"embeddable":true,"href":"http:\/\/www.jungschar.biz\/index.php?rest_route=\/wp\/v2\/users\/3"}],"replies":[{"embeddable":true,"href":"http:\/\/www.jungschar.biz\/index.php?rest_route=%2Fwp%2Fv2%2Fcomments&post=495"}],"version-history":[{"count":27,"href":"http:\/\/www.jungschar.biz\/index.php?rest_route=\/wp\/v2\/pages\/495\/revisions"}],"predecessor-version":[{"id":1089,"href":"http:\/\/www.jungschar.biz\/index.php?rest_route=\/wp\/v2\/pages\/495\/revisions\/1089"}],"up":[{"embeddable":true,"href":"http:\/\/www.jungschar.biz\/index.php?rest_route=\/wp\/v2\/pages\/453"}],"wp:attachment":[{"href":"http:\/\/www.jungschar.biz\/index.php?rest_route=%2Fwp%2Fv2%2Fmedia&parent=495"}],"curies":[{"name":"wp","href":"https:\/\/api.w.org\/{rel}","templated":true}]}}