{"id":493,"date":"2010-02-11T14:24:31","date_gmt":"2010-02-11T13:24:31","guid":{"rendered":"http:\/\/www.jungschar.biz\/w\/?page_id=493"},"modified":"2016-07-11T14:08:38","modified_gmt":"2016-07-11T13:08:38","slug":"%c2%bb-b","status":"publish","type":"page","link":"http:\/\/www.jungschar.biz\/?page_id=493","title":{"rendered":"\u2022 B"},"content":{"rendered":"<h5><strong><span style=\"color: #ff0000;\">\u2039<\/span><\/strong> <a href=\"http:\/\/www.jungschar.biz\/?page_id=453\">zur\u00fcck zum <strong>Lexikon<\/strong><\/a><\/h5>\n<h5><span style=\"color: #ffffff;\">\u2013<\/span><\/h5>\n<h2><span style=\"color: #000080;\"><span style=\"color: #ff0000;\">\u2022<\/span> Bef\u00f6rderung<\/span><\/h2>\n<p>Im Ritterlager kann man einen <a href=\"http:\/\/www.jungschar.biz\/wp-content\/uploads\/2010\/02\/Befoerderungsantraege.pdf\" target=\"_blank\">Bef\u00f6rderungsantrag<\/a> auf eine Bef\u00f6rderung einreichen<br \/>\nBei guter F\u00fchrung und der entsprechenden Anzahl Lagertage wird man einen <a href=\"http:\/\/www.jungschar.biz\/wp-content\/uploads\/Lager\/LagerAllgemein\/Staende-im-Ritterlager.pdf\" target=\"_blank\">Stand<\/a> h\u00f6her bef\u00f6rdert.<\/p>\n<h2><span style=\"color: #ff0000;\">\u2022<\/span> <span style=\"color: #000080;\">Brennpunkt<\/span><\/h2>\n<p>Exklusiv f\u00fcr alle Besucher von <a href=\"http:\/\/www.jungschar.de\" target=\"_blank\">www.jungschar.de<\/a> werden hier ausgew\u00e4hlte  Artikel aus den Werkb\u00fcchern der letzten Jahre hier zum <a href=\"http:\/\/www.jungschar.de\/index.php?id=17\" target=\"_blank\">Download\/Lesen<\/a> angeboten.<\/p>\n<h2><span style=\"color: #ff0000;\">\u2022<\/span> <span style=\"color: #000080;\"><a name=\"b\u00fcndisch\"><\/a>B\u00fcndisch<\/span><\/h2>\n<p style=\"text-align: left;\"><span style=\"color: #ff0000;\">Was ist b\u00fcndisch?<\/span> &#8211; eine brisante Frage.<br \/>\nDas b\u00fcndische Motto lautet: <span style=\"color: #008000;\">\u00bbGanz f\u00fcr Jesus und die uns anvertrauten Jungen und M\u00e4dchen!\u00ab<\/span><br \/>\nFolgendes sind Kennzeichen <span style=\"color: #999999;\">(<span style=\"text-decoration: line-through;\">Alleinstellungsmerkmale<\/span>)<\/span> einer guten b\u00fcndischen Jungschargruppe:<br \/>\n<span style=\"color: #ff0000;\"><strong>\u2022<\/strong><\/span> Struktur: Kleingruppen mit <a href=\"http:\/\/www.jungschar.biz\/?page_id=506#H\u00e4uptling\" target=\"_blank\">H\u00e4uptlingen<\/a><br \/>\n<span style=\"color: #ff0000;\"><strong>\u2022<\/strong><\/span> Grundprogramm: <a href=\"http:\/\/www.jungschar.biz\/?page_id=509#Vierklang\" target=\"_blank\">Jungschar-Vierklang<\/a> (mit eingestreuten H\u00f6hepunkten)<br \/>\n<span style=\"color: #ff0000;\"><strong>\u2022<\/strong><\/span> Kennzeichen: Kluft = gr\u00fcnes (Jungen) oder graues (M\u00e4dchen) <a href=\"http:\/\/www.jungschar.biz\/?page_id=502#Fahrtenhemd\" target=\"_blank\">Fahrtenhemd<\/a> und schwarzes <a href=\"http:\/\/www.jungschar.biz\/?page_id=506#Halstuch\" target=\"_blank\">Halstuch<\/a><br \/>\n<span style=\"color: #ff0000;\"><strong>\u2022<\/strong><\/span> Verl\u00e4ssliche und in geordnetem Verh\u00e4ltnis lebende Mitarbeiter<\/p>\n<p style=\"text-align: left;\">Einige <a href=\"http:\/\/www.jungschar.biz\/?page_id=282\" target=\"_blank\">Artikel<\/a> und <a href=\"http:\/\/www.jungschar.biz\/?page_id=282\" target=\"_blank\">Aufs\u00e4tze<\/a> zu \u00bbb\u00fcndische Jungschar\u00ab gibt es bei den Downloads.<\/p>\n<h5><span style=\"color: #c0c0c0;\">\u2013<\/span><\/h5>\n<h5><strong><span style=\"color: #ff0000;\">\u2039<\/span><\/strong> <a href=\"http:\/\/www.jungschar.biz\/?page_id=493\">nach oben<\/a><\/h5>\n<h5><strong><span style=\"color: #ff0000;\">\u2039<\/span><\/strong> <a href=\"http:\/\/www.jungschar.biz\/?page_id=453\">zur\u00fcck zum <strong>Lexikon<\/strong><\/a><\/h5>\n<h5><strong><span style=\"color: #ff0000;\">\u2039<\/span><\/strong> <a href=\"http:\/\/www.jungschar.biz\">zur\u00fcck zur <strong>Startseite<\/strong><\/a><\/h5>\n<h5><span style=\"color: #ffffff;\">\u2013<\/span><\/h5>\n","protected":false},"excerpt":{"rendered":"<p>\u2039 zur\u00fcck zum Lexikon \u2013 \u2022 Bef\u00f6rderung Im Ritterlager kann man einen Bef\u00f6rderungsantrag auf eine Bef\u00f6rderung einreichen Bei guter F\u00fchrung und der entsprechenden Anzahl Lagertage wird man einen Stand h\u00f6her bef\u00f6rdert. \u2022 Brennpunkt Exklusiv f\u00fcr alle Besucher von www.jungschar.de werden hier ausgew\u00e4hlte Artikel aus den Werkb\u00fcchern der letzten Jahre hier zum Download\/Lesen angeboten. \u2022 B\u00fcndisch [&hellip;]<\/p>\n","protected":false},"author":3,"featured_media":0,"parent":453,"menu_order":1,"comment_status":"closed","ping_status":"closed","template":"","meta":{"ngg_post_thumbnail":0},"_links":{"self":[{"href":"http:\/\/www.jungschar.biz\/index.php?rest_route=\/wp\/v2\/pages\/493"}],"collection":[{"href":"http:\/\/www.jungschar.biz\/index.php?rest_route=\/wp\/v2\/pages"}],"about":[{"href":"http:\/\/www.jungschar.biz\/index.php?rest_route=\/wp\/v2\/types\/page"}],"author":[{"embeddable":true,"href":"http:\/\/www.jungschar.biz\/index.php?rest_route=\/wp\/v2\/users\/3"}],"replies":[{"embeddable":true,"href":"http:\/\/www.jungschar.biz\/index.php?rest_route=%2Fwp%2Fv2%2Fcomments&post=493"}],"version-history":[{"count":36,"href":"http:\/\/www.jungschar.biz\/index.php?rest_route=\/wp\/v2\/pages\/493\/revisions"}],"predecessor-version":[{"id":1785,"href":"http:\/\/www.jungschar.biz\/index.php?rest_route=\/wp\/v2\/pages\/493\/revisions\/1785"}],"up":[{"embeddable":true,"href":"http:\/\/www.jungschar.biz\/index.php?rest_route=\/wp\/v2\/pages\/453"}],"wp:attachment":[{"href":"http:\/\/www.jungschar.biz\/index.php?rest_route=%2Fwp%2Fv2%2Fmedia&parent=493"}],"curies":[{"name":"wp","href":"https:\/\/api.w.org\/{rel}","templated":true}]}}