{"id":4747,"date":"2012-01-23T15:45:47","date_gmt":"2012-01-23T14:45:47","guid":{"rendered":"http:\/\/www.jungschar.biz\/w\/?page_id=4747"},"modified":"2023-11-04T17:52:50","modified_gmt":"2023-11-04T16:52:50","slug":"ritterlager-2013","status":"publish","type":"page","link":"http:\/\/www.jungschar.biz\/?page_id=4747","title":{"rendered":"\u203a Ritterlager 2021 (2027)"},"content":{"rendered":"<p><span style=\"color: #000080;\"><strong><span style=\"text-decoration: underline;\"><span style=\"color: #000000;\">Bibelarbeitsmaterial f\u00fcr Ritterlager 2021<\/span><\/span> <\/strong>(2027)<strong><br \/>\n<\/strong><\/span><\/p>\n<p><strong><span style=\"color: #ff0000;\">\u2022 <a href=\"http:\/\/www.jungschar.biz\/wp-content\/uploads\/JSBuendisch\/AndachtBA\/Lager 2021\/Liedkaertchen OLA 2021.pdf\" data-wplink-url-error=\"true\"><span style=\"color: #000000;\">K\u00e4rtchen mit Lagerlied und -losung 2021<\/span><\/a><\/span><\/strong><span style=\"color: #ff0000;\"><span style=\"color: #000000;\"><br \/>\n<\/span><\/span><\/p>\n<p><strong><span style=\"color: #ff0000;\">\u2022<a href=\"http:\/\/www.jungschar.biz\/wp-content\/uploads\/JSBuendisch\/AndachtBA\/Lager 2021\/JSL-Abraham.pdf\" data-wplink-url-error=\"true\"><span style=\"color: #000000;\"> Abraham <\/span><\/a><\/span><\/strong><span style=\"color: #ff0000;\"><span style=\"color: #000000;\">(Bibelarbeitsreihe)<\/span><\/span><\/p>\n<p><span style=\"color: #ff0000;\"><span style=\"color: #000000;\"><strong><span style=\"color: #ff0000;\">\u2022<\/span> <a href=\"http:\/\/www.jungschar.biz\/wp-content\/uploads\/JSBuendisch\/AndachtBA\/Lager 2021\/BA Abraham.pdf\" target=\"_blank\" rel=\"noopener\" data-wplink-url-error=\"true\">Abraham <\/a><\/strong>(Bibelarbeiten f\u00fcr die Jungschar)<br \/>\n<\/span><\/span><\/p>\n<p><strong><span style=\"color: #ff0000;\">\u2022 <\/span><a href=\"http:\/\/www.jungschar.biz\/wp-content\/uploads\/JSBuendisch\/AndachtBA\/Lager 2021\/Die Geschichte der Vaeter Israels.pdf\" target=\"_blank\" rel=\"noopener\" data-wplink-url-error=\"true\">Die Geschichte der V\u00e4ter Israels von Abraham bis Jakob<\/a><\/strong><\/p>\n<p><strong><span style=\"color: #ff0000;\">\u2022<\/span> <span style=\"color: #008000;\">Biblische Geschichten aus dem gro\u00dfen Erz\u00e4hlbuch<br \/>\n<\/span><\/strong><span style=\"color: #ffffff;\">&#8212;-<\/span><strong><span style=\"color: #008000;\"><a href=\"http:\/\/www.jungschar.biz\/wp-content\/uploads\/JSBuendisch\/AndachtBA\/Lager 2021\/Abraham - Erzaehlbibel A4.pdf\" target=\"_blank\" rel=\"noopener\" data-wplink-url-error=\"true\">DIN A 4<\/a><br \/>\n<\/span><\/strong><span style=\"color: #008000;\"><span style=\"color: #ffffff;\">&#8212;-<\/span><\/span><a href=\"http:\/\/www.jungschar.biz\/wp-content\/uploads\/JSBuendisch\/AndachtBA\/Lager 2021\/Abraham - Erzaehlbibel v.pdf\" target=\"_blank\" rel=\"noopener\" data-wplink-url-error=\"true\"><strong><span style=\"color: #008000;\">DIN A 5<\/span><\/strong><\/a><span style=\"color: #808080;\"> &#8211; Vorderseiten<\/span><strong><span style=\"color: #008000;\"><br \/>\n<\/span><\/strong><span style=\"color: #ffffff;\">&#8212;-<\/span><a href=\"http:\/\/www.jungschar.biz\/wp-content\/uploads\/JSBuendisch\/AndachtBA\/Lager 2021\/Abraham - Erzaehlbibel r.pdf\" target=\"_blank\" rel=\"noopener\" data-wplink-url-error=\"true\"><strong><span style=\"color: #008000;\">DIN A 5<\/span><\/strong><\/a><span style=\"color: #808080;\"> &#8211; R\u00fcckseiten<\/span><\/p>\n<p><strong><span style=\"color: #008000;\"><span style=\"color: #ff0000;\">\u2022<\/span> Biblische Geschichten f\u00fcr Kinder<br \/>\n<\/span><\/strong><span style=\"color: #ffffff;\">&#8212;-<\/span><strong><span style=\"color: #008000;\"><a href=\"http:\/\/www.jungschar.biz\/wp-content\/uploads\/JSBuendisch\/AndachtBA\/Lager 2021\/BGfK (Abraham) A4.pdf\" target=\"_blank\" rel=\"noopener\" data-wplink-url-error=\"true\">DIN A 4<\/a><br \/>\n<\/span><\/strong><span style=\"color: #ffffff;\">&#8212;-<\/span><a href=\"http:\/\/www.jungschar.biz\/wp-content\/uploads\/JSBuendisch\/AndachtBA\/Lager 2021\/BGfK (Abraham) v.pdf\" target=\"_blank\" rel=\"noopener\" data-wplink-url-error=\"true\"><strong><span style=\"color: #008000;\">DIN A 5<\/span><\/strong><\/a><span style=\"color: #008000;\"><span style=\"color: #808080;\"> &#8211; Vorderseiten<br \/>\n<span style=\"color: #ffffff;\">&#8212;-<\/span><a href=\"http:\/\/www.jungschar.biz\/wp-content\/uploads\/JSBuendisch\/AndachtBA\/Lager 2021\/BGfK (Abraham) r.pdf\" target=\"_blank\" rel=\"noopener\" data-wplink-url-error=\"true\"><span style=\"color: #008000;\"><strong>DIN A 5<\/strong><\/span><\/a> &#8211; R\u00fcckseiten<\/span><\/span><strong><span style=\"color: #008000;\"><br \/>\n<\/span><\/strong><\/p>\n<p><strong><span style=\"color: #ff0000;\">\u2022<\/span> <span style=\"color: #008000;\">Kommentare<\/span><br \/>\n<\/strong><span style=\"color: #ffffff;\">&#8212;-<\/span><a href=\"http:\/\/www.jungschar.biz\/wp-content\/uploads\/JSBuendisch\/AndachtBA\/Lager 2021\/K Abraham W MacDonald A4.pdf\" target=\"_blank\" rel=\"noopener\" data-wplink-url-error=\"true\"><strong>W. MacDonald<\/strong><\/a><span style=\"color: #808080;\"> DIN A4<\/span><strong><br \/>\n<\/strong><span style=\"color: #ffffff;\">&#8212;-<\/span><a href=\"http:\/\/www.jungschar.biz\/wp-content\/uploads\/JSBuendisch\/AndachtBA\/Lager 2021\/K Abraham W MacDonald v.pdf\" target=\"_blank\" rel=\"noopener\" data-wplink-url-error=\"true\"><strong>W. MacDonald<\/strong><\/a><span style=\"color: #808080;\"> DIN A5 &#8211; Vorderseiten<\/span><strong><br \/>\n<\/strong><span style=\"color: #ffffff;\">&#8212;-<\/span><a href=\"http:\/\/www.jungschar.biz\/wp-content\/uploads\/JSBuendisch\/AndachtBA\/Lager 2021\/K Abraham W MacDonald r.pdf\" target=\"_blank\" rel=\"noopener\" data-wplink-url-error=\"true\"><strong>W. MacDonald<\/strong><\/a><span style=\"color: #808080;\"> DIN A5 &#8211; R\u00fcckseiten<\/span><strong><br \/>\n<\/strong><\/p>\n<p><strong><span style=\"color: #ff0000;\">\u2022<\/span> <a href=\"http:\/\/www.jungschar.biz\/wp-content\/uploads\/JSBuendisch\/AndachtBA\/Lager 2021\/Bibeltexte Abraham.pdf\" target=\"_blank\" rel=\"noopener\" data-wplink-url-error=\"true\">Bibeltexte zu Abraham<\/a><\/strong> <span style=\"color: #888888;\">in <span style=\"text-decoration: underline;\">acht<\/span> \u00dcbersetzungen<\/span><strong><br \/>\n<\/strong><span style=\"color: #888888;\"> <span style=\"color: #ffffff;\">&#8230;&#8230;..<\/span>(Luther 2017, BasisBibel, Gute Nachricht Bibel, Hoffnung f\u00fcr alle,<br \/>\n<span style=\"color: #ffffff;\">&#8230;&#8230;..<\/span>Elberfelder, Menge-\u00dcbersetzung, Schlachter 2000, Neue evangelistische \u00dcbersetzung)<\/span><\/p>\n<p><span style=\"color: #808080;\"><strong><span style=\"color: #ff0000;\">\u2022<\/span> <span style=\"color: #008000;\">Bibelquiz zu Abraham<\/span> <\/strong>(im Scheckkartenformat zum Einlaminieren)<br \/>\nUngerade Seiten = Vorderseiten<br \/>\n<span style=\"color: #ffffff;\">&#8230;&#8230;.<\/span>Gerade Seiten &nbsp;&nbsp; = R\u00fcckseiten<\/span><\/p>\n<p><strong><span style=\"color: #ff0000;\">\u2022<\/span> <a href=\"http:\/\/www.jungschar.biz\/wp-content\/uploads\/JSBuendisch\/AndachtBA\/Lager 2021\/Lesezeichen Bibellesen.pdf\" target=\"_blank\" rel=\"noopener\" data-wplink-url-error=\"true\">Lesezeichen<\/a> zum \u00bbBibellesen\u00ab<br \/>\n<\/strong><\/p>\n<p><span style=\"color: #c0c0c0;\">\u2013<\/span><\/p>\n<h5><span style=\"color: #ff0000;\"><strong>\u2039<\/strong><\/span> <a href=\"http:\/\/www.jungschar.biz\/?page_id=4747\">nach oben<\/a><\/h5>\n<h5><span style=\"color: #ff0000;\"><strong>\u2039<\/strong><\/span> <a href=\"http:\/\/www.jungschar.biz\/?page_id=1991\">zur\u00fcck zu den<\/a> <span style=\"color: #ff0000;\"><strong>\u00bb<\/strong><\/span> <a href=\"http:\/\/www.jungschar.biz\/?page_id=1991\">Ritterlagern<\/a><\/h5>\n<h5><span style=\"color: #ff0000;\"><strong>\u2039<\/strong><\/span> <a href=\"http:\/\/www.jungschar.biz\/?page_id=1963\">zur\u00fcck zu Downloads<\/a> <span style=\"color: #ff0000;\"><strong>\u2022<\/strong><\/span> <a href=\"http:\/\/www.jungschar.biz\/?page_id=1963\">Andachten und Bibelarbeiten<\/a><\/h5>\n<h5><span style=\"color: #ff0000;\"><strong>\u2039<\/strong><\/span> <a href=\"http:\/\/www.jungschar.biz\/?page_id=10\">zur\u00fcck zu <strong>Downloads<\/strong><\/a><\/h5>\n<h5><span style=\"color: #ff0000;\"><strong>\u2039<\/strong><\/span> <a href=\"http:\/\/www.jungschar.biz\/\">zur\u00fcck zur <strong>Startseite<\/strong><\/a><\/h5>\n","protected":false},"excerpt":{"rendered":"<p>Bibelarbeitsmaterial f\u00fcr Ritterlager 2021 (2027) \u2022 K\u00e4rtchen mit Lagerlied und -losung 2021 \u2022 Abraham (Bibelarbeitsreihe) \u2022 Abraham (Bibelarbeiten f\u00fcr die Jungschar) \u2022 Die Geschichte der V\u00e4ter Israels von Abraham bis Jakob \u2022 Biblische Geschichten aus dem gro\u00dfen Erz\u00e4hlbuch &#8212;-DIN A 4 &#8212;-DIN A 5 &#8211; Vorderseiten &#8212;-DIN A 5 &#8211; R\u00fcckseiten \u2022 Biblische Geschichten f\u00fcr [&hellip;]<\/p>\n","protected":false},"author":3,"featured_media":0,"parent":1991,"menu_order":4,"comment_status":"closed","ping_status":"closed","template":"","meta":{"ngg_post_thumbnail":0},"_links":{"self":[{"href":"http:\/\/www.jungschar.biz\/index.php?rest_route=\/wp\/v2\/pages\/4747"}],"collection":[{"href":"http:\/\/www.jungschar.biz\/index.php?rest_route=\/wp\/v2\/pages"}],"about":[{"href":"http:\/\/www.jungschar.biz\/index.php?rest_route=\/wp\/v2\/types\/page"}],"author":[{"embeddable":true,"href":"http:\/\/www.jungschar.biz\/index.php?rest_route=\/wp\/v2\/users\/3"}],"replies":[{"embeddable":true,"href":"http:\/\/www.jungschar.biz\/index.php?rest_route=%2Fwp%2Fv2%2Fcomments&post=4747"}],"version-history":[{"count":75,"href":"http:\/\/www.jungschar.biz\/index.php?rest_route=\/wp\/v2\/pages\/4747\/revisions"}],"predecessor-version":[{"id":9659,"href":"http:\/\/www.jungschar.biz\/index.php?rest_route=\/wp\/v2\/pages\/4747\/revisions\/9659"}],"up":[{"embeddable":true,"href":"http:\/\/www.jungschar.biz\/index.php?rest_route=\/wp\/v2\/pages\/1991"}],"wp:attachment":[{"href":"http:\/\/www.jungschar.biz\/index.php?rest_route=%2Fwp%2Fv2%2Fmedia&parent=4747"}],"curies":[{"name":"wp","href":"https:\/\/api.w.org\/{rel}","templated":true}]}}