{"id":4265,"date":"2011-06-07T17:15:11","date_gmt":"2011-06-07T16:15:11","guid":{"rendered":"http:\/\/www.jungschar.biz\/w\/?page_id=4265"},"modified":"2011-08-12T06:24:55","modified_gmt":"2011-08-12T05:24:55","slug":"%c2%bb-pfundige-150","status":"publish","type":"page","link":"http:\/\/www.jungschar.biz\/?page_id=4265","title":{"rendered":"\u00bb Pfundige 150"},"content":{"rendered":"<p>Buntes Spieleprogramm f\u00fcr die Jungschar zum 150j\u00e4hrigen Bestehen des CVJM-Westbundes.<br \/>\nEin Super-Spieleprogramm f\u00fcr kleine und gro\u00dfe Gruppen in kleinen und gro\u00dfen R\u00e4umen.<\/p>\n<p><span style=\"color: #ff0000;\">\u2022<\/span> <a href=\"http:\/\/www.jungschar.biz\/wp-content\/uploads\/Spielen\/Pfundige150\/Regeln.pdf\" target=\"_blank\">Spielregeln <\/a><br \/>\n<span style=\"color: #ff0000;\">\u2022<\/span> <a href=\"http:\/\/www.jungschar.biz\/wp-content\/uploads\/Spielen\/Pfundige150\/Geldscheine.pdf\" target=\"_blank\">Spielgeld <\/a><\/p>\n<p><span style=\"color: #ff0000;\">\u2022<\/span> <a href=\"http:\/\/www.jungschar.biz\/wp-content\/uploads\/Spielen\/Pfundige150\/Sport.pdf\" target=\"_blank\">Sport<\/a><br \/>\n<span style=\"color: #ff0000;\">\u2022<\/span> <a href=\"http:\/\/www.jungschar.biz\/wp-content\/uploads\/Spielen\/Pfundige150\/Allgemeinquiz.pdf\" target=\"_blank\">Allgemeinquiz<\/a><br \/>\n<span style=\"color: #ff0000;\">\u2022<\/span> <a href=\"http:\/\/www.jungschar.biz\/wp-content\/uploads\/Spielen\/Pfundige150\/Bibelquiz.pdf\" target=\"_blank\">Bibelquiz<\/a><br \/>\n<span style=\"color: #ff0000;\">\u2022<\/span> <a href=\"http:\/\/www.jungschar.biz\/wp-content\/uploads\/Spielen\/Pfundige150\/Tabu.pdf\" target=\"_blank\">Tabu<\/a><br \/>\n<span style=\"color: #ff0000;\">\u2022<\/span> <a href=\"http:\/\/www.jungschar.biz\/wp-content\/uploads\/Spielen\/Pfundige150\/kreativ.pdf\" target=\"_blank\">Kreativaufgaben<\/a><br \/>\n<span style=\"color: #ff0000;\">\u2022<\/span> <a href=\"http:\/\/www.jungschar.biz\/wp-content\/uploads\/Spielen\/Pfundige150\/Pantomime.pdf\" target=\"_blank\">Pantomime<\/a><br \/>\n<span style=\"color: #ff0000;\">\u2022<\/span> <a href=\"http:\/\/www.jungschar.biz\/wp-content\/uploads\/Spielen\/Pfundige150\/Malen.pdf\" target=\"_blank\">Montagsmaler<\/a><\/p>\n","protected":false},"excerpt":{"rendered":"<p>Buntes Spieleprogramm f\u00fcr die Jungschar zum 150j\u00e4hrigen Bestehen des CVJM-Westbundes. Ein Super-Spieleprogramm f\u00fcr kleine und gro\u00dfe Gruppen in kleinen und gro\u00dfen R\u00e4umen. \u2022 Spielregeln \u2022 Spielgeld \u2022 Sport \u2022 Allgemeinquiz \u2022 Bibelquiz \u2022 Tabu \u2022 Kreativaufgaben \u2022 Pantomime \u2022 Montagsmaler<\/p>\n","protected":false},"author":3,"featured_media":0,"parent":724,"menu_order":5,"comment_status":"closed","ping_status":"closed","template":"","meta":{"ngg_post_thumbnail":0},"_links":{"self":[{"href":"http:\/\/www.jungschar.biz\/index.php?rest_route=\/wp\/v2\/pages\/4265"}],"collection":[{"href":"http:\/\/www.jungschar.biz\/index.php?rest_route=\/wp\/v2\/pages"}],"about":[{"href":"http:\/\/www.jungschar.biz\/index.php?rest_route=\/wp\/v2\/types\/page"}],"author":[{"embeddable":true,"href":"http:\/\/www.jungschar.biz\/index.php?rest_route=\/wp\/v2\/users\/3"}],"replies":[{"embeddable":true,"href":"http:\/\/www.jungschar.biz\/index.php?rest_route=%2Fwp%2Fv2%2Fcomments&post=4265"}],"version-history":[{"count":13,"href":"http:\/\/www.jungschar.biz\/index.php?rest_route=\/wp\/v2\/pages\/4265\/revisions"}],"predecessor-version":[{"id":4548,"href":"http:\/\/www.jungschar.biz\/index.php?rest_route=\/wp\/v2\/pages\/4265\/revisions\/4548"}],"up":[{"embeddable":true,"href":"http:\/\/www.jungschar.biz\/index.php?rest_route=\/wp\/v2\/pages\/724"}],"wp:attachment":[{"href":"http:\/\/www.jungschar.biz\/index.php?rest_route=%2Fwp%2Fv2%2Fmedia&parent=4265"}],"curies":[{"name":"wp","href":"https:\/\/api.w.org\/{rel}","templated":true}]}}