{"id":4183,"date":"2011-04-17T18:05:15","date_gmt":"2011-04-17T17:05:15","guid":{"rendered":"http:\/\/www.jungschar.biz\/w\/?page_id=4183"},"modified":"2023-11-04T18:56:31","modified_gmt":"2023-11-04T17:56:31","slug":"ritterlager-2012","status":"publish","type":"page","link":"http:\/\/www.jungschar.biz\/?page_id=4183","title":{"rendered":"\u203a Bibelarbeitsreihe \u00bbJesus\u00ab"},"content":{"rendered":"<p><span style=\"color: #000080;\"><strong>Arbeitsmaterial f\u00fcr Bibelarbeitsreihe <span style=\"color: #ff0000;\">\u00bbDas Leben Jesu\u00ab<\/span><br \/>\n<\/strong><\/span><\/p>\n<p><span style=\"color: #000080;\">Diese Bibelarbeitsreihe gibt in 10 Lektionen einen \u00dcberblick \u00fcber das Erdenleben Jesu von der Geburt bis zur Himmelfahrt.<\/span><\/p>\n<p><span style=\"color: #000080;\">Es ist eine sehr gute M\u00f6glichkeit, das Spezialabzeichen \u00bbBibelkunde\u00ab zu erwerben.<br \/>\nDie Teilnehmer beantworten dazu die Fragen im Heft und f\u00fcllen die Testb\u00f6gen aus.<br \/>\n<\/span><\/p>\n<p><strong><span style=\"color: #ff0000;\">\u2022<\/span> <a href=\"http:\/\/www.jungschar.biz\/wp-content\/uploads\/JSBuendisch\/AndachtBA\/Jesus\/Das Leben Jesu (Bibelkurs).pdf\" target=\"_blank\" rel=\"noopener\" data-wplink-url-error=\"true\">Das Leben Jesu<\/a><\/strong> <span style=\"color: #666699;\">(Bibelkurs f\u00fcr Jungscharler &#8211; zusammengestellt und \u00fcberarbeitet von G. Reinschmidt)<\/span><\/p>\n<p><span style=\"color: #666699;\"><strong><span style=\"color: #ff0000;\">\u2022<\/span> <a href=\"http:\/\/www.jungschar.biz\/wp-content\/uploads\/JSBuendisch\/AndachtBA\/Jesus\/Das Leben Jesu (Leiterhandbuch).pdf\" target=\"_blank\" rel=\"noopener\" data-wplink-url-error=\"true\">Das Leben Jesu<\/a><\/strong> (Leiterhandbuch)<\/span><\/p>\n<p><span style=\"color: #666699;\"><strong><span style=\"color: #ff0000;\">\u2022<\/span> <a href=\"http:\/\/www.jungschar.biz\/wp-content\/uploads\/JSBuendisch\/AndachtBA\/Jesus\/Das Leben Jesu (Testboegen).pdf\" target=\"_blank\" rel=\"noopener\" data-wplink-url-error=\"true\">Das Leben Jesu<\/a><\/strong> (Pr\u00fcfungsaufgaben f\u00fcr Spezialabzeichen \u00bbBibelkunde\u00ab)<br \/>\n<\/span><\/p>\n<h5><span style=\"color: #c0c0c0;\">\u2013<\/span><\/h5>\n<h5><span style=\"color: #ff0000;\"><strong>\u2039<\/strong><\/span> <a href=\"http:\/\/www.jungschar.biz\/?page_id=4183\">nach oben<\/a><\/h5>\n<h5><span style=\"color: #ff0000;\"><strong>\u2039<\/strong><\/span> <a href=\"http:\/\/www.jungschar.biz\/?page_id=1991\">zur\u00fcck zu den<\/a> <span style=\"color: #ff0000;\">\u00bb<\/span> <a href=\"http:\/\/www.jungschar.biz\/?page_id=1991\">Ritterlagern<\/a><\/h5>\n<h5><span style=\"color: #ff0000;\"><strong>\u2039<\/strong><\/span> <a href=\"http:\/\/www.jungschar.biz\/?page_id=1963\">zur\u00fcck zu Downloads<\/a> <span style=\"color: #ff0000;\">\u2022<\/span> <a href=\"http:\/\/www.jungschar.biz\/?page_id=1963\">Andachten und Bibelarbeiten<\/a><\/h5>\n<h5><span style=\"color: #ff0000;\"><strong>\u2039<\/strong><\/span> <a href=\"http:\/\/www.jungschar.biz\/?page_id=10\">zur\u00fcck zu <strong>Downloads<\/strong><\/a><\/h5>\n<h5><span style=\"color: #ff0000;\"><strong>\u2039<\/strong><\/span> <a href=\"http:\/\/www.jungschar.biz\/\">zur\u00fcck zur <strong>Startseite<\/strong><\/a><\/h5>\n","protected":false},"excerpt":{"rendered":"<p>Arbeitsmaterial f\u00fcr Bibelarbeitsreihe \u00bbDas Leben Jesu\u00ab Diese Bibelarbeitsreihe gibt in 10 Lektionen einen \u00dcberblick \u00fcber das Erdenleben Jesu von der Geburt bis zur Himmelfahrt. Es ist eine sehr gute M\u00f6glichkeit, das Spezialabzeichen \u00bbBibelkunde\u00ab zu erwerben. Die Teilnehmer beantworten dazu die Fragen im Heft und f\u00fcllen die Testb\u00f6gen aus. \u2022 Das Leben Jesu (Bibelkurs f\u00fcr Jungscharler [&hellip;]<\/p>\n","protected":false},"author":3,"featured_media":0,"parent":1991,"menu_order":1,"comment_status":"closed","ping_status":"closed","template":"","meta":{"ngg_post_thumbnail":0},"_links":{"self":[{"href":"http:\/\/www.jungschar.biz\/index.php?rest_route=\/wp\/v2\/pages\/4183"}],"collection":[{"href":"http:\/\/www.jungschar.biz\/index.php?rest_route=\/wp\/v2\/pages"}],"about":[{"href":"http:\/\/www.jungschar.biz\/index.php?rest_route=\/wp\/v2\/types\/page"}],"author":[{"embeddable":true,"href":"http:\/\/www.jungschar.biz\/index.php?rest_route=\/wp\/v2\/users\/3"}],"replies":[{"embeddable":true,"href":"http:\/\/www.jungschar.biz\/index.php?rest_route=%2Fwp%2Fv2%2Fcomments&post=4183"}],"version-history":[{"count":52,"href":"http:\/\/www.jungschar.biz\/index.php?rest_route=\/wp\/v2\/pages\/4183\/revisions"}],"predecessor-version":[{"id":9700,"href":"http:\/\/www.jungschar.biz\/index.php?rest_route=\/wp\/v2\/pages\/4183\/revisions\/9700"}],"up":[{"embeddable":true,"href":"http:\/\/www.jungschar.biz\/index.php?rest_route=\/wp\/v2\/pages\/1991"}],"wp:attachment":[{"href":"http:\/\/www.jungschar.biz\/index.php?rest_route=%2Fwp%2Fv2%2Fmedia&parent=4183"}],"curies":[{"name":"wp","href":"https:\/\/api.w.org\/{rel}","templated":true}]}}