{"id":3792,"date":"2010-11-17T16:36:41","date_gmt":"2010-11-17T15:36:41","guid":{"rendered":"http:\/\/www.jungschar.biz\/w\/?page_id=3792"},"modified":"2017-05-15T14:30:50","modified_gmt":"2017-05-15T13:30:50","slug":"%e2%80%a2-prufungen","status":"publish","type":"page","link":"http:\/\/www.jungschar.biz\/?page_id=3792","title":{"rendered":"\u2022 Pr\u00fcfungen"},"content":{"rendered":"<p><strong><span style=\"color: #008000;\">Auf den folgenden Seiten gibt es Pr\u00fcfungen f\u00fcr Jungscharler.<\/span><\/strong><\/p>\n<p><strong><span style=\"color: #ff0000;\">\u2022<\/span> <\/strong><a href=\"http:\/\/www.jungschar.biz\/wp-content\/uploads\/Pruefungen\/Halstuchpruefungszettel-2015.pdf\" target=\"_blank\"><strong>Halstuchpr\u00fcfung<\/strong><\/a> <strong><span style=\"color: #008000;\">f\u00fcr Jungscharler<\/span><\/strong><\/p>\n<p><strong><span style=\"color: #ff0000;\">\u00bb<\/span> <\/strong><a href=\"http:\/\/www.jungschar.biz\/?page_id=628\"><strong>Sp\u00e4her- und Spezialpr\u00fcfungen<\/strong><\/a><strong> <span style=\"color: #008000;\">f\u00fcr Jungscharler<\/span><\/strong><\/p>\n<p><strong><span style=\"color: #ff0000;\">\u00bb<\/span> <span style=\"color: #008000;\">sonstige<\/span> <a href=\"http:\/\/www.jungschar.biz\/?page_id=1359\">Pr\u00fcfungen<\/a><br \/>\n<\/strong><\/p>\n<h5><span style=\"color: #c0c0c0;\">\u2013<\/span><\/h5>\n<h5><strong><span style=\"color: #ff0000;\">\u2039<\/span><\/strong> <a href=\"http:\/\/www.jungschar.biz\/?page_id=3792\">nach oben<\/a><\/h5>\n<h5><strong><span style=\"color: #ff0000;\">\u2039<\/span><\/strong> <a href=\"http:\/\/www.jungschar.biz\/?page_id=10\">zur\u00fcck zu <strong>Downloads<\/strong><\/a><\/h5>\n<h5><strong><span style=\"color: #ff0000;\">\u2039<\/span><\/strong> <a href=\"http:\/\/www.jungschar.biz\/\">zur\u00fcck zur <strong>Startseite<\/strong><\/a><\/h5>\n<h5><span style=\"background-color: #ffffff;\"><span style=\"color: #ffffff;\">\u2013<\/span><\/span><\/h5>\n","protected":false},"excerpt":{"rendered":"<p>Auf den folgenden Seiten gibt es Pr\u00fcfungen f\u00fcr Jungscharler. \u2022 Halstuchpr\u00fcfung f\u00fcr Jungscharler \u00bb Sp\u00e4her- und Spezialpr\u00fcfungen f\u00fcr Jungscharler \u00bb sonstige Pr\u00fcfungen \u2013 \u2039 nach oben \u2039 zur\u00fcck zu Downloads \u2039 zur\u00fcck zur Startseite \u2013<\/p>\n","protected":false},"author":3,"featured_media":0,"parent":10,"menu_order":9,"comment_status":"closed","ping_status":"closed","template":"","meta":{"ngg_post_thumbnail":0},"_links":{"self":[{"href":"http:\/\/www.jungschar.biz\/index.php?rest_route=\/wp\/v2\/pages\/3792"}],"collection":[{"href":"http:\/\/www.jungschar.biz\/index.php?rest_route=\/wp\/v2\/pages"}],"about":[{"href":"http:\/\/www.jungschar.biz\/index.php?rest_route=\/wp\/v2\/types\/page"}],"author":[{"embeddable":true,"href":"http:\/\/www.jungschar.biz\/index.php?rest_route=\/wp\/v2\/users\/3"}],"replies":[{"embeddable":true,"href":"http:\/\/www.jungschar.biz\/index.php?rest_route=%2Fwp%2Fv2%2Fcomments&post=3792"}],"version-history":[{"count":12,"href":"http:\/\/www.jungschar.biz\/index.php?rest_route=\/wp\/v2\/pages\/3792\/revisions"}],"predecessor-version":[{"id":3798,"href":"http:\/\/www.jungschar.biz\/index.php?rest_route=\/wp\/v2\/pages\/3792\/revisions\/3798"}],"up":[{"embeddable":true,"href":"http:\/\/www.jungschar.biz\/index.php?rest_route=\/wp\/v2\/pages\/10"}],"wp:attachment":[{"href":"http:\/\/www.jungschar.biz\/index.php?rest_route=%2Fwp%2Fv2%2Fmedia&parent=3792"}],"curies":[{"name":"wp","href":"https:\/\/api.w.org\/{rel}","templated":true}]}}