{"id":2308,"date":"2010-04-03T14:50:07","date_gmt":"2010-04-03T13:50:07","guid":{"rendered":"http:\/\/www.jungschar.biz\/w\/?page_id=2308"},"modified":"2023-01-02T12:25:57","modified_gmt":"2023-01-02T11:25:57","slug":"%c2%b7-naturbeobachtung","status":"publish","type":"page","link":"http:\/\/www.jungschar.biz\/?page_id=2308","title":{"rendered":"\u00b7 Naturbeobachtung"},"content":{"rendered":"<p><span style=\"color: #ff0000;\"><strong>\u2022<\/strong><\/span> <strong><a href=\"http:\/\/www.jungschar.biz\/wp-content\/uploads\/HFZ\/HB 4\/20 Natur HB IV.pdf\" target=\"_blank\">H\u00e4uptlingsbuch Naturbeobachtung<\/a><br \/>\n<\/strong><span style=\"color: #800000;\"><span style=\"color: #ffffff;\">&#8230;.<\/span>(Dieses Kapitel ist noch nicht im aktuellen H\u00e4uptlingsbuch enthalten.<br \/>\n<span style=\"color: #ffffff;\">&#8230;.<\/span>F\u00fcr R\u00fcckmeldungen ist der Autor dankbar.)<\/span><strong><br \/>\n<\/strong><\/p>\n<p><strong><span style=\"color: #ff0000;\">\u2022<\/span> <a href=\"http:\/\/www.jungschar.biz\/wp-content\/uploads\/HFZ\/Handzettel\/19-Handzettel-Natur-A4.pdf\" target=\"_blank\">Handzettel Naturbeobachtung <\/a><\/strong><\/p>\n<p><strong><span style=\"color: #ff0000;\">\u2022<\/span> <a href=\"http:\/\/www.jungschar.biz\/wp-content\/uploads\/HFZ\/Unterricht\/NA\/Spickzettel-Natur.pdf\" target=\"_blank\">Spickzettel Naturbeobachtung <\/a><\/strong> (K\u00e4rtchen zum Falten und Einlaminieren)<\/p>\n<h5><span style=\"color: #c0c0c0;\">\u2013<\/span><\/h5>\n<h5><span style=\"color: #ff0000;\"><strong>\u2039<\/strong><\/span> <a href=\"http:\/\/www.jungschar.biz\/?page_id=2308\">nach oben<\/a><\/h5>\n<h5><span style=\"color: #ff0000;\"><strong>\u2039<\/strong><\/span> <a href=\"http:\/\/www.jungschar.biz\/?page_id=2157\">zur\u00fcck zu Downloads<\/a> <span style=\"color: #ff0000;\">\u203a<\/span> <a href=\"http:\/\/www.jungschar.biz\/?page_id=2157\">Unterrichtsmaterial<\/a><\/h5>\n<h5><span style=\"color: #ff0000;\"><strong>\u2039<\/strong><\/span> <a href=\"http:\/\/www.jungschar.biz\/?page_id=2151\">zur\u00fcck zu Downloads<\/a> <span style=\"color: #ff0000;\">\u00bb<\/span><a href=\"http:\/\/www.jungschar.biz\/?page_id=2151\"> H\u00e4uptlingsfreizeit<\/a><\/h5>\n<h5><span style=\"color: #ff0000;\"><strong>\u2039<\/strong><\/span> <a href=\"http:\/\/www.jungschar.biz\/?page_id=120\">zur\u00fcck zu Downloads<\/a> <span style=\"color: #ff0000;\">\u2022<\/span> <a href=\"http:\/\/www.jungschar.biz\/?page_id=120\">CVJM-Jungschar b\u00fcndisch<\/a><\/h5>\n<h5><span style=\"color: #ff0000;\"><strong>\u2039<\/strong><\/span> <a href=\"http:\/\/www.jungschar.biz\/?page_id=10\">zur\u00fcck zu <strong>Downloads<\/strong><\/a><\/h5>\n<h5><span style=\"color: #ff0000;\"><strong>\u2039<\/strong><\/span> <a href=\"http:\/\/www.jungschar.biz\/\">zur\u00fcck zur <strong>Startseite<\/strong><\/a><\/h5>\n<h5><span style=\"color: #ffffff;\">\u2013<\/span><\/h5>\n","protected":false},"excerpt":{"rendered":"<p>\u2022 H\u00e4uptlingsbuch Naturbeobachtung &#8230;.(Dieses Kapitel ist noch nicht im aktuellen H\u00e4uptlingsbuch enthalten. &#8230;.F\u00fcr R\u00fcckmeldungen ist der Autor dankbar.) \u2022 Handzettel Naturbeobachtung \u2022 Spickzettel Naturbeobachtung (K\u00e4rtchen zum Falten und Einlaminieren) \u2013 \u2039 nach oben \u2039 zur\u00fcck zu Downloads \u203a Unterrichtsmaterial \u2039 zur\u00fcck zu Downloads \u00bb H\u00e4uptlingsfreizeit \u2039 zur\u00fcck zu Downloads \u2022 CVJM-Jungschar b\u00fcndisch \u2039 zur\u00fcck zu [&hellip;]<\/p>\n","protected":false},"author":3,"featured_media":0,"parent":2157,"menu_order":18,"comment_status":"closed","ping_status":"closed","template":"","meta":{"ngg_post_thumbnail":0},"_links":{"self":[{"href":"http:\/\/www.jungschar.biz\/index.php?rest_route=\/wp\/v2\/pages\/2308"}],"collection":[{"href":"http:\/\/www.jungschar.biz\/index.php?rest_route=\/wp\/v2\/pages"}],"about":[{"href":"http:\/\/www.jungschar.biz\/index.php?rest_route=\/wp\/v2\/types\/page"}],"author":[{"embeddable":true,"href":"http:\/\/www.jungschar.biz\/index.php?rest_route=\/wp\/v2\/users\/3"}],"replies":[{"embeddable":true,"href":"http:\/\/www.jungschar.biz\/index.php?rest_route=%2Fwp%2Fv2%2Fcomments&post=2308"}],"version-history":[{"count":19,"href":"http:\/\/www.jungschar.biz\/index.php?rest_route=\/wp\/v2\/pages\/2308\/revisions"}],"predecessor-version":[{"id":2314,"href":"http:\/\/www.jungschar.biz\/index.php?rest_route=\/wp\/v2\/pages\/2308\/revisions\/2314"}],"up":[{"embeddable":true,"href":"http:\/\/www.jungschar.biz\/index.php?rest_route=\/wp\/v2\/pages\/2157"}],"wp:attachment":[{"href":"http:\/\/www.jungschar.biz\/index.php?rest_route=%2Fwp%2Fv2%2Fmedia&parent=2308"}],"curies":[{"name":"wp","href":"https:\/\/api.w.org\/{rel}","templated":true}]}}