{"id":2233,"date":"2010-04-02T16:27:42","date_gmt":"2010-04-02T15:27:42","guid":{"rendered":"http:\/\/www.jungschar.biz\/w\/?page_id=2233"},"modified":"2013-08-28T14:20:56","modified_gmt":"2013-08-28T13:20:56","slug":"%c2%b7-heraldik","status":"publish","type":"page","link":"http:\/\/www.jungschar.biz\/?page_id=2233","title":{"rendered":"\u00b7 Heraldik"},"content":{"rendered":"<p><strong><span style=\"color: #008000;\">\u2022<\/span> <a href=\"http:\/\/www.jungschar.biz\/wp-content\/uploads\/HFZ\/HB 4\/13 HE HB IV.pdf\" target=\"_blank\">H\u00e4uptlingsbuch Heraldik <\/a><\/strong><\/p>\n<p><strong><span style=\"color: #ff0000;\">\u2022<\/span> <a href=\"http:\/\/www.jungschar.biz\/wp-content\/uploads\/HFZ\/Handzettel\/13-Handzettel-HE-A4.pdf\" target=\"_blank\">Handzettel Heraldik <\/a><\/strong><\/p>\n<p><strong><span style=\"color: #ff0000;\"><br \/>\n\u2022<\/span> <a href=\"http:\/\/www.jungschar.biz\/wp-content\/uploads\/HFZ\/Unterricht\/HE\/Ritter-von-Selbach.pdf\" target=\"_blank\">Ritter mit R\u00fcstung <\/a><\/strong> (f\u00fcr H\u00e4uptlingsbuch)<\/p>\n<p><strong><span style=\"color: #ff0000;\">\u2022<\/span> <a href=\"http:\/\/www.jungschar.biz\/wp-content\/uploads\/HFZ\/Unterricht\/HE\/Schilde-und-Helme.pdf\" target=\"_blank\">Schilde und Helme <\/a><\/strong> (f\u00fcr H\u00e4uptlingsbuch)<\/p>\n<p><strong><span style=\"color: #ff0000;\">\u2022<\/span> <a href=\"http:\/\/www.jungschar.biz\/wp-content\/uploads\/HFZ\/Unterricht\/HE\/Schildkonstruktionen.pdf\" target=\"_blank\">Schildkonstruktionen <\/a><\/strong> (f\u00fcr H\u00e4uptlingsbuch)<\/p>\n<p><strong><span style=\"color: #ff0000;\">\u2022<\/span> <a href=\"http:\/\/www.jungschar.biz\/wp-content\/uploads\/HFZ\/Unterricht\/HE\/Tinkturen.pdf\" target=\"_blank\">Tinkturen <\/a><\/strong> (f\u00fcr H\u00e4uptlingsbuch)<\/p>\n<p><strong><span style=\"color: #ff0000;\">\u2022<\/span> <a href=\"http:\/\/www.jungschar.biz\/wp-content\/uploads\/HFZ\/Unterricht\/HE\/Teilungen-und-Figuren.pdf\" target=\"_blank\">Teilungen und Figuren <\/a> <\/strong>(f\u00fcr H\u00e4uptlingsbuch)<\/p>\n<p><strong><span style=\"color: #ff0000;\">\u2022<\/span> <a href=\"http:\/\/www.jungschar.biz\/wp-content\/uploads\/HFZ\/Unterricht\/HE\/Wappenschablone.pdf\" target=\"_blank\">Wappenschablone <\/a><\/strong> (f\u00fcr H\u00e4uptlingsbuch)<\/p>\n<p><strong><span style=\"color: #ff0000;\">\u2022<\/span> <a href=\"http:\/\/www.jungschar.biz\/wp-content\/uploads\/HFZ\/Unterricht\/HE\/Vollstaendiges-Wappen-color.pdf\" target=\"_blank\">Vollst\u00e4ndiges Wappen <\/a><\/strong> (f\u00fcr H\u00e4uptlingsbuch)<\/p>\n<h5><span style=\"color: #c0c0c0;\">\u2013<\/span><\/h5>\n<p><span style=\"color: #008000;\"><strong>Interessante Links :<\/strong><\/span><\/p>\n<p><span style=\"color: #000000;\"><a href=\"http:\/\/www.dr-bernhard-peter.de\/Heraldik\/seite38.htm\" target=\"_blank\">Kunst und Kultur der Wappen <\/a><br \/>\n<a href=\"http:\/\/Heraldik-Wappen.de\" target=\"_blank\">Heraldik im Netz <\/a><\/span><\/p>\n<h5><span style=\"color: #c0c0c0;\">\u2013<\/span><\/h5>\n<h5><span style=\"color: #ff0000;\"><strong>\u2039<\/strong><\/span> <a href=\"http:\/\/www.jungschar.biz\/?page_id=2233\">nach oben<\/a><\/h5>\n<h5><span style=\"color: #ff0000;\"><strong>\u2039<\/strong><\/span> <a href=\"http:\/\/www.jungschar.biz\/?page_id=2157\">zur\u00fcck zu Downloads<\/a> <span style=\"color: #ff0000;\">\u203a<\/span> <a href=\"http:\/\/www.jungschar.biz\/?page_id=2157\">Unterrichtsmaterial<\/a><\/h5>\n<h5><span style=\"color: #ff0000;\"><strong>\u2039<\/strong><\/span> <a href=\"http:\/\/www.jungschar.biz\/?page_id=2151\">zur\u00fcck zu Downloads<\/a> <span style=\"color: #ff0000;\">\u00bb<\/span><span style=\"color: #ff0000;\"> <\/span><a href=\"http:\/\/www.jungschar.biz\/?page_id=2151\">H\u00e4uptlingsfreizeit<\/a><\/h5>\n<h5><span style=\"color: #ff0000;\"><strong>\u2039<\/strong><\/span> <a href=\"http:\/\/www.jungschar.biz\/?page_id=120\">zur\u00fcck zu Downloads<\/a> <span style=\"color: #ff0000;\">\u2022<\/span> <a href=\"http:\/\/www.jungschar.biz\/?page_id=120\">CVJM-Jungschar b\u00fcndisch<\/a><\/h5>\n<h5><span style=\"color: #ff0000;\"><strong>\u2039<\/strong><\/span> <a href=\"http:\/\/www.jungschar.biz\/?page_id=10\">zur\u00fcck zu <strong>Downloads<\/strong><\/a><\/h5>\n<h5><span style=\"color: #ff0000;\"><strong>\u2039<\/strong><\/span> <a href=\"http:\/\/www.jungschar.biz\/\">zur\u00fcck zur <strong>Startseite<\/strong><\/a><\/h5>\n<h5><span style=\"color: #ffffff;\">\u2013<\/span><\/h5>\n","protected":false},"excerpt":{"rendered":"<p>\u2022 H\u00e4uptlingsbuch Heraldik \u2022 Handzettel Heraldik \u2022 Ritter mit R\u00fcstung (f\u00fcr H\u00e4uptlingsbuch) \u2022 Schilde und Helme (f\u00fcr H\u00e4uptlingsbuch) \u2022 Schildkonstruktionen (f\u00fcr H\u00e4uptlingsbuch) \u2022 Tinkturen (f\u00fcr H\u00e4uptlingsbuch) \u2022 Teilungen und Figuren (f\u00fcr H\u00e4uptlingsbuch) \u2022 Wappenschablone (f\u00fcr H\u00e4uptlingsbuch) \u2022 Vollst\u00e4ndiges Wappen (f\u00fcr H\u00e4uptlingsbuch) \u2013 Interessante Links : Kunst und Kultur der Wappen Heraldik im Netz \u2013 \u2039 [&hellip;]<\/p>\n","protected":false},"author":3,"featured_media":0,"parent":2157,"menu_order":12,"comment_status":"closed","ping_status":"closed","template":"","meta":{"ngg_post_thumbnail":0},"_links":{"self":[{"href":"http:\/\/www.jungschar.biz\/index.php?rest_route=\/wp\/v2\/pages\/2233"}],"collection":[{"href":"http:\/\/www.jungschar.biz\/index.php?rest_route=\/wp\/v2\/pages"}],"about":[{"href":"http:\/\/www.jungschar.biz\/index.php?rest_route=\/wp\/v2\/types\/page"}],"author":[{"embeddable":true,"href":"http:\/\/www.jungschar.biz\/index.php?rest_route=\/wp\/v2\/users\/3"}],"replies":[{"embeddable":true,"href":"http:\/\/www.jungschar.biz\/index.php?rest_route=%2Fwp%2Fv2%2Fcomments&post=2233"}],"version-history":[{"count":44,"href":"http:\/\/www.jungschar.biz\/index.php?rest_route=\/wp\/v2\/pages\/2233\/revisions"}],"predecessor-version":[{"id":5783,"href":"http:\/\/www.jungschar.biz\/index.php?rest_route=\/wp\/v2\/pages\/2233\/revisions\/5783"}],"up":[{"embeddable":true,"href":"http:\/\/www.jungschar.biz\/index.php?rest_route=\/wp\/v2\/pages\/2157"}],"wp:attachment":[{"href":"http:\/\/www.jungschar.biz\/index.php?rest_route=%2Fwp%2Fv2%2Fmedia&parent=2233"}],"curies":[{"name":"wp","href":"https:\/\/api.w.org\/{rel}","templated":true}]}}