{"id":2225,"date":"2010-04-02T16:20:00","date_gmt":"2010-04-02T15:20:00","guid":{"rendered":"http:\/\/www.jungschar.biz\/w\/?page_id=2225"},"modified":"2013-08-28T14:20:04","modified_gmt":"2013-08-28T13:20:04","slug":"%c2%b7-karte-und-kompass","status":"publish","type":"page","link":"http:\/\/www.jungschar.biz\/?page_id=2225","title":{"rendered":"\u00b7 Karte und Kompass"},"content":{"rendered":"<p><strong><span style=\"color: #008000;\">\u2022<\/span> <a href=\"http:\/\/www.jungschar.biz\/wp-content\/uploads\/HFZ\/HB 4\/10 KK HB IV.pdf\" target=\"_blank\">H\u00e4uptlingsbuch Karte und Kompass <\/a><\/strong><\/p>\n<p><strong><span style=\"color: #ff0000;\">\u2022<\/span> <a href=\"http:\/\/www.jungschar.biz\/wp-content\/uploads\/HFZ\/Handzettel\/10-Handzettel-KK-A4.pdf\" target=\"_blank\">Handzettel Karte und Kompass <\/a><\/strong><\/p>\n<p><strong><span style=\"color: #ff0000;\"><br \/>\n\u2022<\/span> <a href=\"http:\/\/www.jungschar.biz\/wp-content\/uploads\/HFZ\/Unterricht\/KK\/Kompasse.pdf\" target=\"_blank\">Kompasse <\/a><\/strong> (f\u00fcr H\u00e4uptlingsbuch)<\/p>\n<p><strong><span style=\"color: #ff0000;\">\u2022<\/span> <a href=\"http:\/\/www.jungschar.biz\/wp-content\/uploads\/HFZ\/Unterricht\/KK\/Richtungswinkel.pdf\" target=\"_blank\">Richtungswinkel auf der Karte und in der Natur <\/a><\/strong> (f\u00fcr H\u00e4uptlingsbuch)<\/p>\n<p><strong><span style=\"color: #ff0000;\">\u2022<\/span> <a href=\"http:\/\/www.jungschar.biz\/wp-content\/uploads\/HFZ\/Unterricht\/KK\/Richtungen-bestimmen U.pdf\" target=\"_blank\">Richtungen auf der Karte\u00a0bestimmen <\/a><\/strong> (\u00dcbungen)<\/p>\n<p><strong><span style=\"color: #ff0000;\">\u2022<\/span> <a href=\"http:\/\/www.jungschar.biz\/wp-content\/uploads\/HFZ\/Unterricht\/KK\/einschneiden.pdf\" target=\"_blank\">Vorw\u00e4rts einschneiden <\/a><\/strong> (f\u00fcr H\u00e4uptlingsbuch)<\/p>\n<p><strong><span style=\"color: #ff0000;\">\u2022<\/span> <a href=\"http:\/\/www.jungschar.biz\/wp-content\/uploads\/HFZ\/Unterricht\/KK\/Vorwaerts-einschneiden U.pdf\" target=\"_blank\">Vorw\u00e4rts einschneiden <\/a><\/strong> (\u00dcbungen)<\/p>\n<p><strong><span style=\"color: #ff0000;\">\u2022<\/span> <a href=\"http:\/\/www.jungschar.biz\/wp-content\/uploads\/HFZ\/Unterricht\/KK\/einschneiden.pdf\" target=\"_blank\">R\u00fcckw\u00e4rts einschneiden <\/a><\/strong> (f\u00fcr H\u00e4uptlingsbuch)<\/p>\n<p><strong><span style=\"color: #ff0000;\">\u2022<\/span> <a href=\"http:\/\/www.jungschar.biz\/wp-content\/uploads\/HFZ\/Unterricht\/KK\/Rueckwaerts-einschneiden U.pdf\" target=\"_blank\">R\u00fcckw\u00e4rts einschneiden <\/a><\/strong> (\u00dcbungen)<\/p>\n<p><strong><span style=\"color: #ff0000;\">\u2022<\/span> <a href=\"http:\/\/www.jungschar.biz\/wp-content\/uploads\/HFZ\/Unterricht\/KK\/Planzeiger.pdf\" target=\"_blank\">Planzeiger <\/a><\/strong> (f\u00fcr H\u00e4uptlingsbuch)<\/p>\n<p><strong><span style=\"color: #ff0000;\">\u2022<\/span> <a href=\"..\/wp-content\/uploads\/HFZ\/Unterricht\/KK\/Planzeigerlayout.pdf\" target=\"_blank\">Planzeigerlayout <\/a><\/strong> (zum Ausschneiden)<\/p>\n<h5><span style=\"color: #c0c0c0;\">\u2013<\/span><\/h5>\n<h5><span style=\"color: #ff0000;\"><strong>\u2039<\/strong><\/span> <a href=\"http:\/\/www.jungschar.biz\/?page_id=2225\">nach oben<\/a><\/h5>\n<h5><span style=\"color: #ff0000;\"><strong>\u2039<\/strong><\/span> <a href=\"http:\/\/www.jungschar.biz\/?page_id=2157\">zur\u00fcck zu Downloads<\/a> <span style=\"color: #ff0000;\">\u203a<\/span> <a href=\"http:\/\/www.jungschar.biz\/?page_id=2157\">Unterrichtsmaterial<\/a><\/h5>\n<h5><span style=\"color: #ff0000;\"><strong>\u2039<\/strong><\/span> <a href=\"http:\/\/www.jungschar.biz\/?page_id=2151\">zur\u00fcck zu Downloads<\/a> <span style=\"color: #ff0000;\">\u00bb<\/span><a href=\"http:\/\/www.jungschar.biz\/?page_id=2151\"> H\u00e4uptlingsfreizeit<\/a><\/h5>\n<h5><span style=\"color: #ff0000;\"><strong>\u2039<\/strong><\/span> <a href=\"http:\/\/www.jungschar.biz\/?page_id=120\">zur\u00fcck zu Downloads<\/a> <span style=\"color: #ff0000;\">\u2022<\/span> <a href=\"http:\/\/www.jungschar.biz\/?page_id=120\">CVJM-Jungschar b\u00fcndisch<\/a><\/h5>\n<h5><span style=\"color: #ff0000;\"><strong>\u2039<\/strong><\/span> <a href=\"http:\/\/www.jungschar.biz\/?page_id=10\">zur\u00fcck zu <strong>Downloads<\/strong><\/a><\/h5>\n<h5><span style=\"color: #ff0000;\"><strong>\u2039<\/strong><\/span> <a href=\"http:\/\/www.jungschar.biz\/\">zur\u00fcck zur <strong>Startseite<\/strong><\/a><\/h5>\n<h5><span style=\"color: #ffffff;\">\u2013<\/span><\/h5>\n","protected":false},"excerpt":{"rendered":"<p>\u2022 H\u00e4uptlingsbuch Karte und Kompass \u2022 Handzettel Karte und Kompass \u2022 Kompasse (f\u00fcr H\u00e4uptlingsbuch) \u2022 Richtungswinkel auf der Karte und in der Natur (f\u00fcr H\u00e4uptlingsbuch) \u2022 Richtungen auf der Karte\u00a0bestimmen (\u00dcbungen) \u2022 Vorw\u00e4rts einschneiden (f\u00fcr H\u00e4uptlingsbuch) \u2022 Vorw\u00e4rts einschneiden (\u00dcbungen) \u2022 R\u00fcckw\u00e4rts einschneiden (f\u00fcr H\u00e4uptlingsbuch) \u2022 R\u00fcckw\u00e4rts einschneiden (\u00dcbungen) \u2022 Planzeiger (f\u00fcr H\u00e4uptlingsbuch) \u2022 Planzeigerlayout [&hellip;]<\/p>\n","protected":false},"author":3,"featured_media":0,"parent":2157,"menu_order":9,"comment_status":"closed","ping_status":"closed","template":"","meta":{"ngg_post_thumbnail":0},"_links":{"self":[{"href":"http:\/\/www.jungschar.biz\/index.php?rest_route=\/wp\/v2\/pages\/2225"}],"collection":[{"href":"http:\/\/www.jungschar.biz\/index.php?rest_route=\/wp\/v2\/pages"}],"about":[{"href":"http:\/\/www.jungschar.biz\/index.php?rest_route=\/wp\/v2\/types\/page"}],"author":[{"embeddable":true,"href":"http:\/\/www.jungschar.biz\/index.php?rest_route=\/wp\/v2\/users\/3"}],"replies":[{"embeddable":true,"href":"http:\/\/www.jungschar.biz\/index.php?rest_route=%2Fwp%2Fv2%2Fcomments&post=2225"}],"version-history":[{"count":38,"href":"http:\/\/www.jungschar.biz\/index.php?rest_route=\/wp\/v2\/pages\/2225\/revisions"}],"predecessor-version":[{"id":5780,"href":"http:\/\/www.jungschar.biz\/index.php?rest_route=\/wp\/v2\/pages\/2225\/revisions\/5780"}],"up":[{"embeddable":true,"href":"http:\/\/www.jungschar.biz\/index.php?rest_route=\/wp\/v2\/pages\/2157"}],"wp:attachment":[{"href":"http:\/\/www.jungschar.biz\/index.php?rest_route=%2Fwp%2Fv2%2Fmedia&parent=2225"}],"curies":[{"name":"wp","href":"https:\/\/api.w.org\/{rel}","templated":true}]}}