{"id":2151,"date":"2010-04-02T11:30:07","date_gmt":"2010-04-02T10:30:07","guid":{"rendered":"http:\/\/www.jungschar.biz\/w\/?page_id=2151"},"modified":"2022-09-08T13:18:25","modified_gmt":"2022-09-08T12:18:25","slug":"%c2%bb-hauptlingsfreizeit-2","status":"publish","type":"page","link":"http:\/\/www.jungschar.biz\/?page_id=2151","title":{"rendered":"\u00bb H\u00e4uptlingsfreizeit"},"content":{"rendered":"<p style=\"text-align: left;\"><strong>Ausschreibung <\/strong> <span style=\"color: #006600;\">zur H\u00e4uptlingsfreizeit.<\/span><span style=\"color: #c0c0c0;\"><span style=\"color: #c0c0c0;\"><br \/>\n<\/span><strong><span style=\"color: #c0c0c0;\">\u2013<\/span><br \/>\n<span style=\"color: #993300;\">Ein<\/span> <a href=\"http:\/\/www.jungschar.biz\/wp-content\/uploads\/HFZ\/Allgemein\/Brief-aus-der-Maedchen-HFZ.pdf\">Brief<\/a><span style=\"color: #993300;\"> aus der M\u00e4dchen-H\u00e4uptlingsfreizeit Lindenm\u00fchle.<\/span><br \/>\n<\/strong><strong><span style=\"color: #ff0000;\"><span style=\"color: #c0c0c0;\">\u2013<\/span><br \/>\n<\/span><span style=\"color: #008000;\"><strong><span style=\"color: #ff0000;\">\u2022 <a href=\"http:\/\/www.jungschar.biz\/wp-content\/uploads\/HFZ\/Allgemein\/Lexikon HFZ 2021-11-11.pdf\" target=\"_blank\">Lexikon zur H\u00e4uptlingsfreizeit<\/a><br \/>\n\u2022<\/span> <\/strong><a href=\"http:\/\/www.jungschar.biz\/?page_id=2157\"><strong><\/strong><\/a><strong><a href=\"http:\/\/www.jungschar.biz\/?page_id=2157\">Unterrichtsmaterial<strong><\/strong><\/a><\/strong><br \/>\n<span style=\"color: #ff0000;\">\u2022<\/span> <a href=\"http:\/\/www.jungschar.biz\/?page_id=8372\" target=\"_blank\">Bibelarbeitsmaterial<\/a><a href=\"http:\/\/www.jungschar.biz\/?page_id=2157\"><\/a><\/span><\/strong><\/span><\/p>\n<h5><span style=\"color: #c0c0c0;\">\u2013<\/span><\/h5>\n<h5><span style=\"color: #ff0000;\"><strong>\u2039<\/strong><\/span> <a href=\"http:\/\/www.jungschar.biz\/?page_id=2151\">nach oben<\/a><\/h5>\n<h5><span style=\"color: #ff0000;\"><strong>\u2039<\/strong><\/span> <a href=\"http:\/\/www.jungschar.biz\/?page_id=120\">zur\u00fcck <\/a><a href=\"http:\/\/www.jungschar.biz\/?page_id=120\">zu Downloads<\/a> <span style=\"color: #ff0000;\">\u2022<\/span> <a href=\"http:\/\/www.jungschar.biz\/?page_id=120\">CVJM-Jungschar b\u00fcndisch<\/a><\/h5>\n<h5><span style=\"color: #ff0000;\"><strong>\u2039<\/strong><\/span> <a href=\"http:\/\/www.jungschar.biz\/?page_id=10\">zur\u00fcck zu <strong>Downloads<\/strong><\/a><\/h5>\n<h5><span style=\"color: #ff0000;\"><strong>\u2039<\/strong><\/span> <a href=\"http:\/\/www.jungschar.biz\/\">zur\u00fcck zur <strong>Startseite<\/strong><\/a><\/h5>\n","protected":false},"excerpt":{"rendered":"<p>Ausschreibung zur H\u00e4uptlingsfreizeit. \u2013 Ein Brief aus der M\u00e4dchen-H\u00e4uptlingsfreizeit Lindenm\u00fchle. \u2013 \u2022 Lexikon zur H\u00e4uptlingsfreizeit \u2022 Unterrichtsmaterial \u2022 Bibelarbeitsmaterial \u2013 \u2039 nach oben \u2039 zur\u00fcck zu Downloads \u2022 CVJM-Jungschar b\u00fcndisch \u2039 zur\u00fcck zu Downloads \u2039 zur\u00fcck zur Startseite<\/p>\n","protected":false},"author":3,"featured_media":0,"parent":120,"menu_order":23,"comment_status":"closed","ping_status":"closed","template":"","meta":{"ngg_post_thumbnail":0},"_links":{"self":[{"href":"http:\/\/www.jungschar.biz\/index.php?rest_route=\/wp\/v2\/pages\/2151"}],"collection":[{"href":"http:\/\/www.jungschar.biz\/index.php?rest_route=\/wp\/v2\/pages"}],"about":[{"href":"http:\/\/www.jungschar.biz\/index.php?rest_route=\/wp\/v2\/types\/page"}],"author":[{"embeddable":true,"href":"http:\/\/www.jungschar.biz\/index.php?rest_route=\/wp\/v2\/users\/3"}],"replies":[{"embeddable":true,"href":"http:\/\/www.jungschar.biz\/index.php?rest_route=%2Fwp%2Fv2%2Fcomments&post=2151"}],"version-history":[{"count":32,"href":"http:\/\/www.jungschar.biz\/index.php?rest_route=\/wp\/v2\/pages\/2151\/revisions"}],"predecessor-version":[{"id":8806,"href":"http:\/\/www.jungschar.biz\/index.php?rest_route=\/wp\/v2\/pages\/2151\/revisions\/8806"}],"up":[{"embeddable":true,"href":"http:\/\/www.jungschar.biz\/index.php?rest_route=\/wp\/v2\/pages\/120"}],"wp:attachment":[{"href":"http:\/\/www.jungschar.biz\/index.php?rest_route=%2Fwp%2Fv2%2Fmedia&parent=2151"}],"curies":[{"name":"wp","href":"https:\/\/api.w.org\/{rel}","templated":true}]}}