{"id":1951,"date":"2010-03-25T14:31:11","date_gmt":"2010-03-25T13:31:11","guid":{"rendered":"http:\/\/www.jungschar.biz\/w\/?page_id=1951"},"modified":"2014-02-28T11:26:53","modified_gmt":"2014-02-28T10:26:53","slug":"%e2%80%a2-hauser","status":"publish","type":"page","link":"http:\/\/www.jungschar.biz\/?page_id=1951","title":{"rendered":"\u2022 H\u00e4user, Zeltpl\u00e4tze, &#8230;"},"content":{"rendered":"<div><strong><span style=\"color: #333399;\">Verweise auf H\u00e4user, Zeltpl\u00e4tze, &#8230;<\/span><\/strong><\/div>\n<h5><span style=\"color: #ff0000;\">Du wei\u00dft noch ein sch\u00f6nes Freizeitheim oder einen sch\u00f6nen Zeltplatz?<br \/>\n<\/span><span style=\"color: #ff0000;\">Dann schicke mir eine <\/span><span style=\"color: #ff0000;\"><a href=\"mailto:gero@jungschar.biz\">Mail<\/a><\/span><span style=\"color: #ff0000;\"> mit den erforderlichen Angaben!<\/span><\/h5>\n<h5><span style=\"color: #ff0000;\"><span style=\"color: #ffffff;\">\u2013<\/span><br \/>\n<\/span><\/h5>\n<p><iframe loading=\"lazy\" width=\"700\" height=\"400\" frameborder=\"0\" scrolling=\"no\" marginheight=\"0\" marginwidth=\"0\" src=\"https:\/\/maps.google.com\/maps\/ms?hl=de&amp;ptab=2&amp;ie=UTF8&amp;oe=UTF8&amp;msa=0&amp;msid=215571165908058095724.000462f1bcc0b9b7cae53&amp;t=m&amp;ll=49.482401,9.700928&amp;spn=3.083587,7.327881&amp;output=embed\"><\/iframe><br \/>\n<a href=\"https:\/\/maps.google.com\/maps\/ms?hl=de&amp;ptab=2&amp;ie=UTF8&amp;oe=UTF8&amp;msa=0&amp;msid=215571165908058095724.000462f1bcc0b9b7cae53&amp;t=m&amp;ll=49.482401,9.700928&amp;spn=3.083587,7.327881&amp;\n\n<span style=\"color: #ff0000;\"><span style=\"font-size: small;\">(Karte mit H\u00e4usern, Zeltpl\u00e4tzen, &#8230; in Google \u00f6ffnen!)<\/span><\/span><strong><br \/>\n<\/strong><\/p>\n<p><strong><span style=\"color: #008000;\">\n<table id=\"wp-table-reloaded-id-31-no-1\" class=\"wp-table-reloaded wp-table-reloaded-id-31\">\n<thead>\n\t<tr class=\"row-1 odd\">\n\t\t<th class=\"column-1\">Ziel<\/th><th class=\"column-2\">Plz<\/th><th class=\"column-3\">Ort<\/th><th class=\"column-4\">Link<\/th><th class=\"column-5\">Kontakt<\/th>\n\t<\/tr>\n<\/thead>\n<tbody class=\"row-hover\">\n\t<tr class=\"row-2 even\">\n\t\t<td class=\"column-1\"><\/td><td class=\"column-2\"><\/td><td class=\"column-3\"><\/td><td class=\"column-4\"><\/td><td class=\"column-5\"><\/td>\n\t<\/tr>\n\t<tr class=\"row-3 odd\">\n\t\t<td class=\"column-1\"><font color=#CC2200> ********** allgemein **********<\/td><td class=\"column-2\"><\/td><td class=\"column-3\"><\/td><td class=\"column-4\"><\/td><td class=\"column-5\"><\/td>\n\t<\/tr>\n\t<tr class=\"row-4 even\">\n\t\t<td class=\"column-1\">Gruppenunterk\u00fcnfte<\/td><td class=\"column-2\"><\/td><td class=\"column-3\"><\/td><td class=\"column-4\"><a class=\"liexternal\"  href=\"http:\/\/www.gruppenunterkuenfte.de\/\"target=\"_blank\">\u2022 <\/a><\/td><td class=\"column-5\"><\/td>\n\t<\/tr>\n\t<tr class=\"row-5 odd\">\n\t\t<td class=\"column-1\"><\/td><td class=\"column-2\"><\/td><td class=\"column-3\"><\/td><td class=\"column-4\"><\/td><td class=\"column-5\"><\/td>\n\t<\/tr>\n\t<tr class=\"row-6 even\">\n\t\t<td class=\"column-1\"><font color=#228800> ********** Siegerland und Umgebung **********<\/td><td class=\"column-2\"><\/td><td class=\"column-3\"><\/td><td class=\"column-4\"><\/td><td class=\"column-5\"><\/td>\n\t<\/tr>\n\t<tr class=\"row-7 odd\">\n\t\t<td class=\"column-1\">CVJM-Jugendbildungsst\u00e4tte KV Siegerland<\/td><td class=\"column-2\">57234<\/td><td class=\"column-3\">Wilgersdorf<\/td><td class=\"column-4\"><a class=\"liexternal\"  href=\"http:\/\/www.cvjm-siegerland.de\/website\/de\/jbs\"target=\"_blank\">\u2022 <\/a><\/td><td class=\"column-5\"><a class=\"limailto\" href=\"mailto:info@cvjm-jugendbildungsstaette.de\">\u2022<\/a><\/td>\n\t<\/tr>\n\t<tr class=\"row-8 even\">\n\t\t<td class=\"column-1\">Hainer Landheim<\/td><td class=\"column-2\">57237<\/td><td class=\"column-3\">Wilgersdorf<\/td><td class=\"column-4\"><a class=\"liexternal\"  href=\"http:\/\/www.hainer-landheim.de\/\"target=\"_blank\">\u2022 <\/a><\/td><td class=\"column-5\"><\/td>\n\t<\/tr>\n\t<tr class=\"row-9 odd\">\n\t\t<td class=\"column-1\">Theodor-Noa-Haus<\/td><td class=\"column-2\">57234<\/td><td class=\"column-3\">Wilgersdorf<\/td><td class=\"column-4\"><a class=\"liexternal\"  href=\"http:\/\/www.cvjm-siegerland.de\/website\/de\/jbs\/theodor_noa_haus\"target=\"_blank\">\u2022 <\/a><\/td><td class=\"column-5\"><a class=\"limailto\" href=\"mailto:info@cvjm-jugendbildungsstaette.de\">\u2022<\/a><\/td>\n\t<\/tr>\n\t<tr class=\"row-10 even\">\n\t\t<td class=\"column-1\">CVJM-Haus Fahlenscheid<\/td><td class=\"column-2\">57462<\/td><td class=\"column-3\">Olpe<\/td><td class=\"column-4\"><a class=\"liexternal\"  href=\"http:\/\/www.cvjm-siegerland.de\/website\/de\/jbs\/cvjm_haus_fahlenscheid\"target=\"_blank\">\u2022 <\/a><\/td><td class=\"column-5\"><a class=\"limailto\" href=\"mailto:info@cvjm-jugendbildungsstaette.de\">\u2022<\/a><\/td>\n\t<\/tr>\n\t<tr class=\"row-11 odd\">\n\t\t<td class=\"column-1\">Haus Lebensquell<\/td><td class=\"column-2\">57334<\/td><td class=\"column-3\">Bernshausen<\/td><td class=\"column-4\"><a class=\"liexternal\"  href=\"http:\/\/www.haus-lebensquell.org\/\"target=\"_blank\">\u2022 <\/a><\/td><td class=\"column-5\"><a class=\"limailto\" href=\"mailto:ulrichhoffmann1@gmx.de\">\u2022<\/a><\/td>\n\t<\/tr>\n\t<tr class=\"row-12 even\">\n\t\t<td class=\"column-1\"><\/td><td class=\"column-2\"><\/td><td class=\"column-3\"><\/td><td class=\"column-4\"><\/td><td class=\"column-5\"><\/td>\n\t<\/tr>\n\t<tr class=\"row-13 odd\">\n\t\t<td class=\"column-1\"><font color=#0022CC> ********** Richtung Norden **********<\/td><td class=\"column-2\"><\/td><td class=\"column-3\"><\/td><td class=\"column-4\"><\/td><td class=\"column-5\"><\/td>\n\t<\/tr>\n\t<tr class=\"row-14 even\">\n\t\t<td class=\"column-1\"><\/td><td class=\"column-2\"><\/td><td class=\"column-3\"><\/td><td class=\"column-4\"><\/td><td class=\"column-5\"><\/td>\n\t<\/tr>\n\t<tr class=\"row-15 odd\">\n\t\t<td class=\"column-1\">CVJM-Waldheim H\u00e4ger<\/td><td class=\"column-2\">33824<\/td><td class=\"column-3\">Werther (Westf.)<\/td><td class=\"column-4\"><a class=\"liexternal\"  href=\"http:\/\/www.cvjm-waldheim.de\/cms\/wb2\/\"target=\"_blank\">\u2022 <\/a><\/td><td class=\"column-5\"><a class=\"liexternal\" href=\"http:\/\/www.cvjm-waldheim.de\/cms\/wb2\/pages\/kontakt\/online-formular.php\"target=\"_blank\">\u2022 <\/a><\/td>\n\t<\/tr>\n\t<tr class=\"row-16 even\">\n\t\t<td class=\"column-1\"><\/td><td class=\"column-2\"><\/td><td class=\"column-3\"><\/td><td class=\"column-4\"><\/td><td class=\"column-5\"><\/td>\n\t<\/tr>\n\t<tr class=\"row-17 odd\">\n\t\t<td class=\"column-1\"><\/td><td class=\"column-2\"><\/td><td class=\"column-3\"><\/td><td class=\"column-4\"><\/td><td class=\"column-5\"><\/td>\n\t<\/tr>\n\t<tr class=\"row-18 even\">\n\t\t<td class=\"column-1\"><font color=#CC9900> ********** Richtung S\u00fcden **********<\/td><td class=\"column-2\"><\/td><td class=\"column-3\"><\/td><td class=\"column-4\"><\/td><td class=\"column-5\"><\/td>\n\t<\/tr>\n\t<tr class=\"row-19 odd\">\n\t\t<td class=\"column-1\">CVJM-Freizeitheim Lindenm\u00fchle<\/td><td class=\"column-2\">56368<\/td><td class=\"column-3\">Ergeshausen<\/td><td class=\"column-4\"><a class=\"liexternal\"  href=\"http:\/\/lindenmuehle.cvjm-rhein-lahn.de\/\"target=\"_blank\">\u2022 <\/a><\/td><td class=\"column-5\"><a class=\"limailto\" href=\"mailto:lindenmuehle@cvjm-rhein-lahn.de\">\u2022<\/a><\/td>\n\t<\/tr>\n\t<tr class=\"row-20 even\">\n\t\t<td class=\"column-1\"><\/td><td class=\"column-2\"><\/td><td class=\"column-3\"><\/td><td class=\"column-4\"><\/td><td class=\"column-5\"><\/td>\n\t<\/tr>\n\t<tr class=\"row-21 odd\">\n\t\t<td class=\"column-1\"><font color=#990077> ********** Richtung Osten **********<\/td><td class=\"column-2\"><\/td><td class=\"column-3\"><\/td><td class=\"column-4\"><\/td><td class=\"column-5\"><\/td>\n\t<\/tr>\n\t<tr class=\"row-22 even\">\n\t\t<td class=\"column-1\"><\/td><td class=\"column-2\"><\/td><td class=\"column-3\"><\/td><td class=\"column-4\"><\/td><td class=\"column-5\"><\/td>\n\t<\/tr>\n\t<tr class=\"row-23 odd\">\n\t\t<td class=\"column-1\">CVJM Feriendorf Herbstein e.V.<\/td><td class=\"column-2\">36358<\/td><td class=\"column-3\">Herbstein<\/td><td class=\"column-4\"><a class=\"liexternal\"  href=\"http:\/\/cvjm-feriendorf.de\/\"target=\"_blank\">\u2022 <\/td><td class=\"column-5\"><a class=\"limailto\" href=\"mailto:info@cvjm-feriendorf.de\">\u2022<\/a><\/td>\n\t<\/tr>\n\t<tr class=\"row-24 even\">\n\t\t<td class=\"column-1\">CVJM-Camp Storkower See<\/td><td class=\"column-2\">15859<\/td><td class=\"column-3\">Storkow\/Mark<\/td><td class=\"column-4\"><a class=\"liexternal\"  href=\"http:\/\/cvjm-camp.de\/\"target=\"_blank\">\u2022 <\/td><td class=\"column-5\"><\/td>\n\t<\/tr>\n<\/tbody>\n<\/table>\n<\/span><\/strong><\/p>\n<h5><span style=\"color: #ffffff;\">\u2013<\/span><\/h5>\n<h5><span style=\"color: #c0c0c0;\">\u2013<\/span><\/h5>\n<h5><span style=\"color: #ff0000;\">\u2039<\/span> <a href=\"http:\/\/www.jungschar.biz\/?page_id=1951\">nach oben<\/a><\/h5>\n<h5><span style=\"color: #ff0000;\">\u2039<\/span> <a href=\"http:\/\/www.jungschar.biz\/?page_id=16\">zur\u00fcck zu Links<\/a><\/h5>\n<h5><span style=\"color: #ff0000;\">\u2039<\/span> <a href=\"http:\/\/www.jungschar.biz\/\">zur\u00fcck zur Startseite<\/a><\/h5>\n","protected":false},"excerpt":{"rendered":"<p>Verweise auf H\u00e4user, Zeltpl\u00e4tze, &#8230; Du wei\u00dft noch ein sch\u00f6nes Freizeitheim oder einen sch\u00f6nen Zeltplatz? Dann schicke mir eine Mail mit den erforderlichen Angaben! \u2013<\/p>\n","protected":false},"author":3,"featured_media":0,"parent":16,"menu_order":7,"comment_status":"closed","ping_status":"closed","template":"","meta":{"ngg_post_thumbnail":0},"_links":{"self":[{"href":"http:\/\/www.jungschar.biz\/index.php?rest_route=\/wp\/v2\/pages\/1951"}],"collection":[{"href":"http:\/\/www.jungschar.biz\/index.php?rest_route=\/wp\/v2\/pages"}],"about":[{"href":"http:\/\/www.jungschar.biz\/index.php?rest_route=\/wp\/v2\/types\/page"}],"author":[{"embeddable":true,"href":"http:\/\/www.jungschar.biz\/index.php?rest_route=\/wp\/v2\/users\/3"}],"replies":[{"embeddable":true,"href":"http:\/\/www.jungschar.biz\/index.php?rest_route=%2Fwp%2Fv2%2Fcomments&post=1951"}],"version-history":[{"count":61,"href":"http:\/\/www.jungschar.biz\/index.php?rest_route=\/wp\/v2\/pages\/1951\/revisions"}],"predecessor-version":[{"id":5943,"href":"http:\/\/www.jungschar.biz\/index.php?rest_route=\/wp\/v2\/pages\/1951\/revisions\/5943"}],"up":[{"embeddable":true,"href":"http:\/\/www.jungschar.biz\/index.php?rest_route=\/wp\/v2\/pages\/16"}],"wp:attachment":[{"href":"http:\/\/www.jungschar.biz\/index.php?rest_route=%2Fwp%2Fv2%2Fmedia&parent=1951"}],"curies":[{"name":"wp","href":"https:\/\/api.w.org\/{rel}","templated":true}]}}