{"id":14,"date":"2010-02-05T21:53:45","date_gmt":"2010-02-05T20:53:45","guid":{"rendered":"http:\/\/www.jungschar.biz\/w\/?page_id=14"},"modified":"2016-01-18T11:25:57","modified_gmt":"2016-01-18T10:25:57","slug":"gastebuch","status":"publish","type":"page","link":"http:\/\/www.jungschar.biz\/?page_id=14","title":{"rendered":"G\u00e4stebuch"},"content":{"rendered":"<h5><span style=\"color: #007700;\">Bitte hinterlasse hier einen netten Gru\u00df!<\/span><\/h5>\n<h5><span style=\"color: #ff0000;\">Auf deine Meinung, Ideen, Verbesserungsvorschl\u00e4ge, konstruktive Kritik usw. bin ich gespannt!<\/span><\/h5>\n<h5><span style=\"color: #007700;\">Vielleicht m\u00f6chtest du jemand anderem hier eine Nachricht hinterlassen &#8211; tu dir keinen Zwang an.<\/span><\/h5>\n<h4><span style=\"color: #c0c0c0;\">\u2013<\/span><\/h4>\n<h5><span style=\"color: #ff0000;\"><strong>\u2039<\/strong><\/span> <a href=\"http:\/\/www.jungschar.biz\">zur\u00fcck zur <strong>Startseite<\/strong><\/a><\/h5>\n<h5><span style=\"color: #ffffff;\">\u2013<\/span><\/h5>\n","protected":false},"excerpt":{"rendered":"<p>Bitte hinterlasse hier einen netten Gru\u00df! Auf deine Meinung, Ideen, Verbesserungsvorschl\u00e4ge, konstruktive Kritik usw. bin ich gespannt! Vielleicht m\u00f6chtest du jemand anderem hier eine Nachricht hinterlassen &#8211; tu dir keinen Zwang an. \u2013 \u2039 zur\u00fcck zur Startseite \u2013<\/p>\n","protected":false},"author":3,"featured_media":0,"parent":0,"menu_order":7,"comment_status":"closed","ping_status":"closed","template":"","meta":{"ngg_post_thumbnail":0},"_links":{"self":[{"href":"http:\/\/www.jungschar.biz\/index.php?rest_route=\/wp\/v2\/pages\/14"}],"collection":[{"href":"http:\/\/www.jungschar.biz\/index.php?rest_route=\/wp\/v2\/pages"}],"about":[{"href":"http:\/\/www.jungschar.biz\/index.php?rest_route=\/wp\/v2\/types\/page"}],"author":[{"embeddable":true,"href":"http:\/\/www.jungschar.biz\/index.php?rest_route=\/wp\/v2\/users\/3"}],"replies":[{"embeddable":true,"href":"http:\/\/www.jungschar.biz\/index.php?rest_route=%2Fwp%2Fv2%2Fcomments&post=14"}],"version-history":[{"count":17,"href":"http:\/\/www.jungschar.biz\/index.php?rest_route=\/wp\/v2\/pages\/14\/revisions"}],"predecessor-version":[{"id":206,"href":"http:\/\/www.jungschar.biz\/index.php?rest_route=\/wp\/v2\/pages\/14\/revisions\/206"}],"wp:attachment":[{"href":"http:\/\/www.jungschar.biz\/index.php?rest_route=%2Fwp%2Fv2%2Fmedia&parent=14"}],"curies":[{"name":"wp","href":"https:\/\/api.w.org\/{rel}","templated":true}]}}